{"id":9643,"date":"2025-12-30T22:23:48","date_gmt":"2025-12-30T19:23:48","guid":{"rendered":"https:\/\/jesseracing.com\/?page_id=9643"},"modified":"2026-04-19T20:45:38","modified_gmt":"2026-04-19T17:45:38","slug":"karting-harjoitus-auto-2026","status":"publish","type":"page","link":"https:\/\/jesseracing.com\/?page_id=9643","title":{"rendered":"Karting harjoitus-auto 2026"},"content":{"rendered":"\n<figure class=\"wp-block-image size-full\"><img loading=\"lazy\" decoding=\"async\" width=\"800\" height=\"505\" src=\"https:\/\/jesseracing.com\/wp-content\/uploads\/2026\/04\/kartingauto2026-BirelART.png\" alt=\"\" class=\"wp-image-10047\" srcset=\"https:\/\/jesseracing.com\/wp-content\/uploads\/2026\/04\/kartingauto2026-BirelART.png 800w, https:\/\/jesseracing.com\/wp-content\/uploads\/2026\/04\/kartingauto2026-BirelART-300x189.png 300w, https:\/\/jesseracing.com\/wp-content\/uploads\/2026\/04\/kartingauto2026-BirelART-768x485.png 768w\" sizes=\"auto, (max-width: 800px) 100vw, 800px\" \/><\/figure>\n\n\n\n<p>Rungon tarkat tiedot <a href=\"https:\/\/www.birelart.com\/product-birelart\/ok_2\" target=\"_blank\" rel=\"noreferrer noopener\">t\u00e4st\u00e4<\/a><\/p>\n\n\n\n<ul class=\"wp-block-list\">\n<li><em><strong>Runko:<\/strong> <\/em>Birel ART &#8211; RY30-S19 DD<\/li>\n\n\n\n<li><em><strong>Moottori:<\/strong> <\/em>X30-Senior \/ OK-N<\/li>\n\n\n\n<li><em><strong>Iskutilavuus:<\/strong> 125cc<\/em><\/li>\n\n\n\n<li><em><strong>Teho:<\/strong> n. 30hv<\/em> &#8211; 35hv<\/li>\n\n\n\n<li><strong>V\u00e4\u00e4nt\u00f6:<\/strong> n. 19,5nm<\/li>\n\n\n\n<li><em><strong>Maksimi nopeus:<\/strong> n.110-135km\/h (riippuen radasta ja siihen sopivista v\u00e4lityksist\u00e4)<\/em><\/li>\n\n\n\n<li><em><strong>Kaasutin:<\/strong> <\/em>Tillotson HW-27A \/ HW-49A D.24<\/li>\n\n\n\n<li><em><strong>Polttoaine<\/strong>: 98E<\/em>&nbsp;+ (WLADOIL K 2T \/ ELF HTX 909 \u00d6LJY)<\/li>\n\n\n\n<li><strong>J\u00e4\u00e4hdytys:<\/strong> Vesij\u00e4\u00e4hdytys<\/li>\n\n\n\n<li><em><strong>Max. kierrosluku<\/strong>: n.15-16000 r\/min<\/em><\/li>\n\n\n\n<li><em><strong>K\u00e4ynnistys:<\/strong> Nappistartti<\/em> \/ ty\u00f6nt\u00e4m\u00e4ll\u00e4<\/li>\n\n\n\n<li><em><strong>Sytytystulppa:<\/strong> NGK BR9\/10EIX IRIDIUM<\/em> \/ <em>NGK 7282<\/em><\/li>\n\n\n\n<li><em><strong>Paino:<\/strong> Minimipaino kilpailuissa kuljettajan kanssa 165kg<\/em> \/ 153kg<\/li>\n\n\n\n<li><em><strong>Renkaat:<\/strong> KOMET K3M (SLIKSIT) \/ KOMET K3W (SADEKELI)&nbsp;<\/em>\/ <em>Vega XH 4 Option (SLIKSIT) \/ Vega W6 (SADEKELI)&nbsp;<\/em><\/li>\n\n\n\n<li><em><strong>Rungon pituus:<\/strong> 1030mm (akselin v\u00e4li)<\/em>, 1950mm<\/li>\n\n\n\n<li><strong>Rungon leveys:<\/strong> 1350 &#8211; 1400mm<\/li>\n\n\n\n<li><em><strong>Jarrut:<\/strong> <em><em><em>Hydraulic <\/em><\/em> (TAKANA)<\/em><\/em><\/li>\n\n\n\n<li><em><strong>Mittaristo:<\/strong> Unigo 7006<\/em>\n<ul class=\"wp-block-list\">\n<li><strong><u>N\u00e4ytt\u00e4\u00e4 moottorin:<\/u><\/strong><\/li>\n\n\n\n<li><em>max\/min kierrosluvut<\/em><\/li>\n\n\n\n<li><em>kierros ajan<\/em><\/li>\n\n\n\n<li><em>moottorin max\/min pakol\u00e4mp\u00f6tilan<\/em><\/li>\n\n\n\n<li><em>Veden l\u00e4mp\u00f6tilan<\/em><\/li>\n\n\n\n<li><em>Ajonopeuden<\/em><\/li>\n\n\n\n<li>ym.<\/li>\n<\/ul>\n<\/li>\n\n\n\n<li><strong>Kamera:<\/strong>\n<ul class=\"wp-block-list\">\n<li>GoPro 12 Hero Black <em>(4K &#8211; 120fps &#8211; HyperSmooth)<\/em><\/li>\n\n\n\n<li><a href=\"https:\/\/jesseracing.com\/wp-content\/uploads\/2025\/10\/GoPro-MAX2-True-8K-360-Action-Camera.pdf\" target=\"_blank\" rel=\"noreferrer noopener\"><mark style=\"background-color:rgba(0, 0, 0, 0)\" class=\"has-inline-color has-vivid-cyan-blue-color\">GoPro HERO MAX 2<\/mark><\/a> (8K &#8211; 360 &#8211; 60fps) <a href=\"https:\/\/jesseracing.com\/wp-content\/uploads\/2025\/10\/MAX2-Specs.pdf\" target=\"_blank\" rel=\"noreferrer noopener\"><mark style=\"background-color:rgba(0, 0, 0, 0)\" class=\"has-inline-color has-vivid-cyan-blue-color\">tekniset tiedot<\/mark><\/a><\/li>\n<\/ul>\n<\/li>\n<\/ul>\n","protected":false},"excerpt":{"rendered":"<p>Rungon tarkat tiedot t\u00e4st\u00e4<\/p>\n","protected":false},"author":1,"featured_media":0,"parent":0,"menu_order":0,"comment_status":"closed","ping_status":"closed","template":"","meta":{"footnotes":""},"class_list":["post-9643","page","type-page","status-publish","hentry","small-justify-block","no-thumb"],"_links":{"self":[{"href":"https:\/\/jesseracing.com\/index.php?rest_route=\/wp\/v2\/pages\/9643","targetHints":{"allow":["GET"]}}],"collection":[{"href":"https:\/\/jesseracing.com\/index.php?rest_route=\/wp\/v2\/pages"}],"about":[{"href":"https:\/\/jesseracing.com\/index.php?rest_route=\/wp\/v2\/types\/page"}],"author":[{"embeddable":true,"href":"https:\/\/jesseracing.com\/index.php?rest_route=\/wp\/v2\/users\/1"}],"replies":[{"embeddable":true,"href":"https:\/\/jesseracing.com\/index.php?rest_route=%2Fwp%2Fv2%2Fcomments&post=9643"}],"version-history":[{"count":2,"href":"https:\/\/jesseracing.com\/index.php?rest_route=\/wp\/v2\/pages\/9643\/revisions"}],"predecessor-version":[{"id":10048,"href":"https:\/\/jesseracing.com\/index.php?rest_route=\/wp\/v2\/pages\/9643\/revisions\/10048"}],"wp:attachment":[{"href":"https:\/\/jesseracing.com\/index.php?rest_route=%2Fwp%2Fv2%2Fmedia&parent=9643"}],"curies":[{"name":"wp","href":"https:\/\/api.w.org\/{rel}","templated":true}]}}