{"id":9465,"date":"2025-10-11T12:49:40","date_gmt":"2025-10-11T09:49:40","guid":{"rendered":"https:\/\/jesseracing.com\/?page_id=9465"},"modified":"2026-05-01T18:31:30","modified_gmt":"2026-05-01T15:31:30","slug":"kilpailukalenteri-2026","status":"publish","type":"page","link":"https:\/\/jesseracing.com\/?page_id=9465","title":{"rendered":"Kilpailukalenteri 2026"},"content":{"rendered":"\n<h2 class=\"wp-block-heading\">Kilpailukalenteri 2026<\/h2>\n\n\n\n<h3 class=\"wp-block-heading\">&#8211;<strong><mark style=\"background-color:rgba(0, 0, 0, 0);color:#ec4848\" class=\"has-inline-color\">2026 vuoden kilpailukalenteri viel\u00e4 suunnitteilla ulkomaan osalta<\/mark><\/strong><\/h3>\n\n\n\n<h2 class=\"wp-block-heading\">Suomi<\/h2>\n\n\n\n<figure class=\"wp-block-image size-large\"><img loading=\"lazy\" decoding=\"async\" width=\"548\" height=\"118\" src=\"https:\/\/jesseracing.com\/wp-content\/uploads\/2020\/05\/IAMESeriesFinland.jpg\" alt=\"\" class=\"wp-image-2888\" srcset=\"https:\/\/jesseracing.com\/wp-content\/uploads\/2020\/05\/IAMESeriesFinland.jpg 548w, https:\/\/jesseracing.com\/wp-content\/uploads\/2020\/05\/IAMESeriesFinland-300x65.jpg 300w\" sizes=\"auto, (max-width: 548px) 100vw, 548px\" \/><figcaption class=\"wp-element-caption\">Lis\u00e4tietoa: <a rel=\"noreferrer noopener\" href=\"https:\/\/racekernel.com\" target=\"_blank\"><span class=\"has-inline-color has-vivid-cyan-blue-color\">IAME Series Finland<\/span><\/a><\/figcaption><\/figure>\n\n\n\n<p>&nbsp;<\/p>\n\n\n\n<h4 class=\"wp-block-heading\"><strong><em>KILPAILUKALENTERI<\/em><\/strong> &#8211; <strong><mark style=\"background-color:rgba(0, 0, 0, 0)\" class=\"has-inline-color has-vivid-red-color\">IAME Series Finland &#8211; X30 Senior luokka<\/mark><\/strong><\/h4>\n\n\n\n<ul class=\"wp-block-list\">\n<li style=\"font-size:16px\"><strong>9 &#8211; 10.5.2026 IAME Nordic Cup -&gt;<\/strong><a href=\"https:\/\/www.powerpark.fi\/huvit\/karting\/ulkokarting\/\" target=\"_blank\" rel=\"noreferrer noopener\"><mark style=\"background-color:rgba(0, 0, 0, 0)\" class=\"has-inline-color has-vivid-cyan-blue-color\"><strong>Alah\u00e4rm\u00e4<\/strong><\/mark><\/a><\/li>\n<\/ul>\n\n\n\n<ol class=\"wp-block-list\">\n<li>23.5.2026 &#8211; IAME Series Finland <a href=\"https:\/\/porinfkkerho.fi\" target=\"_blank\" rel=\"noreferrer noopener\"><mark style=\"background-color:rgba(0, 0, 0, 0)\" class=\"has-inline-color has-vivid-cyan-blue-color\"><strong>Pori<\/strong><\/mark><\/a><\/li>\n\n\n\n<li>24.5.2026 &#8211; IAME Series Finland <a href=\"https:\/\/porinfkkerho.fi\" target=\"_blank\" rel=\"noreferrer noopener\"><mark style=\"background-color:rgba(0, 0, 0, 0)\" class=\"has-inline-color has-vivid-cyan-blue-color\"><strong>Pori<\/strong><\/mark><\/a><\/li>\n\n\n\n<li>13.6.2026 &#8211; IAME Series Finland <a href=\"https:\/\/vihua.fi\" target=\"_blank\" rel=\"noreferrer noopener\"><mark style=\"background-color:rgba(0, 0, 0, 0)\" class=\"has-inline-color has-vivid-cyan-blue-color\"><strong>Vihti<\/strong><\/mark><\/a><\/li>\n\n\n\n<li>14.6.2026 &#8211; IAME Series Finland <a href=\"https:\/\/vihua.fi\" target=\"_blank\" rel=\"noreferrer noopener\"><mark style=\"background-color:rgba(0, 0, 0, 0)\" class=\"has-inline-color has-vivid-cyan-blue-color\"><strong>Vihti<\/strong><\/mark><\/a><\/li>\n\n\n\n<li>18.7.2026 &#8211; IAME Series Finland <a href=\"https:\/\/www.pesamaki.fi\/esittely.php\" target=\"_blank\" rel=\"noreferrer noopener\"><mark style=\"background-color:rgba(0, 0, 0, 0)\" class=\"has-inline-color has-vivid-cyan-blue-color\"><strong> Honkajoki <\/strong><\/mark><\/a><\/li>\n\n\n\n<li>19.7.2026 &#8211; IAME Series Finland <a href=\"https:\/\/www.pesamaki.fi\/esittely.php\" target=\"_blank\" rel=\"noreferrer noopener\"><mark style=\"background-color:rgba(0, 0, 0, 0)\" class=\"has-inline-color has-vivid-cyan-blue-color\"><strong> Honkajoki <\/strong><\/mark><\/a><\/li>\n\n\n\n<li>15.8.2026 &#8211; IAME Series Finland <a href=\"http:\/\/www.lahdenfk.fi\/fi\/etusivu\" target=\"_blank\" rel=\"noreferrer noopener\"><mark style=\"background-color:rgba(0, 0, 0, 0)\" class=\"has-inline-color has-vivid-cyan-blue-color\"><strong>Lahti<\/strong><\/mark><\/a><\/li>\n\n\n\n<li>16.8.2026 &#8211; IAME Series Finland <a href=\"http:\/\/www.lahdenfk.fi\/fi\/etusivu\" target=\"_blank\" rel=\"noreferrer noopener\"><mark style=\"background-color:rgba(0, 0, 0, 0)\" class=\"has-inline-color has-vivid-cyan-blue-color\"><strong>Lahti<\/strong><\/mark><\/a><\/li>\n\n\n\n<li>5.9.2026 &#8211; IAME Series Finland <a href=\"https:\/\/www.powerpark.fi\/huvit\/karting\/ulkokarting\/\" target=\"_blank\" rel=\"noreferrer noopener\"><mark style=\"background-color:rgba(0, 0, 0, 0)\" class=\"has-inline-color has-vivid-cyan-blue-color\"><strong>Alah\u00e4rm\u00e4<\/strong><\/mark><\/a><\/li>\n\n\n\n<li>6.9.2026 &#8211; IAME Series Finland <a href=\"https:\/\/www.powerpark.fi\/huvit\/karting\/ulkokarting\/\" target=\"_blank\" rel=\"noreferrer noopener\"><mark style=\"background-color:rgba(0, 0, 0, 0)\" class=\"has-inline-color has-vivid-cyan-blue-color\"><strong>Alah\u00e4rm\u00e4<\/strong><\/mark><\/a><\/li>\n<\/ol>\n\n\n\n<p><\/p>\n\n\n\n<figure class=\"wp-block-image size-large\"><img decoding=\"async\" src=\"https:\/\/jesseracing.com\/wp-content\/uploads\/2022\/03\/kartingsm548x88.jpg\" alt=\"\" class=\"wp-image-2888\"\/><figcaption class=\"wp-element-caption\">Lis\u00e4tietoa: <a rel=\"noreferrer noopener\" href=\"https:\/\/kartingsm.fi\" target=\"_blank\"><span class=\"has-inline-color has-vivid-cyan-blue-color\">Karting SM<\/span><\/a><\/figcaption><\/figure>\n\n\n\n<h4 class=\"wp-block-heading\"><strong><em>KILPAILUKALENTERI<\/em><\/strong> &#8211; <strong><mark style=\"background-color:rgba(0, 0, 0, 0)\" class=\"has-inline-color has-vivid-red-color\">Karting SM &#8211; OK-N luokka<\/mark><\/strong><\/h4>\n\n\n\n<ol class=\"wp-block-list\">\n<li>16.5.2026 &#8211; Karting SM <a href=\"https:\/\/www.pirka.fi\" target=\"_blank\" rel=\"noreferrer noopener\"><mark style=\"background-color:rgba(0, 0, 0, 0)\" class=\"has-inline-color has-vivid-cyan-blue-color\"><strong>Lentola<\/strong><\/mark><\/a><\/li>\n\n\n\n<li>17.5.2026 &#8211; Karting SM <a href=\"https:\/\/www.pirka.fi\" target=\"_blank\" rel=\"noreferrer noopener\"><mark style=\"background-color:rgba(0, 0, 0, 0)\" class=\"has-inline-color has-vivid-cyan-blue-color\"><strong>Lentola<\/strong><\/mark><\/a><\/li>\n\n\n\n<li>6.6.2026 &#8211; Karting SM <a href=\"https:\/\/porinfkkerho.fi\" target=\"_blank\" rel=\"noreferrer noopener\"><mark style=\"background-color:rgba(0, 0, 0, 0)\" class=\"has-inline-color has-vivid-cyan-blue-color\"><strong>Pori<\/strong><\/mark><\/a><\/li>\n\n\n\n<li>7.6.2026 &#8211; Karting SM <a href=\"https:\/\/porinfkkerho.fi\" target=\"_blank\" rel=\"noreferrer noopener\"><mark style=\"background-color:rgba(0, 0, 0, 0)\" class=\"has-inline-color has-vivid-cyan-blue-color\"><strong>Pori<\/strong><\/mark><\/a><\/li>\n\n\n\n<li>11.7.2026 &#8211; Karting SM <a href=\"https:\/\/www.lprua.fi\/kimi-circuit\/\" target=\"_blank\" rel=\"noreferrer noopener\"><mark style=\"background-color:rgba(0, 0, 0, 0)\" class=\"has-inline-color has-vivid-cyan-blue-color\"><strong>Lappeenranta<\/strong><\/mark><\/a><\/li>\n\n\n\n<li>12.7.2026 &#8211; Karting SM <a href=\"https:\/\/www.lprua.fi\/kimi-circuit\/\" target=\"_blank\" rel=\"noreferrer noopener\"><mark style=\"background-color:rgba(0, 0, 0, 0)\" class=\"has-inline-color has-vivid-cyan-blue-color\"><strong>Lappeenranta<\/strong><\/mark><\/a><\/li>\n\n\n\n<li>8.8.2026 &#8211; Karting SM <a href=\"https:\/\/lahdenfk.fi\" target=\"_blank\" rel=\"noreferrer noopener\"><mark style=\"background-color:rgba(0, 0, 0, 0)\" class=\"has-inline-color has-vivid-cyan-blue-color\"><strong>Lahti<\/strong><\/mark><\/a><\/li>\n\n\n\n<li>9.8.2026 &#8211; Karting SM <a href=\"https:\/\/lahdenfk.fi\" target=\"_blank\" rel=\"noreferrer noopener\"><mark style=\"background-color:rgba(0, 0, 0, 0)\" class=\"has-inline-color has-vivid-cyan-blue-color\"><strong>Lahti<\/strong><\/mark><\/a><\/li>\n\n\n\n<li>28.8.2026 &#8211; Karting SM <a href=\"https:\/\/kouvolakarting.fi\" target=\"_blank\" rel=\"noreferrer noopener\"><mark style=\"background-color:rgba(0, 0, 0, 0)\" class=\"has-inline-color has-vivid-cyan-blue-color\"><strong>Kouvola<\/strong><\/mark><\/a><\/li>\n\n\n\n<li>29.8.2026 &#8211; Karting SM <a href=\"https:\/\/kouvolakarting.fi\" target=\"_blank\" rel=\"noreferrer noopener\"><mark style=\"background-color:rgba(0, 0, 0, 0)\" class=\"has-inline-color has-vivid-cyan-blue-color\"><strong>Kouvola<\/strong><\/mark><\/a><\/li>\n<\/ol>\n\n\n\n<h4 class=\"wp-block-heading\"><\/h4>\n\n\n<p><!-- \/wp:list --><\/p>\n<p><!-- wp:paragraph --><\/p>\n<p><!-- \/wp:paragraph --><\/p>\n<p><!-- wp:paragraph --><\/p>\n<p><!-- \/wp:paragraph --><\/p>\n<p><!-- wp:paragraph --><\/p>\n<p><strong>YLEIST\u00c4 TIETOA KILPAILUISTA:<\/strong><\/p>\n<p>Kaikista kilpailuista tullaan l\u00e4hett\u00e4m\u00e4\u00e4n j\u00e4rjest\u00e4j\u00e4n toimesta Livestream.<\/p>\n<p><!-- \/wp:paragraph --><\/p>\n<p><!-- wp:paragraph --><\/p>\n<p>KartingSM &#8211;\u00a0<a href=\"https:\/\/www.flyingfinn.tv\/karting\" target=\"_blank\" rel=\"noreferrer noopener\"><span class=\"has-inline-color has-vivid-cyan-blue-color\">https:\/\/www.flyingfinn.tv\/karting<\/span><\/a><\/p>\n<p><!-- \/wp:paragraph --><\/p>\n<p><!-- wp:paragraph --><\/p>\n<p>IAME Series Finland &#8211; <a href=\"https:\/\/www.youtube.com\/c\/XPromotions\" target=\"_blank\" rel=\"noreferrer noopener\"><span class=\"has-inline-color has-vivid-cyan-blue-color\">https:\/\/www.youtube.com\/c\/XPromotions<\/span><\/a><\/p>\n<p><!-- \/wp:paragraph --><\/p>\n<p><!-- wp:paragraph --><\/p>\n<p><a href=\"https:\/\/racekernel.com\/index.php?page=series&amp;data=iameseriesfinland2021\" target=\"_blank\" rel=\"noreferrer noopener\"><span class=\"has-inline-color has-vivid-cyan-blue-color\">Racekernel<\/span><\/a> kilpailusivusto, josta l\u00f6yt\u00e4\u00e4 tarkemmat tiedot IAME-kilpailuista ja muista sarjan asioista.<\/p>\n<p><!-- \/wp:paragraph --><\/p>\n<p><!-- wp:paragraph --><\/p>\n<p><a href=\"https:\/\/kartingsm.fi\" target=\"_blank\" rel=\"noreferrer noopener\"><span class=\"has-inline-color has-vivid-cyan-blue-color\">Karting SM<\/span><\/a><\/p>\n<p><!-- \/wp:paragraph --><\/p>\n<p><!-- wp:paragraph --><\/p>\n<p><a href=\"https:\/\/www.facebook.com\/karting.sm\" target=\"_blank\" rel=\"noreferrer noopener\"><span class=\"has-inline-color has-vivid-cyan-blue-color\">Karting SM facebook sivut<\/span><\/a><\/p>\n<p><!-- \/wp:paragraph --><\/p>\n<p><!-- wp:paragraph --><\/p>\n<p><a href=\"https:\/\/www.iameseriesnortherneurope.com\/finland\/\" target=\"_blank\" rel=\"noreferrer noopener\"><span class=\"has-inline-color has-vivid-cyan-blue-color\">IAME Series Finland kotisivut<\/span><\/a><\/p>\n<p><!-- \/wp:paragraph --><\/p>\n<p><!-- wp:paragraph --><\/p>\n<p><a href=\"https:\/\/www.facebook.com\/iameseriesfinland\" target=\"_blank\" rel=\"noreferrer noopener\"><span class=\"has-inline-color has-vivid-cyan-blue-color\">IAME Series Finland Facebook sivut<\/span><\/a><\/p>\n<p>&#8212;&#8212;&#8212;&#8211;<\/p>\n<p><!-- \/wp:paragraph --><\/p>\n<p><!-- wp:paragraph --><\/p>\n<p><!-- \/wp:paragraph --><\/p>\n<p><!-- wp:heading --><\/p>\n<h2 class=\"wp-block-heading\">Ulkomaat<\/h2>\n<p><!-- \/wp:heading --><\/p>\n<p><!-- wp:list {\"ordered\":true} --><\/p>\n<ol class=\"wp-block-list\">\n<li style=\"list-style-type: none;\">\n<ol class=\"wp-block-list\"><!-- wp:list-item --><\/p>\n<li><span style=\"color: #3366ff;\"><span style=\"color: #000000;\">19 &#8211; 24.10.2026 &#8211; <span style=\"color: #3366ff;\"><a style=\"color: #3366ff;\" href=\"https:\/\/www.fiakarting.com\/page\/home\" target=\"_blank\" rel=\"noopener\"><u>FIA World Cup<\/u><\/a><\/span> &#8211;<span style=\"color: #3366ff;\"><a style=\"color: #3366ff;\" href=\"https:\/\/www.viterbocircuit.com\/\" target=\"_blank\" rel=\"noopener\"><u>Viterbro<\/u><\/a><\/span><\/span><\/span><\/li>\n<li><span style=\"color: #000000;\"><span style=\"color: #3366ff;\"><span style=\"color: #000000;\">8 &#8211; 11.11.2026 &#8211;\u00a0<\/span><span style=\"color: #3366ff;\"><a style=\"color: #3366ff;\" href=\"https:\/\/www.iame-motorsport.com\/iwf\" target=\"_blank\" rel=\"noopener\"><u>IWF26<\/u><\/a><\/span> &#8211;<span style=\"color: #3366ff;\"><a style=\"color: #3366ff;\" href=\"https:\/\/www.viterbocircuit.com\/\" target=\"_blank\" rel=\"noopener\"><u>Viterbro<\/u><\/a><\/span><\/span><\/span><\/li>\n<li>Kilpailu<\/li>\n<li>Kilpailu<\/li>\n<\/ol>\n<\/li>\n<\/ol>\n<p><!-- wp:paragraph --><\/p>\n<p><!-- \/wp:paragraph --><\/p>","protected":false},"excerpt":{"rendered":"<p>Kilpailukalenteri 2026 &#8211;2026 vuoden kilpailukalenteri viel\u00e4 suunnitteilla ulkomaan osalta Suomi &nbsp; KILPAILUKALENTERI &#8211; IAME Series Finland &#8211; X30 Senior luokka KILPAILUKALENTERI &#8211; Karting SM &#8211; OK-N luokka YLEIST\u00c4 TIETOA KILPAILUISTA: Kaikista kilpailuista tullaan l\u00e4hett\u00e4m\u00e4\u00e4n j\u00e4rjest\u00e4j\u00e4n toimesta Livestream. KartingSM &#8211;\u00a0https:\/\/www.flyingfinn.tv\/karting IAME Series Finland &#8211; https:\/\/www.youtube.com\/c\/XPromotions Racekernel kilpailusivusto, josta l\u00f6yt\u00e4\u00e4 tarkemmat tiedot IAME-kilpailuista ja muista sarjan asioista. [&hellip;]<\/p>\n","protected":false},"author":1,"featured_media":0,"parent":0,"menu_order":0,"comment_status":"closed","ping_status":"closed","template":"","meta":{"footnotes":""},"class_list":["post-9465","page","type-page","status-publish","hentry","small-justify-block","no-thumb"],"_links":{"self":[{"href":"https:\/\/jesseracing.com\/index.php?rest_route=\/wp\/v2\/pages\/9465","targetHints":{"allow":["GET"]}}],"collection":[{"href":"https:\/\/jesseracing.com\/index.php?rest_route=\/wp\/v2\/pages"}],"about":[{"href":"https:\/\/jesseracing.com\/index.php?rest_route=\/wp\/v2\/types\/page"}],"author":[{"embeddable":true,"href":"https:\/\/jesseracing.com\/index.php?rest_route=\/wp\/v2\/users\/1"}],"replies":[{"embeddable":true,"href":"https:\/\/jesseracing.com\/index.php?rest_route=%2Fwp%2Fv2%2Fcomments&post=9465"}],"version-history":[{"count":60,"href":"https:\/\/jesseracing.com\/index.php?rest_route=\/wp\/v2\/pages\/9465\/revisions"}],"predecessor-version":[{"id":10199,"href":"https:\/\/jesseracing.com\/index.php?rest_route=\/wp\/v2\/pages\/9465\/revisions\/10199"}],"wp:attachment":[{"href":"https:\/\/jesseracing.com\/index.php?rest_route=%2Fwp%2Fv2%2Fmedia&parent=9465"}],"curies":[{"name":"wp","href":"https:\/\/api.w.org\/{rel}","templated":true}]}}