{"id":9461,"date":"2025-10-11T12:46:45","date_gmt":"2025-10-11T09:46:45","guid":{"rendered":"https:\/\/jesseracing.com\/?page_id=9461"},"modified":"2026-04-28T09:20:42","modified_gmt":"2026-04-28T06:20:42","slug":"kilpailusijoitukset-2026","status":"publish","type":"page","link":"https:\/\/jesseracing.com\/?page_id=9461","title":{"rendered":"Kilpailusijoitukset 2026"},"content":{"rendered":"\n<h2 class=\"wp-block-heading\">Kilpailusijoitukset 2026<\/h2>\n\n<br>\n\n\n<p>IAME Series Finland &#8211; X30 Senior luokka<\/p>\n\n\n\n<p><a href=\"https:\/\/www.karttimer.fi\/?folder=\/Championships\/\" target=\"_blank\" rel=\"noreferrer noopener\"><mark style=\"background-color:rgba(0, 0, 0, 0)\" class=\"has-inline-color has-vivid-cyan-blue-color\">Sarjataulukko<\/mark><\/a><\/p>\n\n\n\n<figure class=\"wp-block-table is-style-stripes\"><table class=\"has-fixed-layout\"><tbody><tr><td width=\"100\"><strong>Kilpailu<\/strong><\/td><td><strong>Paikkakunta<\/strong><\/td><td><strong>Aika<\/strong><\/td><td><strong>Sijoitus<\/strong><\/td><td><\/td><\/tr><tr><td><strong>1.<\/strong><\/td><td><strong>Pori<\/strong><\/td><td><strong>23.5.2025<\/strong><\/td><td><strong>&#8211;<\/strong><\/td><td><\/td><\/tr><tr><td><strong>2.<\/strong><\/td><td><strong>Pori<\/strong><\/td><td><strong>24.5.2025<\/strong><\/td><td><strong>&#8211;<\/strong><\/td><td><\/td><\/tr><tr><td><strong>3.<\/strong><\/td><td><strong>Vihti<\/strong><\/td><td><strong>13.6.2025<\/strong><\/td><td><strong>&#8211;<\/strong><\/td><td><\/td><\/tr><tr><td><strong>4.<\/strong><\/td><td><strong>Vihti<\/strong><\/td><td><strong>14.6.2025<\/strong><\/td><td><strong>&#8211;<\/strong><\/td><td><\/td><\/tr><tr><td><strong>5.<\/strong><\/td><td><strong><strong>Honkajoki<\/strong><\/strong><\/td><td><strong>18.7.2025<\/strong><\/td><td><strong>&#8211;<\/strong><\/td><td><\/td><\/tr><tr><td><strong>6.<\/strong><\/td><td><strong><strong>Honkajoki<\/strong><\/strong><\/td><td><strong>19.7.2025<\/strong><\/td><td><strong>&#8211;<\/strong><\/td><td><\/td><\/tr><tr><td><strong>7.<\/strong><\/td><td><strong>Lahti<\/strong><\/td><td><strong>15.8.2025<\/strong><\/td><td><strong>&#8211;<\/strong><\/td><td><\/td><\/tr><tr><td><strong>8.<\/strong><\/td><td><strong>Lahti<\/strong><\/td><td><strong>16.8.2025<\/strong><\/td><td><strong>&#8211;<\/strong><\/td><td><\/td><\/tr><tr><td><strong>9.<\/strong><\/td><td><strong>Alah\u00e4rm\u00e4<\/strong><\/td><td><strong>5.9.2025<\/strong><\/td><td><strong>&#8211;<\/strong><\/td><td><\/td><\/tr><tr><td><strong>10.<\/strong><\/td><td><strong>Alah\u00e4rm\u00e4<\/strong><\/td><td><strong>6.9.2025<\/strong><\/td><td><strong>&#8211;<\/strong><\/td><td><\/td><\/tr><\/tbody><\/table><\/figure>\n\n\n\n<p>Karting SM &#8211; OK-N luokka<\/p>\n\n\n\n<p><a href=\"https:\/\/kartingsm.fi\" target=\"_blank\" rel=\"noreferrer noopener\"><mark style=\"background-color:rgba(0, 0, 0, 0)\" class=\"has-inline-color has-vivid-cyan-blue-color\">Sarjataulukko<\/mark><\/a><\/p>\n\n\n\n<figure class=\"wp-block-table is-style-stripes\"><table class=\"has-fixed-layout\"><tbody><tr><td width=\"100\"><strong>Kilpailu<\/strong><\/td><td><strong>Paikkakunta<\/strong><\/td><td><strong>Aika<\/strong><\/td><td><strong>Sijoitus<\/strong><\/td><td><\/td><\/tr><tr><td><strong>1.<\/strong><\/td><td><strong>Kangasala<\/strong><\/td><td><strong><strong>17.5.202<\/strong>6 Finaali 1<\/strong><\/td><td><strong><strong>&#8211;<\/strong><\/strong><\/td><td><\/td><\/tr><tr><td><strong>2.<\/strong><\/td><td><strong><strong><strong>Kangasala<\/strong><\/strong><\/strong><\/td><td><strong><strong><strong><strong><strong><strong><strong><strong>17.5.2026<\/strong><\/strong> Fina<\/strong><\/strong><\/strong><\/strong><\/strong>ali 2<\/strong><\/td><td><strong><strong>&#8211;<\/strong><\/strong><\/td><td><\/td><\/tr><tr><td><strong>3.<\/strong><\/td><td><strong><strong>Pori<\/strong><\/strong><\/td><td><strong><strong><strong><strong>7.6.2026<\/strong><\/strong><\/strong> Finaali 1<\/strong><\/td><td><strong><strong>&#8211;<\/strong><\/strong><\/td><td><\/td><\/tr><tr><td><strong>4.<\/strong><\/td><td><strong><strong><strong><strong>Pori<\/strong><\/strong><\/strong><\/strong><\/td><td><strong><strong><strong><strong>7.6.2026<\/strong><\/strong><\/strong> Finaali 2<\/strong><\/td><td><strong><strong>&#8211;<\/strong><\/strong><\/td><td><\/td><\/tr><tr><td><strong>5.<\/strong><\/td><td><strong><strong>Lappeenranta<\/strong><\/strong><\/td><td><strong><strong><strong><strong><strong><strong>12.7.2026<\/strong><\/strong><\/strong><\/strong><\/strong> Finaali 1<\/strong><\/td><td><strong><strong>&#8211;<\/strong><\/strong><\/td><td><\/td><\/tr><tr><td><strong>6.<\/strong><\/td><td><strong><strong><strong><strong>Lappeenranta<\/strong><\/strong><\/strong><\/strong><\/td><td><strong><strong><strong><strong><strong><strong><strong><strong>12.7.2026<\/strong><\/strong><\/strong><\/strong><\/strong><\/strong><\/strong> Finaali 2<\/strong><\/td><td><strong><strong>&#8211;<\/strong><\/strong><\/td><td><\/td><\/tr><tr><td><strong>7.<\/strong><\/td><td><strong><strong>Lahti<\/strong><\/strong><\/td><td><strong><strong><strong><strong><strong><strong><strong><strong>9.8.2026<\/strong><\/strong><\/strong><\/strong><\/strong><\/strong><\/strong> Finaali 1<\/strong><\/td><td><strong><strong>&#8211;<\/strong><\/strong><\/td><td><\/td><\/tr><tr><td><strong>8.<\/strong><\/td><td><strong><strong><strong><strong>Lahti<\/strong><\/strong><\/strong><\/strong><\/td><td><strong><strong><strong><strong><strong><strong><strong><strong><strong><strong>9.8.2026<\/strong><\/strong><\/strong><\/strong><\/strong><\/strong><\/strong><\/strong><\/strong> Finaali 2<\/strong><\/td><td><strong><strong>&#8211;<\/strong><\/strong><\/td><td><\/td><\/tr><tr><td><strong>9.<\/strong><\/td><td><strong><strong>Kouvola<\/strong><\/strong><\/td><td><strong><strong><strong><strong><strong><strong><strong><strong><strong><strong>29.8.2026<\/strong><\/strong><\/strong><\/strong><\/strong><\/strong><\/strong><\/strong><\/strong> Finaali 1<\/strong><\/td><td><strong><strong>&#8211;<\/strong><\/strong><\/td><td><\/td><\/tr><tr><td><strong>10.<\/strong><\/td><td><strong><strong><strong><strong>Kouvola<\/strong><\/strong><\/strong><\/strong><\/td><td><strong><strong><strong><strong><strong><strong><strong><strong><strong><strong><strong><strong>29.8.2026<\/strong><\/strong><\/strong><\/strong><\/strong><\/strong><\/strong><\/strong><\/strong><\/strong><\/strong> Finaali 2<\/strong><\/td><td><strong><strong>&#8211;<\/strong><\/strong><\/td><td><\/td><\/tr><\/tbody><\/table><\/figure>\n\n\n\n<p>Muut kilpailut<\/p>\n\n\n\n<figure class=\"wp-block-table is-style-stripes\"><table class=\"has-fixed-layout\"><tbody><tr><td width=\"200\"><strong>Kilpailu<\/strong><\/td><td><strong>Paikkakunta<\/strong><\/td><td><strong>Aika<\/strong><\/td><td><strong>Sijoitus<\/strong><\/td><td><\/td><\/tr><tr><td><strong>1. Porin kev\u00e4tp\u00e4r\u00e4ys<\/strong><\/td><td><strong>Pori<\/strong><\/td><td><strong>25 &#8211; 26.4.2026<\/strong><\/td><td><strong>1 sija<\/strong><\/td><td><\/td><\/tr><\/tbody><\/table><\/figure>\n","protected":false},"excerpt":{"rendered":"<p>Kilpailusijoitukset 2026 IAME Series Finland &#8211; X30 Senior luokka Sarjataulukko Kilpailu Paikkakunta Aika Sijoitus 1. Pori 23.5.2025 &#8211; 2. Pori 24.5.2025 &#8211; 3. Vihti 13.6.2025 &#8211; 4. Vihti 14.6.2025 &#8211; 5. Honkajoki 18.7.2025 &#8211; 6. Honkajoki 19.7.2025 &#8211; 7. Lahti 15.8.2025 &#8211; 8. Lahti 16.8.2025 &#8211; 9. Alah\u00e4rm\u00e4 5.9.2025 &#8211; 10. Alah\u00e4rm\u00e4 6.9.2025 &#8211; Karting [&hellip;]<\/p>\n","protected":false},"author":1,"featured_media":0,"parent":0,"menu_order":0,"comment_status":"closed","ping_status":"closed","template":"","meta":{"footnotes":""},"class_list":["post-9461","page","type-page","status-publish","hentry","small-justify-block","no-thumb"],"_links":{"self":[{"href":"https:\/\/jesseracing.com\/index.php?rest_route=\/wp\/v2\/pages\/9461","targetHints":{"allow":["GET"]}}],"collection":[{"href":"https:\/\/jesseracing.com\/index.php?rest_route=\/wp\/v2\/pages"}],"about":[{"href":"https:\/\/jesseracing.com\/index.php?rest_route=\/wp\/v2\/types\/page"}],"author":[{"embeddable":true,"href":"https:\/\/jesseracing.com\/index.php?rest_route=\/wp\/v2\/users\/1"}],"replies":[{"embeddable":true,"href":"https:\/\/jesseracing.com\/index.php?rest_route=%2Fwp%2Fv2%2Fcomments&post=9461"}],"version-history":[{"count":32,"href":"https:\/\/jesseracing.com\/index.php?rest_route=\/wp\/v2\/pages\/9461\/revisions"}],"predecessor-version":[{"id":10164,"href":"https:\/\/jesseracing.com\/index.php?rest_route=\/wp\/v2\/pages\/9461\/revisions\/10164"}],"wp:attachment":[{"href":"https:\/\/jesseracing.com\/index.php?rest_route=%2Fwp%2Fv2%2Fmedia&parent=9461"}],"curies":[{"name":"wp","href":"https:\/\/api.w.org\/{rel}","templated":true}]}}