{"id":881,"date":"2017-05-19T10:44:26","date_gmt":"2017-05-19T07:44:26","guid":{"rendered":"https:\/\/jesseracing.com\/?page_id=881"},"modified":"2024-12-18T15:50:54","modified_gmt":"2024-12-18T12:50:54","slug":"yhteistyokumppaneiden-mainostus-kohteet","status":"publish","type":"page","link":"https:\/\/jesseracing.com\/?page_id=881","title":{"rendered":"Yhteisty\u00f6kumppaneiden n\u00e4kyvyys mahdollisuudet"},"content":{"rendered":"<p>Yhteisty\u00f6kumppaneiden n\u00e4kyvyys mahdollisuudet<\/p>\n<ul>\n<li>Internetsivut:\n<ul>\n<li>Yhteisty\u00f6kumppanin logo yhteisty\u00f6kumppanit sivulla: 3 erikokoa<\/li>\n<li>Etusivu logo: Yl\u00e4palkissa<\/li>\n<li>Etusivun alapalkin ja valikoiden v\u00e4liss\u00e4<\/li>\n<li>Sivupalkissa: Sivu palkki esiintyy useimmilla sivuilla.<\/li>\n<li>Samalla julkaisemme mainokset Jesse Racing facebook ja instagram sivuilla: <span style=\"color: #3366ff;\"><a style=\"color: #3366ff;\" href=\"https:\/\/www.facebook.com\/JesseSaarinenRacing\" target=\"_blank\" rel=\"noopener\">Facebook<\/a> <a style=\"color: #3366ff;\" href=\"https:\/\/www.instagram.com\/jesseracing\/\" target=\"_blank\" rel=\"noopener\">Instagram<\/a><\/span><\/li>\n<\/ul>\n<\/li>\n<li>Per\u00e4k\u00e4rry\n<ul>\n<li>Tarra per\u00e4k\u00e4rryn kylkeen (meill\u00e4 valmiina tarra yhteisty\u00f6kumppani joka tekee tarrat logoista)<\/li>\n<\/ul>\n<\/li>\n<li>\u00a0Kartingauto\n<ul>\n<li>Tarra karting autoon\u00a0(meill\u00e4 valmiina tarra yhteisty\u00f6kumppani joka tekee tarrat logoista)<\/li>\n<\/ul>\n<\/li>\n<li>Kyp\u00e4r\u00e4\n<ul>\n<li>Tarra kyp\u00e4r\u00e4\u00e4n\/visiirin yl\u00e4reunaan\u00a0(meill\u00e4 valmiina tarra yhteisty\u00f6kumppani joka tekee tarrat logoista)<\/li>\n<\/ul>\n<\/li>\n<li>Ajoasu\n<ul>\n<li>Kangasmerkki tai painatus sopimuksen mukaan ajoasuun<\/li>\n<\/ul>\n<\/li>\n<li>Nimi internetsivujen yhteisty\u00f6kumppanit sivulle\n<ul>\n<li>Yksityiset tukijat saava halutessaan oman nimen internetsivuille<\/li>\n<\/ul>\n<\/li>\n<\/ul>\n<p><span style=\"color: #ff0000;\">Uutena!<\/span><\/p>\n<ul>\n<li>Banderolli: Banderolli mihin saa yrityksen logon automaattisesti jos on p\u00e4\u00e4yhteisty\u00f6kumppani tai muuten merkitt\u00e4v\u00e4sti tukemassa.<\/li>\n<\/ul>\n<p>Hinnoittelu menee sopimuksen mukaan ja on l\u00e4ht\u00f6kohtaisesti voimassa vuodeksi kerrallaan.<\/p>\n<p><span style=\"color: #3366ff;\"><a style=\"color: #3366ff;\" href=\"https:\/\/jesseracing.com\/?page_id=779\">Ota yhteytt\u00e4<\/a><\/span> otamme ilomielin vastaan kaikki yhteisty\u00f6kumppanit ja tukijat.<\/p>\n","protected":false},"excerpt":{"rendered":"<p>Yhteisty\u00f6kumppaneiden n\u00e4kyvyys mahdollisuudet Internetsivut: Yhteisty\u00f6kumppanin logo yhteisty\u00f6kumppanit sivulla: 3 erikokoa Etusivu logo: Yl\u00e4palkissa Etusivun alapalkin ja valikoiden v\u00e4liss\u00e4 Sivupalkissa: Sivu palkki esiintyy useimmilla sivuilla. Samalla julkaisemme mainokset Jesse Racing facebook ja instagram sivuilla: Facebook Instagram Per\u00e4k\u00e4rry Tarra per\u00e4k\u00e4rryn kylkeen (meill\u00e4 valmiina tarra yhteisty\u00f6kumppani joka tekee tarrat logoista) \u00a0Kartingauto Tarra karting autoon\u00a0(meill\u00e4 valmiina tarra yhteisty\u00f6kumppani joka [&hellip;]<\/p>\n","protected":false},"author":1,"featured_media":0,"parent":0,"menu_order":0,"comment_status":"closed","ping_status":"closed","template":"","meta":{"footnotes":""},"class_list":["post-881","page","type-page","status-publish","hentry","small-justify-block","no-thumb"],"_links":{"self":[{"href":"https:\/\/jesseracing.com\/index.php?rest_route=\/wp\/v2\/pages\/881","targetHints":{"allow":["GET"]}}],"collection":[{"href":"https:\/\/jesseracing.com\/index.php?rest_route=\/wp\/v2\/pages"}],"about":[{"href":"https:\/\/jesseracing.com\/index.php?rest_route=\/wp\/v2\/types\/page"}],"author":[{"embeddable":true,"href":"https:\/\/jesseracing.com\/index.php?rest_route=\/wp\/v2\/users\/1"}],"replies":[{"embeddable":true,"href":"https:\/\/jesseracing.com\/index.php?rest_route=%2Fwp%2Fv2%2Fcomments&post=881"}],"version-history":[{"count":18,"href":"https:\/\/jesseracing.com\/index.php?rest_route=\/wp\/v2\/pages\/881\/revisions"}],"predecessor-version":[{"id":8393,"href":"https:\/\/jesseracing.com\/index.php?rest_route=\/wp\/v2\/pages\/881\/revisions\/8393"}],"wp:attachment":[{"href":"https:\/\/jesseracing.com\/index.php?rest_route=%2Fwp%2Fv2%2Fmedia&parent=881"}],"curies":[{"name":"wp","href":"https:\/\/api.w.org\/{rel}","templated":true}]}}