{"id":8567,"date":"2025-03-17T11:50:07","date_gmt":"2025-03-17T08:50:07","guid":{"rendered":"https:\/\/jesseracing.com\/?page_id=8567"},"modified":"2025-10-07T00:17:11","modified_gmt":"2025-10-06T21:17:11","slug":"karting-kilpa-auto-2025-ok","status":"publish","type":"page","link":"https:\/\/jesseracing.com\/?page_id=8567","title":{"rendered":"Karting kilpa-auto 2025 OK-luokka"},"content":{"rendered":"\n<figure class=\"wp-block-image size-full\"><img decoding=\"async\" src=\"https:\/\/jesseracing.com\/wp-content\/uploads\/2025\/03\/kosmic600x330.jpg\" alt=\"\" class=\"wp-image-7240\"\/><\/figure>\n\n\n\n<p><\/p>\n\n\n\n<ul class=\"wp-block-list\">\n<li><em><strong>Runko:<\/strong> <\/em>Kosmic Mercury RR <\/li>\n\n\n\n<li><em><strong>Moottori:<\/strong> <\/em>IAME Reedster V<\/li>\n\n\n\n<li><em><strong>Iskutilavuus:<\/strong> 125cc<\/em><\/li>\n\n\n\n<li><em><strong>Teho:<\/strong> n. 42hv<\/em><\/li>\n\n\n\n<li><strong>V\u00e4\u00e4nt\u00f6:<\/strong> N\/A nm<\/li>\n\n\n\n<li><em><strong>Maksimi nopeus:<\/strong> n.110-145km\/h (riippuen radasta ja siihen sopivista v\u00e4lityksist\u00e4)<\/em><\/li>\n\n\n\n<li><em><strong>Kaasutin:<\/strong> <\/em>Tillotson<\/li>\n\n\n\n<li><em><strong>Polttoaine<\/strong>: 98E<\/em>&nbsp;+ (ELF HTX 909 \u00d6LJY)<\/li>\n\n\n\n<li><strong>J\u00e4\u00e4hdytys:<\/strong> Vesij\u00e4\u00e4hdytys<\/li>\n\n\n\n<li><em><strong>Max. kierrosluku<\/strong>: n.16000 r\/min<\/em><\/li>\n\n\n\n<li><em><strong>K\u00e4ynnistys:<\/strong> Ty\u00f6nt\u00e4m\u00e4ll<\/em>\u00e4<\/li>\n\n\n\n<li><em><strong>Sytytystulppa:<\/strong> NGK 7282<\/em><\/li>\n\n\n\n<li><em><strong>Paino:<\/strong> Minimipaino kilpailuissa kuljettajan kanssa 155kg<\/em><\/li>\n\n\n\n<li><em><strong>Renkaat:<\/strong> LeCont LPM (SLIKSIT) \/ LeCont LWR (SADEKELI)&nbsp;<\/em><\/li>\n\n\n\n<li><em><strong>Rungon pituus:<\/strong> 1030mm (akselin v\u00e4li)<\/em>, 1950mm<\/li>\n\n\n\n<li><strong>Rungon leveys:<\/strong> 1350 &#8211; 1400mm<\/li>\n\n\n\n<li><em><strong>Jarrut:<\/strong> <em>BSD OTK (TAKANA)<\/em><\/em><\/li>\n\n\n\n<li><em><strong>Mittaristo:<\/strong> Unigo 7006<\/em>\n<ul class=\"wp-block-list\">\n<li><strong><u>N\u00e4ytt\u00e4\u00e4 moottorin:<\/u><\/strong><\/li>\n\n\n\n<li><em>max\/min kierrosluvut<\/em><\/li>\n\n\n\n<li><em>kierros ajan<\/em><\/li>\n\n\n\n<li><em>moottorin max\/min pakol\u00e4mp\u00f6tilan<\/em><\/li>\n\n\n\n<li><em>Veden l\u00e4mp\u00f6tilan<\/em><\/li>\n\n\n\n<li><em>Ajonopeuden<\/em><\/li>\n\n\n\n<li>ym.<\/li>\n<\/ul>\n<\/li>\n\n\n\n<li><strong>Kamera:<\/strong>\n<ul class=\"wp-block-list\">\n<li>GoPro 12 Hero Black <em>(4K &#8211; 120fps &#8211; HyperSmooth)<\/em><\/li>\n\n\n\n<li><a href=\"https:\/\/jesseracing.com\/wp-content\/uploads\/2025\/10\/GoPro-MAX2-True-8K-360-Action-Camera.pdf\" target=\"_blank\" rel=\"noreferrer noopener\"><mark style=\"background-color:rgba(0, 0, 0, 0)\" class=\"has-inline-color has-vivid-cyan-blue-color\">GoPro HERO MAX 2<\/mark><\/a> (8K &#8211; 360 &#8211; 60fps) <a href=\"https:\/\/jesseracing.com\/wp-content\/uploads\/2025\/10\/MAX2-Specs.pdf\" target=\"_blank\" rel=\"noreferrer noopener\"><mark style=\"background-color:rgba(0, 0, 0, 0)\" class=\"has-inline-color has-vivid-cyan-blue-color\">tekniset tiedot<\/mark><\/a><\/li>\n<\/ul>\n<\/li>\n<\/ul>\n","protected":false},"excerpt":{"rendered":"","protected":false},"author":1,"featured_media":0,"parent":0,"menu_order":0,"comment_status":"closed","ping_status":"closed","template":"","meta":{"footnotes":""},"class_list":["post-8567","page","type-page","status-publish","hentry","small-justify-block","no-thumb"],"_links":{"self":[{"href":"https:\/\/jesseracing.com\/index.php?rest_route=\/wp\/v2\/pages\/8567","targetHints":{"allow":["GET"]}}],"collection":[{"href":"https:\/\/jesseracing.com\/index.php?rest_route=\/wp\/v2\/pages"}],"about":[{"href":"https:\/\/jesseracing.com\/index.php?rest_route=\/wp\/v2\/types\/page"}],"author":[{"embeddable":true,"href":"https:\/\/jesseracing.com\/index.php?rest_route=\/wp\/v2\/users\/1"}],"replies":[{"embeddable":true,"href":"https:\/\/jesseracing.com\/index.php?rest_route=%2Fwp%2Fv2%2Fcomments&post=8567"}],"version-history":[{"count":6,"href":"https:\/\/jesseracing.com\/index.php?rest_route=\/wp\/v2\/pages\/8567\/revisions"}],"predecessor-version":[{"id":9428,"href":"https:\/\/jesseracing.com\/index.php?rest_route=\/wp\/v2\/pages\/8567\/revisions\/9428"}],"wp:attachment":[{"href":"https:\/\/jesseracing.com\/index.php?rest_route=%2Fwp%2Fv2%2Fmedia&parent=8567"}],"curies":[{"name":"wp","href":"https:\/\/api.w.org\/{rel}","templated":true}]}}