{"id":8262,"date":"2024-10-10T15:36:08","date_gmt":"2024-10-10T12:36:08","guid":{"rendered":"https:\/\/jesseracing.com\/?page_id=8262"},"modified":"2025-11-03T20:28:07","modified_gmt":"2025-11-03T17:28:07","slug":"kilpailukalenteri-2024-2","status":"publish","type":"page","link":"https:\/\/jesseracing.com\/?page_id=8262","title":{"rendered":"Kilpailukalenteri 2025"},"content":{"rendered":"\n<figure class=\"wp-block-image size-large\"><img loading=\"lazy\" decoding=\"async\" width=\"548\" height=\"118\" src=\"https:\/\/jesseracing.com\/wp-content\/uploads\/2020\/05\/IAMESeriesFinland.jpg\" alt=\"\" class=\"wp-image-2888\" srcset=\"https:\/\/jesseracing.com\/wp-content\/uploads\/2020\/05\/IAMESeriesFinland.jpg 548w, https:\/\/jesseracing.com\/wp-content\/uploads\/2020\/05\/IAMESeriesFinland-300x65.jpg 300w\" sizes=\"auto, (max-width: 548px) 100vw, 548px\" \/><figcaption class=\"wp-element-caption\">Lis\u00e4tietoa: <a rel=\"noreferrer noopener\" href=\"https:\/\/racekernel.com\" target=\"_blank\"><span class=\"has-inline-color has-vivid-cyan-blue-color\">IAME Series Finland<\/span><\/a><\/figcaption><\/figure>\n\n\n\n<p>&nbsp;<\/p>\n\n\n\n<h4 class=\"wp-block-heading\"><strong><em>KILPAILUKALENTERI<\/em><\/strong> &#8211; <strong><mark style=\"background-color:rgba(0, 0, 0, 0)\" class=\"has-inline-color has-vivid-red-color\">IAME Series Finland &#8211; X30 Senior luokka<\/mark><\/strong><\/h4>\n\n\n\n<ol class=\"wp-block-list\">\n<li>3.5.2025 &#8211; IAME Series Finland <a href=\"https:\/\/porinfkkerho.fi\" target=\"_blank\" rel=\"noreferrer noopener\"><mark style=\"background-color:rgba(0, 0, 0, 0)\" class=\"has-inline-color has-vivid-cyan-blue-color\"><strong>Pori<\/strong><\/mark><\/a><\/li>\n\n\n\n<li>4.5.2025 &#8211; IAME Series Finland <a href=\"https:\/\/porinfkkerho.fi\" target=\"_blank\" rel=\"noreferrer noopener\"><mark style=\"background-color:rgba(0, 0, 0, 0)\" class=\"has-inline-color has-vivid-cyan-blue-color\"><strong>Pori<\/strong><\/mark><\/a><\/li>\n\n\n\n<li>28.6.2025 &#8211; IAME Series Finland <a href=\"https:\/\/www.pesamaki.fi\/esittely.php\" target=\"_blank\" rel=\"noreferrer noopener\"><mark style=\"background-color:rgba(0, 0, 0, 0)\" class=\"has-inline-color has-vivid-cyan-blue-color\"><strong>Honkajoki<\/strong><\/mark><\/a><\/li>\n\n\n\n<li>29.6.2025 &#8211; IAME Series Finland <a href=\"https:\/\/www.pesamaki.fi\/esittely.php\" target=\"_blank\" rel=\"noreferrer noopener\"><mark style=\"background-color:rgba(0, 0, 0, 0)\" class=\"has-inline-color has-vivid-cyan-blue-color\"><strong>Honkajoki<\/strong><\/mark><\/a><\/li>\n\n\n\n<li>26.7.2025 &#8211; IAME Series Finland <a href=\"https:\/\/kotkanfk.fi\" target=\"_blank\" rel=\"noreferrer noopener\"><mark style=\"background-color:rgba(0, 0, 0, 0)\" class=\"has-inline-color has-vivid-cyan-blue-color\"><strong>Kotka<\/strong><\/mark><\/a><\/li>\n\n\n\n<li>27.7.2025 &#8211; IAME Series Finland <a href=\"https:\/\/kotkanfk.fi\" target=\"_blank\" rel=\"noreferrer noopener\"><mark style=\"background-color:rgba(0, 0, 0, 0)\" class=\"has-inline-color has-vivid-cyan-blue-color\"><strong>Kotka<\/strong><\/mark><\/a><\/li>\n\n\n\n<li>16.8.2025 &#8211; IAME Series Finland <a href=\"http:\/\/www.lahdenfk.fi\/fi\/etusivu\" target=\"_blank\" rel=\"noreferrer noopener\"><mark style=\"background-color:rgba(0, 0, 0, 0)\" class=\"has-inline-color has-vivid-cyan-blue-color\"><strong>Lahti<\/strong><\/mark><\/a><\/li>\n\n\n\n<li>17.8.2025 &#8211; IAME Series Finland <a href=\"http:\/\/www.lahdenfk.fi\/fi\/etusivu\" target=\"_blank\" rel=\"noreferrer noopener\"><mark style=\"background-color:rgba(0, 0, 0, 0)\" class=\"has-inline-color has-vivid-cyan-blue-color\"><strong>Lahti<\/strong><\/mark><\/a><\/li>\n\n\n\n<li>6.9.2025 &#8211; IAME Series Finland <a href=\"https:\/\/www.powerpark.fi\/huvit\/karting\/ulkokarting\/\" target=\"_blank\" rel=\"noreferrer noopener\"><mark style=\"background-color:rgba(0, 0, 0, 0)\" class=\"has-inline-color has-vivid-cyan-blue-color\"><strong>Alah\u00e4rm\u00e4<\/strong><\/mark><\/a><\/li>\n\n\n\n<li>7.9.2024 &#8211; IAME Series Finland <a href=\"https:\/\/www.powerpark.fi\/huvit\/karting\/ulkokarting\/\" target=\"_blank\" rel=\"noreferrer noopener\"><mark style=\"background-color:rgba(0, 0, 0, 0)\" class=\"has-inline-color has-vivid-cyan-blue-color\"><strong>Alah\u00e4rm\u00e4<\/strong><\/mark><\/a><\/li>\n<\/ol>\n\n\n\n<p>Kilpailuviikonloppu sis\u00e4lt\u00e4\u00e4 aina kaksi erillist\u00e4 kilpailua lauantaina ja sunnuntaina. Harjoittelup\u00e4iv\u00e4t kyseiseen viikonloppuun tapahtuu aina kisaviikonlopun torstaina ja perjantaina<\/p>\n\n\n\n<h4 class=\"wp-block-heading\"><strong>Mahdollisesti my\u00f6s IWF25 Espanjassa Valencian radalla 27.10 &#8211; 1.11.2025<\/strong><\/h4>\n\n\n\n<p><a href=\"https:\/\/www.iame-motorsport.com\/iwf\/iwf25\"><mark style=\"background-color:rgba(0, 0, 0, 0)\" class=\"has-inline-color has-vivid-cyan-blue-color\"><u>https:\/\/www.iame-motorsport.com\/iwf\/iwf25<\/u><\/mark><\/a><\/p>\n\n\n\n<figure class=\"wp-block-image size-large\"><img decoding=\"async\" src=\"https:\/\/jesseracing.com\/wp-content\/uploads\/2022\/03\/kartingsm548x88.jpg\" alt=\"\" class=\"wp-image-2888\"\/><figcaption class=\"wp-element-caption\">Lis\u00e4tietoa: <a rel=\"noreferrer noopener\" href=\"https:\/\/kartingsm.fi\" target=\"_blank\"><span class=\"has-inline-color has-vivid-cyan-blue-color\">Karting SM<\/span><\/a><\/figcaption><\/figure>\n\n\n\n<h4 class=\"wp-block-heading\"><strong><em>KILPAILUKALENTERI<\/em><\/strong> &#8211; <strong><mark style=\"background-color:rgba(0, 0, 0, 0)\" class=\"has-inline-color has-vivid-red-color\">Karting SM &#8211; OK-luokka<\/mark><\/strong><\/h4>\n\n\n\n<ol class=\"wp-block-list\">\n<li>10.5.2025 &#8211; Karting SM <a href=\"https:\/\/vantaacircuit.fi\" target=\"_blank\" rel=\"noreferrer noopener\"><mark style=\"background-color:rgba(0, 0, 0, 0)\" class=\"has-inline-color has-vivid-cyan-blue-color\"><strong>Vantaa<\/strong><\/mark><\/a><\/li>\n\n\n\n<li>11.5.2025 &#8211; Karting SM <a href=\"https:\/\/vantaacircuit.fi\" target=\"_blank\" rel=\"noreferrer noopener\"><mark style=\"background-color:rgba(0, 0, 0, 0)\" class=\"has-inline-color has-vivid-cyan-blue-color\"><strong>Vantaa<\/strong><\/mark><\/a><\/li>\n\n\n\n<li>9.8.2025 &#8211; Karting SM <a href=\"https:\/\/www.swkfinry.com\" target=\"_blank\" rel=\"noreferrer noopener\"><mark style=\"background-color:rgba(0, 0, 0, 0)\" class=\"has-inline-color has-vivid-cyan-blue-color\"><strong>Paimio<\/strong><\/mark><\/a><\/li>\n\n\n\n<li>10.8.2025 &#8211; Karting SM <a href=\"https:\/\/www.swkfinry.com\" target=\"_blank\" rel=\"noreferrer noopener\"><mark style=\"background-color:rgba(0, 0, 0, 0)\" class=\"has-inline-color has-vivid-cyan-blue-color\"><strong>Paimio<\/strong><\/mark><\/a><\/li>\n<\/ol>\n\n\n\n<h4 class=\"wp-block-heading\"><strong>Mahdollisesti my\u00f6s Karting MM Ruotsissa Kristianstadin radalla<\/strong> 11-14.9.2025<\/h4>\n\n\n\n<p><a href=\"https:\/\/www.fiakarting.com\/event\/2025-kristianstad\/guide\"><mark style=\"background-color:rgba(0, 0, 0, 0)\" class=\"has-inline-color has-vivid-cyan-blue-color\"><u>https:\/\/www.fiakarting.com\/event\/2025-kristianstad\/guide<\/u><\/mark><\/a><\/p>\n\n\n<p><!-- \/wp:list --><\/p>\n<p><!-- wp:paragraph --><\/p>\n<p><!-- \/wp:paragraph --><\/p>\n<p><!-- wp:paragraph --><\/p>\n<p>Kilpailuviikonloppu sis\u00e4lt\u00e4\u00e4 aina kolme erillist\u00e4 finaalia, joista saa pisteit\u00e4 lauantaina 1 ja sunnuntaina 2. Harjoittelup\u00e4iv\u00e4t kyseiseen viikonloppuun tapahtuu aina kisaviikonlopun torstaina ja perjantaina.<\/p>\n<p><!-- \/wp:paragraph --><\/p>\n<p><!-- wp:paragraph --><\/p>\n<p><strong>YLEIST\u00c4 TIETOA KILPAILUISTA:<\/strong><\/p>\n<p>Kaikista kilpailuista tullaan l\u00e4hett\u00e4m\u00e4\u00e4n j\u00e4rjest\u00e4j\u00e4n toimesta Livestream Youtuben kautta.<\/p>\n<p><!-- \/wp:paragraph --><\/p>\n<p><!-- wp:paragraph --><\/p>\n<p>KartingSM &#8211; <a href=\"https:\/\/www.youtube.com\/c\/Moottoriurheilutv\" target=\"_blank\" rel=\"noreferrer noopener\"><span class=\"has-inline-color has-vivid-cyan-blue-color\">https:\/\/www.youtube.com\/c\/Moottoriurheilutv<\/span><\/a><\/p>\n<p>Nyt n\u00e4ytt\u00e4\u00e4 silt\u00e4 ett\u00e4 <strong>KartingSM<\/strong> palvelu on siirtynyt maksulliselle alustalle 6,90\u20ac\/kk -&gt;<a href=\"https:\/\/www.flyingfinn.tv\/karting\" target=\"_blank\" rel=\"noreferrer noopener\"><span class=\"has-inline-color has-vivid-cyan-blue-color\">https:\/\/www.flyingfinn.tv\/karting<\/span><\/a><\/p>\n<p><!-- \/wp:paragraph --><\/p>\n<p><!-- wp:paragraph --><\/p>\n<p>IAME Series Finland &#8211; <a href=\"https:\/\/www.youtube.com\/c\/XPromotions\" target=\"_blank\" rel=\"noreferrer noopener\"><span class=\"has-inline-color has-vivid-cyan-blue-color\">https:\/\/www.youtube.com\/c\/XPromotions<\/span><\/a><\/p>\n<p><!-- \/wp:paragraph --><\/p>\n<p><!-- wp:paragraph --><\/p>\n<p><a href=\"https:\/\/racekernel.com\/index.php?page=series&amp;data=iameseriesfinland2021\" target=\"_blank\" rel=\"noreferrer noopener\"><span class=\"has-inline-color has-vivid-cyan-blue-color\">Racekernel<\/span><\/a> kilpailusivusto, josta l\u00f6yt\u00e4\u00e4 tarkemmat tiedot kilpailuista ja muista sarjan asioista.<\/p>\n<p><!-- \/wp:paragraph --><\/p>\n<p><!-- wp:paragraph --><\/p>\n<p><a href=\"https:\/\/kartingsm.fi\" target=\"_blank\" rel=\"noreferrer noopener\"><span class=\"has-inline-color has-vivid-cyan-blue-color\">Karting SM<\/span><\/a><\/p>\n<p><!-- \/wp:paragraph --><\/p>\n<p><!-- wp:paragraph --><\/p>\n<p><a href=\"https:\/\/www.facebook.com\/karting.sm\" target=\"_blank\" rel=\"noreferrer noopener\"><span class=\"has-inline-color has-vivid-cyan-blue-color\">Karting SM facebook sivut<\/span><\/a><\/p>\n<p><!-- \/wp:paragraph --><\/p>\n<p><!-- wp:paragraph --><\/p>\n<p><a href=\"https:\/\/www.iameseriesnortherneurope.com\/finland\/\" target=\"_blank\" rel=\"noreferrer noopener\"><span class=\"has-inline-color has-vivid-cyan-blue-color\">IAME Series Finland kotisivut<\/span><\/a><\/p>\n<p><!-- \/wp:paragraph --><\/p>\n<p><!-- wp:paragraph --><\/p>\n<p><a href=\"https:\/\/www.facebook.com\/iameseriesfinland\" target=\"_blank\" rel=\"noreferrer noopener\"><span class=\"has-inline-color has-vivid-cyan-blue-color\">IAME Series Finland Facebook sivut<\/span><\/a><\/p>\n<p><!-- \/wp:paragraph --><\/p>\n<p><!-- wp:paragraph --><\/p>\n<p><!-- \/wp:paragraph --><\/p>","protected":false},"excerpt":{"rendered":"<p>&nbsp; KILPAILUKALENTERI &#8211; IAME Series Finland &#8211; X30 Senior luokka Kilpailuviikonloppu sis\u00e4lt\u00e4\u00e4 aina kaksi erillist\u00e4 kilpailua lauantaina ja sunnuntaina. Harjoittelup\u00e4iv\u00e4t kyseiseen viikonloppuun tapahtuu aina kisaviikonlopun torstaina ja perjantaina Mahdollisesti my\u00f6s IWF25 Espanjassa Valencian radalla 27.10 &#8211; 1.11.2025 https:\/\/www.iame-motorsport.com\/iwf\/iwf25 KILPAILUKALENTERI &#8211; Karting SM &#8211; OK-luokka Mahdollisesti my\u00f6s Karting MM Ruotsissa Kristianstadin radalla 11-14.9.2025 https:\/\/www.fiakarting.com\/event\/2025-kristianstad\/guide Kilpailuviikonloppu sis\u00e4lt\u00e4\u00e4 [&hellip;]<\/p>\n","protected":false},"author":1,"featured_media":0,"parent":0,"menu_order":0,"comment_status":"closed","ping_status":"closed","template":"","meta":{"footnotes":""},"class_list":["post-8262","page","type-page","status-publish","hentry","small-justify-block","no-thumb"],"_links":{"self":[{"href":"https:\/\/jesseracing.com\/index.php?rest_route=\/wp\/v2\/pages\/8262","targetHints":{"allow":["GET"]}}],"collection":[{"href":"https:\/\/jesseracing.com\/index.php?rest_route=\/wp\/v2\/pages"}],"about":[{"href":"https:\/\/jesseracing.com\/index.php?rest_route=\/wp\/v2\/types\/page"}],"author":[{"embeddable":true,"href":"https:\/\/jesseracing.com\/index.php?rest_route=\/wp\/v2\/users\/1"}],"replies":[{"embeddable":true,"href":"https:\/\/jesseracing.com\/index.php?rest_route=%2Fwp%2Fv2%2Fcomments&post=8262"}],"version-history":[{"count":41,"href":"https:\/\/jesseracing.com\/index.php?rest_route=\/wp\/v2\/pages\/8262\/revisions"}],"predecessor-version":[{"id":9574,"href":"https:\/\/jesseracing.com\/index.php?rest_route=\/wp\/v2\/pages\/8262\/revisions\/9574"}],"wp:attachment":[{"href":"https:\/\/jesseracing.com\/index.php?rest_route=%2Fwp%2Fv2%2Fmedia&parent=8262"}],"curies":[{"name":"wp","href":"https:\/\/api.w.org\/{rel}","templated":true}]}}