{"id":6870,"date":"2023-12-13T10:59:15","date_gmt":"2023-12-13T07:59:15","guid":{"rendered":"https:\/\/jesseracing.com\/?page_id=6870"},"modified":"2025-07-29T16:26:57","modified_gmt":"2025-07-29T13:26:57","slug":"karting-auto-ok-2024","status":"publish","type":"page","link":"https:\/\/jesseracing.com\/?page_id=6870","title":{"rendered":"Karting harjoitusauto &#8211; OK 2024"},"content":{"rendered":"\n<figure class=\"wp-block-image size-full\"><img loading=\"lazy\" decoding=\"async\" width=\"500\" height=\"400\" src=\"https:\/\/jesseracing.com\/wp-content\/uploads\/2023\/01\/OKj.jpg\" alt=\"\" class=\"wp-image-5898\" srcset=\"https:\/\/jesseracing.com\/wp-content\/uploads\/2023\/01\/OKj.jpg 500w, https:\/\/jesseracing.com\/wp-content\/uploads\/2023\/01\/OKj-300x240.jpg 300w\" sizes=\"auto, (max-width: 500px) 100vw, 500px\" \/><\/figure>\n\n\n\n<p><\/p>\n\n\n\n<ul class=\"wp-block-list\">\n<li><em><strong>Runko:<\/strong> <\/em>Tony Kart<\/li>\n\n\n\n<li><em><strong>Moottori:<\/strong> <\/em>X30-Senior<\/li>\n\n\n\n<li><em><strong>Iskutilavuus:<\/strong> 125cc<\/em><\/li>\n\n\n\n<li><em><strong>Teho:<\/strong> n. 30hv<\/em><\/li>\n\n\n\n<li><strong>V\u00e4\u00e4nt\u00f6:<\/strong> n. 19,5nm<\/li>\n\n\n\n<li><em><strong>Maksimi nopeus:<\/strong> n.110-135km\/h (riippuen radasta ja siihen sopivista v\u00e4lityksist\u00e4)<\/em><\/li>\n\n\n\n<li><em><strong>Kaasutin:<\/strong> <\/em>Tillotson HW-27A<\/li>\n\n\n\n<li><em><strong>Polttoaine<\/strong>: 98E<\/em>&nbsp;+ (WLADOIL K 2T \u00d6LJY)<\/li>\n\n\n\n<li><strong>J\u00e4\u00e4hdytys:<\/strong> Vesij\u00e4\u00e4hdytys<\/li>\n\n\n\n<li><em><strong>Max. kierrosluku<\/strong>: n.16000 r\/min<\/em><\/li>\n\n\n\n<li><em><strong>K\u00e4ynnistys:<\/strong> Nappistartti<\/em><\/li>\n\n\n\n<li><em><strong>Sytytystulppa:<\/strong> NGK BR9\/10EIX IRIDIUM<\/em><\/li>\n\n\n\n<li><em><strong>Paino:<\/strong> Minimipaino kilpailuissa kuljettajan kanssa 165kg<\/em><\/li>\n\n\n\n<li><em><strong>Renkaat:<\/strong> KOMET K2M (SLIKSIT) \/ KOMET K1W (SADEKELI)&nbsp;<\/em><\/li>\n\n\n\n<li><em><strong>Rungon pituus:<\/strong> 1030mm (akselin v\u00e4li)<\/em>, 1950mm<\/li>\n\n\n\n<li><strong>Rungon leveys:<\/strong> 1350 &#8211; 1400mm<\/li>\n\n\n\n<li><em><strong>Jarrut:<\/strong> <em>BSD TONYKART (TAKANA)<\/em><\/em><\/li>\n\n\n\n<li><em><strong>Mittaristo:<\/strong> Unigo 7006<\/em>\n<ul class=\"wp-block-list\">\n<li><strong><u>N\u00e4ytt\u00e4\u00e4 moottorin:<\/u><\/strong><\/li>\n\n\n\n<li><em>max\/min kierrosluvut<\/em><\/li>\n\n\n\n<li><em>kierros ajan<\/em><\/li>\n\n\n\n<li><em>moottorin max\/min pakol\u00e4mp\u00f6tilan<\/em><\/li>\n\n\n\n<li><em>Veden l\u00e4mp\u00f6tilan<\/em><\/li>\n\n\n\n<li><em>Ajonopeuden<\/em><\/li>\n\n\n\n<li>ym.<\/li>\n<\/ul>\n<\/li>\n\n\n\n<li><strong>Kamera:<\/strong> GoPro 12 Hero Black <em>(4K &#8211; 120fps &#8211; HyperSmooth)<\/em><\/li>\n<\/ul>\n","protected":false},"excerpt":{"rendered":"","protected":false},"author":1,"featured_media":0,"parent":0,"menu_order":0,"comment_status":"closed","ping_status":"closed","template":"","meta":{"footnotes":""},"class_list":["post-6870","page","type-page","status-publish","hentry","small-justify-block","no-thumb"],"_links":{"self":[{"href":"https:\/\/jesseracing.com\/index.php?rest_route=\/wp\/v2\/pages\/6870","targetHints":{"allow":["GET"]}}],"collection":[{"href":"https:\/\/jesseracing.com\/index.php?rest_route=\/wp\/v2\/pages"}],"about":[{"href":"https:\/\/jesseracing.com\/index.php?rest_route=\/wp\/v2\/types\/page"}],"author":[{"embeddable":true,"href":"https:\/\/jesseracing.com\/index.php?rest_route=\/wp\/v2\/users\/1"}],"replies":[{"embeddable":true,"href":"https:\/\/jesseracing.com\/index.php?rest_route=%2Fwp%2Fv2%2Fcomments&post=6870"}],"version-history":[{"count":11,"href":"https:\/\/jesseracing.com\/index.php?rest_route=\/wp\/v2\/pages\/6870\/revisions"}],"predecessor-version":[{"id":9054,"href":"https:\/\/jesseracing.com\/index.php?rest_route=\/wp\/v2\/pages\/6870\/revisions\/9054"}],"wp:attachment":[{"href":"https:\/\/jesseracing.com\/index.php?rest_route=%2Fwp%2Fv2%2Fmedia&parent=6870"}],"curies":[{"name":"wp","href":"https:\/\/api.w.org\/{rel}","templated":true}]}}