{"id":6858,"date":"2023-12-13T10:40:51","date_gmt":"2023-12-13T07:40:51","guid":{"rendered":"https:\/\/jesseracing.com\/?page_id=6858"},"modified":"2024-05-13T09:17:15","modified_gmt":"2024-05-13T06:17:15","slug":"kilpailukalenteri-2024","status":"publish","type":"page","link":"https:\/\/jesseracing.com\/?page_id=6858","title":{"rendered":"Kilpailukalenteri 2024"},"content":{"rendered":"\n<figure class=\"wp-block-image size-large\"><img loading=\"lazy\" decoding=\"async\" width=\"548\" height=\"118\" src=\"https:\/\/jesseracing.com\/wp-content\/uploads\/2020\/05\/IAMESeriesFinland.jpg\" alt=\"\" class=\"wp-image-2888\" srcset=\"https:\/\/jesseracing.com\/wp-content\/uploads\/2020\/05\/IAMESeriesFinland.jpg 548w, https:\/\/jesseracing.com\/wp-content\/uploads\/2020\/05\/IAMESeriesFinland-300x65.jpg 300w\" sizes=\"auto, (max-width: 548px) 100vw, 548px\" \/><figcaption class=\"wp-element-caption\">Lis\u00e4tietoa: <a rel=\"noreferrer noopener\" href=\"https:\/\/racekernel.com\/index.php?page=series&amp;data=iameseriesfinland2021\" target=\"_blank\"><span class=\"has-inline-color has-vivid-cyan-blue-color\">IAME Series Finland<\/span><\/a><\/figcaption><\/figure>\n\n\n\n<p>&nbsp;<\/p>\n\n\n\n<h4 class=\"wp-block-heading\"><strong><em>KILPAILUKALENTERI<\/em><\/strong> &#8211; <strong><mark style=\"background-color:rgba(0, 0, 0, 0)\" class=\"has-inline-color has-vivid-red-color\">IAME Series Finland<\/mark><\/strong><\/h4>\n\n\n\n<ol class=\"wp-block-list\">\n<li>11.5.2024 &#8211; IAME Series Finland <a href=\"http:\/\/www.kouvolakarting.fi\/\" target=\"_blank\" rel=\"noreferrer noopener\"><mark style=\"background-color:rgba(0, 0, 0, 0)\" class=\"has-inline-color has-vivid-cyan-blue-color\"><strong>Kouvola<\/strong><\/mark><\/a><\/li>\n\n\n\n<li>12.5.2024 &#8211; IAME Series Finland <a href=\"http:\/\/www.kouvolakarting.fi\/\" target=\"_blank\" rel=\"noreferrer noopener\"><mark style=\"background-color:rgba(0, 0, 0, 0)\" class=\"has-inline-color has-vivid-cyan-blue-color\"><strong>Kouvola<\/strong><\/mark><\/a><\/li>\n\n\n\n<li>8.6.2024 &#8211; IAME Series Finland <a href=\"https:\/\/www.ouluzone.fi\/\" target=\"_blank\" rel=\"noreferrer noopener\"><mark style=\"background-color:rgba(0, 0, 0, 0)\" class=\"has-inline-color has-vivid-cyan-blue-color\"><strong>Oulu<\/strong><\/mark><\/a><\/li>\n\n\n\n<li>9.6.2024 &#8211; IAME Series Finland <a href=\"https:\/\/www.ouluzone.fi\/\" data-type=\"URL\" data-id=\"https:\/\/www.ouluzone.fi\/\"><mark style=\"background-color:rgba(0, 0, 0, 0)\" class=\"has-inline-color has-vivid-cyan-blue-color\"><strong>Oulu<\/strong><\/mark><\/a><\/li>\n\n\n\n<li>6.7.2024 &#8211; IAME Series Finland <a href=\"https:\/\/vihua.fi\/\" target=\"_blank\" rel=\"noreferrer noopener\"><mark style=\"background-color:rgba(0, 0, 0, 0)\" class=\"has-inline-color has-vivid-cyan-blue-color\"><strong>Vihti<\/strong><\/mark><\/a><\/li>\n\n\n\n<li>7.7.2024 &#8211; IAME Series Finland <a rel=\"noreferrer noopener\" href=\"https:\/\/vihua.fi\/\" target=\"_blank\"><mark style=\"background-color:rgba(0, 0, 0, 0)\" class=\"has-inline-color has-vivid-cyan-blue-color\"><strong>Vihti<\/strong><\/mark><\/a><\/li>\n\n\n\n<li>3.8.2024 &#8211; IAME Series Finland <a href=\"http:\/\/www.lahdenfk.fi\/fi\/etusivu\" target=\"_blank\" rel=\"noreferrer noopener\"><mark style=\"background-color:rgba(0, 0, 0, 0)\" class=\"has-inline-color has-vivid-cyan-blue-color\"><strong>Lahti<\/strong><\/mark><\/a><\/li>\n\n\n\n<li>4.8.2024 &#8211; IAME Series Finland <a href=\"http:\/\/www.lahdenfk.fi\/fi\/etusivu\" target=\"_blank\" rel=\"noreferrer noopener\"><mark style=\"background-color:rgba(0, 0, 0, 0)\" class=\"has-inline-color has-vivid-cyan-blue-color\"><strong>Lahti<\/strong><\/mark><\/a><\/li>\n\n\n\n<li>7.9.2024 &#8211; IAME Series Finland <a href=\"https:\/\/www.powerpark.fi\/huvit\/karting\/ulkokarting\/\" target=\"_blank\" rel=\"noreferrer noopener\"><mark style=\"background-color:rgba(0, 0, 0, 0)\" class=\"has-inline-color has-vivid-cyan-blue-color\"><strong>Alah\u00e4rm\u00e4<\/strong><\/mark><\/a><\/li>\n\n\n\n<li>8.9.2024 &#8211; IAME Series Finland <a href=\"https:\/\/www.powerpark.fi\/huvit\/karting\/ulkokarting\/\" target=\"_blank\" rel=\"noreferrer noopener\"><mark style=\"background-color:rgba(0, 0, 0, 0)\" class=\"has-inline-color has-vivid-cyan-blue-color\"><strong>Alah\u00e4rm\u00e4<\/strong><\/mark><\/a><\/li>\n<\/ol>\n\n\n<p><!-- \/wp:list --><\/p>\n<p><!-- wp:paragraph --><\/p>\n<p>Alkuper\u00e4inen suunnitelma oli menn\u00e4 ajamaan SM-luokkaa OK-sarjassa <em><strong>mutta sarjaan ei ole ilmoittautunut tarpeeksi ajajia.<\/strong><\/em> On siis iso riski ett\u00e4 SM-sarjaa ei ajeta t\u00e4n\u00e4 vuonna. T\u00e4m\u00e4n vuoksi menemme ajamaan IAME Series Finland &#8211; Senior luokkaa, jossa ilmoittautuneita on t\u00e4ll\u00e4 hetkell\u00e4 56.<\/p>\n<p><strong>N\u00e4iden lis\u00e4ksi voi tulla viel\u00e4 muitakin kilpailuja???<\/strong><\/p>\n<p>Mahdollisesti Karting SM sarjasta tulee yhden viikolopun kilpailu????? Sen aikataulun katsomme ja osallistumme mahdollisuuksien mukaan. Lis\u00e4ksi IAME Series Finland luokassa on Nordic Cup Norjassa Varnan radalla.<\/p>\n<p><!-- \/wp:paragraph --><\/p>\n<p><!-- wp:paragraph --><\/p>\n<p>Kilpailuviikonloppu sis\u00e4lt\u00e4\u00e4 aina kaksi erillist\u00e4 kilpailua lauantaina ja sunnuntaina. Harjoittelup\u00e4iv\u00e4t kyseiseen viikonloppuun tapahtuu aina kisaviikonlopun torstaina ja perjantaina.<\/p>\n<p><!-- \/wp:paragraph --><\/p>\n<p><!-- wp:paragraph --><\/p>\n<p>Kaikista kilpailuista tullaan l\u00e4hett\u00e4m\u00e4\u00e4n j\u00e4rjest\u00e4j\u00e4n toimesta Livestream Youtuben kautta.<\/p>\n<p><!-- \/wp:paragraph --><\/p>\n<p><!-- wp:paragraph --><\/p>\n<p>KartingSM &#8211; <a href=\"https:\/\/www.youtube.com\/c\/Moottoriurheilutv\" target=\"_blank\" rel=\"noreferrer noopener\"><span class=\"has-inline-color has-vivid-cyan-blue-color\">https:\/\/www.youtube.com\/c\/Moottoriurheilutv<\/span><\/a><\/p>\n<p><!-- \/wp:paragraph --><\/p>\n<p><!-- wp:paragraph --><\/p>\n<p>IAME Series Finland &#8211; <a href=\"https:\/\/www.youtube.com\/c\/XPromotions\" target=\"_blank\" rel=\"noreferrer noopener\"><span class=\"has-inline-color has-vivid-cyan-blue-color\">https:\/\/www.youtube.com\/c\/XPromotions<\/span><\/a><\/p>\n<p><!-- \/wp:paragraph --><\/p>\n<p><!-- wp:paragraph --><\/p>\n<p><a href=\"https:\/\/racekernel.com\/index.php?page=series&amp;data=iameseriesfinland2021\" target=\"_blank\" rel=\"noreferrer noopener\"><span class=\"has-inline-color has-vivid-cyan-blue-color\">Racekernel<\/span><\/a> kilpailusivusto, josta l\u00f6yt\u00e4\u00e4 tarkemmat tiedot kilpailuista ja muista sarjan asioista.<\/p>\n<p><!-- \/wp:paragraph --><\/p>\n<p><!-- wp:paragraph --><\/p>\n<p><a href=\"http:\/\/www.kartingsm.fi\/content\/fi\/1\/10090\/SM-sarja.html\" target=\"_blank\" rel=\"noreferrer noopener\"><span class=\"has-inline-color has-vivid-cyan-blue-color\">Karting SM<\/span><\/a><\/p>\n<p><!-- \/wp:paragraph --><\/p>\n<p><!-- wp:paragraph --><\/p>\n<p><a href=\"https:\/\/www.facebook.com\/karting.sm\" target=\"_blank\" rel=\"noreferrer noopener\"><span class=\"has-inline-color has-vivid-cyan-blue-color\">Karting SM facebook sivut<\/span><\/a><\/p>\n<p><!-- \/wp:paragraph --><\/p>\n<p><!-- wp:paragraph --><\/p>\n<p><a href=\"https:\/\/www.iameseriesnortherneurope.com\/finland\/\" target=\"_blank\" rel=\"noreferrer noopener\"><span class=\"has-inline-color has-vivid-cyan-blue-color\">IAME Series Finland kotisivut<\/span><\/a><\/p>\n<p><!-- \/wp:paragraph --><\/p>\n<p><!-- wp:paragraph --><\/p>\n<p><a href=\"https:\/\/www.facebook.com\/iamefinland\" target=\"_blank\" rel=\"noreferrer noopener\"><span class=\"has-inline-color has-vivid-cyan-blue-color\">IAME Series Finland Facebook sivut<\/span><\/a><\/p>\n<p><!-- \/wp:paragraph --><\/p>\n<p><!-- wp:paragraph --><\/p>\n<p><!-- \/wp:paragraph --><\/p>","protected":false},"excerpt":{"rendered":"<p>&nbsp; KILPAILUKALENTERI &#8211; IAME Series Finland Alkuper\u00e4inen suunnitelma oli menn\u00e4 ajamaan SM-luokkaa OK-sarjassa mutta sarjaan ei ole ilmoittautunut tarpeeksi ajajia. On siis iso riski ett\u00e4 SM-sarjaa ei ajeta t\u00e4n\u00e4 vuonna. T\u00e4m\u00e4n vuoksi menemme ajamaan IAME Series Finland &#8211; Senior luokkaa, jossa ilmoittautuneita on t\u00e4ll\u00e4 hetkell\u00e4 56. N\u00e4iden lis\u00e4ksi voi tulla viel\u00e4 muitakin kilpailuja??? Mahdollisesti Karting [&hellip;]<\/p>\n","protected":false},"author":1,"featured_media":0,"parent":0,"menu_order":0,"comment_status":"closed","ping_status":"closed","template":"","meta":{"footnotes":""},"class_list":["post-6858","page","type-page","status-publish","hentry","small-justify-block","no-thumb"],"_links":{"self":[{"href":"https:\/\/jesseracing.com\/index.php?rest_route=\/wp\/v2\/pages\/6858","targetHints":{"allow":["GET"]}}],"collection":[{"href":"https:\/\/jesseracing.com\/index.php?rest_route=\/wp\/v2\/pages"}],"about":[{"href":"https:\/\/jesseracing.com\/index.php?rest_route=\/wp\/v2\/types\/page"}],"author":[{"embeddable":true,"href":"https:\/\/jesseracing.com\/index.php?rest_route=\/wp\/v2\/users\/1"}],"replies":[{"embeddable":true,"href":"https:\/\/jesseracing.com\/index.php?rest_route=%2Fwp%2Fv2%2Fcomments&post=6858"}],"version-history":[{"count":18,"href":"https:\/\/jesseracing.com\/index.php?rest_route=\/wp\/v2\/pages\/6858\/revisions"}],"predecessor-version":[{"id":7073,"href":"https:\/\/jesseracing.com\/index.php?rest_route=\/wp\/v2\/pages\/6858\/revisions\/7073"}],"wp:attachment":[{"href":"https:\/\/jesseracing.com\/index.php?rest_route=%2Fwp%2Fv2%2Fmedia&parent=6858"}],"curies":[{"name":"wp","href":"https:\/\/api.w.org\/{rel}","templated":true}]}}