{"id":5946,"date":"2023-01-07T14:15:03","date_gmt":"2023-01-07T11:15:03","guid":{"rendered":"https:\/\/jesseracing.com\/?page_id=5946"},"modified":"2025-10-07T00:21:15","modified_gmt":"2025-10-06T21:21:15","slug":"simulaattori","status":"publish","type":"page","link":"https:\/\/jesseracing.com\/?page_id=5946","title":{"rendered":"Simulaattori"},"content":{"rendered":"\n<h2 class=\"wp-block-heading\">Ajosimulaattori<\/h2>\n\n\n\n<div id=\"envira-gallery-wrap-8576\" class=\"envira-gallery-wrap envira-gallery-theme-base envira-lightbox-theme-base\" itemscope itemtype=\"https:\/\/schema.org\/ImageGallery\"><div data-row-height=\"\" data-gallery-theme=\"\" id=\"envira-gallery-8576\" class=\"envira-gallery-public  envira-gallery-2-columns envira-clear enviratope envira-gallery-css-animations\" data-envira-columns=\"2\"><div id=\"envira-gallery-item-6895\" class=\"envira-gallery-item enviratope-item envira-gallery-item-1 envira-lazy-load\" style=\"padding-left: 3px; padding-bottom: 5px; padding-right: 3px;\"  itemscope itemtype=\"https:\/\/schema.org\/ImageObject\"><div class=\"envira-gallery-item-inner\"><div class=\"envira-gallery-position-overlay  envira-gallery-top-left\"><\/div><div class=\"envira-gallery-position-overlay  envira-gallery-top-right\"><\/div><div class=\"envira-gallery-position-overlay  envira-gallery-bottom-left\"><\/div><div class=\"envira-gallery-position-overlay  envira-gallery-bottom-right\"><\/div><a href=\"https:\/\/jesseracing.com\/wp-content\/uploads\/2023\/12\/simurigi01.jpg\" class=\"envira-gallery-8576 envira-gallery-link\" rel=\"enviragallery8576\" title=\"simurigi01\" data-envira-caption=\"simurigi01\" data-envira-retina=\"\" data-thumbnail=\"\"  itemprop=\"contentUrl\"><div class=\"envira-lazy\" data-test-width=\"640\" data-test-height=\"480\" style=\"padding-bottom:75%;\"><img decoding=\"async\" id=\"envira-gallery-image-6895\" class=\"envira-gallery-image envira-gallery-image-1\" data-envira-index=\"1\" src=\"https:\/\/jesseracing.com\/wp-content\/uploads\/2023\/12\/simurigi01-960x1024-640x480.jpg\" data-envira-src=\"https:\/\/jesseracing.com\/wp-content\/uploads\/2023\/12\/simurigi01-960x1024-640x480.jpg\" data-envira-gallery-id=\"8576\" data-envira-item-id=\"6895\" data-envira-caption=\"simurigi01\" alt=\"\" title=\"simurigi01\"  itemprop=\"thumbnailUrl\" data-envira-srcset=\"https:\/\/jesseracing.com\/wp-content\/uploads\/2023\/12\/simurigi01-960x1024-640x480.jpg 400w,https:\/\/jesseracing.com\/wp-content\/uploads\/2023\/12\/simurigi01-960x1024-640x480.jpg 2x\" srcset=\"data:image\/gif;base64,R0lGODlhAQABAIAAAP\/\/\/\/\/\/\/yH5BAEKAAEALAAAAAABAAEAAAICTAEAOw==\" \/><\/div><\/a><\/div><\/div><div id=\"envira-gallery-item-8579\" class=\"envira-gallery-item enviratope-item envira-gallery-item-2 envira-lazy-load\" style=\"padding-left: 3px; padding-bottom: 5px; padding-right: 3px;\"  itemscope itemtype=\"https:\/\/schema.org\/ImageObject\"><div class=\"envira-gallery-item-inner\"><div class=\"envira-gallery-position-overlay  envira-gallery-top-left\"><\/div><div class=\"envira-gallery-position-overlay  envira-gallery-top-right\"><\/div><div class=\"envira-gallery-position-overlay  envira-gallery-bottom-left\"><\/div><div class=\"envira-gallery-position-overlay  envira-gallery-bottom-right\"><\/div><a href=\"https:\/\/jesseracing.com\/wp-content\/uploads\/2025\/03\/simurigi02-1.jpg\" class=\"envira-gallery-8576 envira-gallery-link\" rel=\"enviragallery8576\" title=\"simurigi02\" data-envira-caption=\"simurigi02\" data-envira-retina=\"\" data-thumbnail=\"\"  itemprop=\"contentUrl\"><div class=\"envira-lazy\" data-test-width=\"640\" data-test-height=\"480\" style=\"padding-bottom:75%;\"><img decoding=\"async\" id=\"envira-gallery-image-8579\" class=\"envira-gallery-image envira-gallery-image-2\" data-envira-index=\"2\" src=\"https:\/\/jesseracing.com\/wp-content\/uploads\/2025\/03\/simurigi02-1-960x1024-640x480.jpg\" data-envira-src=\"https:\/\/jesseracing.com\/wp-content\/uploads\/2025\/03\/simurigi02-1-960x1024-640x480.jpg\" data-envira-gallery-id=\"8576\" data-envira-item-id=\"8579\" data-envira-caption=\"simurigi02\" alt=\"\" title=\"simurigi02\"  itemprop=\"thumbnailUrl\" data-envira-srcset=\"https:\/\/jesseracing.com\/wp-content\/uploads\/2025\/03\/simurigi02-1-960x1024-640x480.jpg 400w,https:\/\/jesseracing.com\/wp-content\/uploads\/2025\/03\/simurigi02-1-960x1024-640x480.jpg 2x\" srcset=\"data:image\/gif;base64,R0lGODlhAQABAIAAAP\/\/\/\/\/\/\/yH5BAEKAAEALAAAAAABAAEAAAICTAEAOw==\" \/><\/div><\/a><\/div><\/div><\/div><\/div><noscript><img decoding=\"async\" src=\"https:\/\/jesseracing.com\/wp-content\/uploads\/2023\/12\/simurigi01.jpg\" alt=\"\" \/><img decoding=\"async\" src=\"https:\/\/jesseracing.com\/wp-content\/uploads\/2025\/03\/simurigi02-1.jpg\" alt=\"\" \/><\/noscript>\n\n\n\n<p>Vuonna 2023 rakennettiin ajosimulaattori talviharjoitteluun joka p\u00e4ivitettiin 2024. P\u00e4ivitys jatkui yll\u00e4tt\u00e4en vuonna 2025 :). <strong>Klikkaamalla kuva aukeaa isompana.<\/strong> T\u00e4ll\u00e4 osallistutaan useihin simulaattori kilpailuihin!<\/p>\n\n\n\n<p>Ohessa tietoa simulaattorista:<\/p>\n\n\n\n<ul class=\"wp-block-list\">\n<li>Rigi: <a rel=\"noreferrer noopener\" href=\"https:\/\/nextlevelracing.com\/products\/f-gt-elite-wheel-plate-edition\/\" target=\"_blank\"><mark style=\"background-color:rgba(0, 0, 0, 0)\" class=\"has-inline-color has-vivid-cyan-blue-color\"><span style=\"text-decoration: underline;\">Next Level Racing F-GT Elite Wheel Plate Edition<\/span><\/mark><\/a><\/li>\n\n\n\n<li>N\u00e4ppis &#8211; Hiiritaso: <a rel=\"noreferrer noopener\" href=\"https:\/\/nextlevelracing.com\/products\/elite-keyboard-and-mouse-tray-black-edition\/\" target=\"_blank\"><mark style=\"background-color:rgba(0, 0, 0, 0)\" class=\"has-inline-color has-vivid-cyan-blue-color\"><span style=\"text-decoration: underline;\">Next Level Racing Keyboard and Mouse tray<\/span><\/mark><\/a> + itse tekem\u00e4 liukuhylly toisille ratin alla<\/li>\n\n\n\n<li>N\u00e4ytt\u00f6telineet: <a rel=\"noreferrer noopener\" href=\"https:\/\/nextlevelracing.com\/products\/elite-quad-monitor-stand-carbon-grey\/\" target=\"_blank\"><mark style=\"background-color:rgba(0, 0, 0, 0)\" class=\"has-inline-color has-vivid-cyan-blue-color\"><span style=\"text-decoration: underline;\">Next Level Racing Elite Quad Monitor Stand<\/span><\/mark><\/a><\/li>\n\n\n\n<li>Penkki: <a rel=\"noreferrer noopener\" href=\"https:\/\/www.sparco-official.com\/en\/motorsport\/racing\/seats-and-belts\/carbon-seats\/sedile-pro-adv-nr-carbon-2019.html\" target=\"_blank\"><mark style=\"background-color:rgba(0, 0, 0, 0)\" class=\"has-inline-color has-vivid-cyan-blue-color\"><span style=\"text-decoration: underline;\">Sparco ProADV &#8211; M<\/span><\/mark><\/a><\/li>\n\n\n\n<li>Polkimien siirto sarja: <a rel=\"noreferrer noopener\" href=\"https:\/\/sim-lab.eu\/shop\/product\/pedal-slider-baseplate-623#attr=584,439,692\" target=\"_blank\"><mark style=\"background-color:rgba(0, 0, 0, 0)\" class=\"has-inline-color has-vivid-cyan-blue-color\"><span style=\"text-decoration: underline;\">SimLab Pedal slider baseplate<\/span><\/mark><\/a><\/li>\n\n\n\n<li>Rattirunko: <a rel=\"noreferrer noopener\" href=\"https:\/\/en.simagic.com\/product\/15\" target=\"_blank\"><mark style=\"background-color:rgba(0, 0, 0, 0)\" class=\"has-inline-color has-vivid-cyan-blue-color\"><span style=\"text-decoration: underline;\">Simagic Alpha Ultimate<\/span><\/mark><\/a><\/li>\n\n\n\n<li>Ratti: <a rel=\"noreferrer noopener\" href=\"https:\/\/en.simagic.com\/product\/55\" target=\"_blank\"><mark style=\"background-color:rgba(0, 0, 0, 0)\" class=\"has-inline-color has-vivid-cyan-blue-color\"><span style=\"text-decoration: underline;\">Simagic FX Pro<\/span><\/mark><\/a>, <a rel=\"noreferrer noopener\" href=\"https:\/\/en.simagic.com\/product\/58\" target=\"_blank\"><mark style=\"background-color:rgba(0, 0, 0, 0)\" class=\"has-inline-color has-vivid-cyan-blue-color\"><span style=\"text-decoration: underline;\">Simagic GTS<\/span><\/mark><\/a> ja <a rel=\"noreferrer noopener\" href=\"https:\/\/en.simagic.com\/product\/84\" target=\"_blank\"><mark style=\"background-color:rgba(0, 0, 0, 0)\" class=\"has-inline-color has-vivid-cyan-blue-color\"><span style=\"text-decoration: underline;\">Simagic GT Neo<\/span><\/mark><\/a><\/li>\n\n\n\n<li>Polkimet: <a rel=\"noreferrer noopener\" href=\"https:\/\/en.simagic.com\/product\/16\" target=\"_blank\"><mark style=\"background-color:rgba(0, 0, 0, 0)\" class=\"has-inline-color has-vivid-cyan-blue-color\"><span style=\"text-decoration: underline;\">Simagic P2000-R (3 poljinta)<\/span><\/mark><\/a> + <a rel=\"noreferrer noopener\" href=\"https:\/\/en.simagic.com\/product\/83\" target=\"_blank\"><mark style=\"background-color:rgba(0, 0, 0, 0)\" class=\"has-inline-color has-vivid-cyan-blue-color\"><span style=\"text-decoration: underline;\">2 x Simagic haptics<\/span><\/mark><\/a><\/li>\n\n\n\n<li>Vaihdekeppi: (H-pattern \/ Sequential)<a href=\"https:\/\/en.simagic.com\/product\/60\" target=\"_blank\" rel=\"noreferrer noopener\"><mark style=\"background-color:rgba(0, 0, 0, 0)\" class=\"has-inline-color has-vivid-cyan-blue-color\"><span style=\"text-decoration: underline;\">Simagic DS-8X<\/span><\/mark><\/a><\/li>\n\n\n\n<li>K\u00e4sijarru: <a rel=\"noreferrer noopener\" href=\"https:\/\/a.aliexpress.com\/_mKoyOtm\" target=\"_blank\"><mark style=\"background-color:rgba(0, 0, 0, 0)\" class=\"has-inline-color has-vivid-cyan-blue-color\"><span style=\"text-decoration: underline;\">Kiina k\u00e4sijarru Hall-sensorilla<\/span><\/mark><\/a><\/li>\n\n\n\n<li>Aktiivij\u00e4rjestelm\u00e4: <a href=\"https:\/\/www.soundimports.eu\/en\/dayton-audio-bst-1.html?gad_source=1&amp;gclid=Cj0KCQiAkKqsBhC3ARIsAEEjuJjmfMcXodtTl3NAtUlH7EbXTSl4c03iiS8MhjY0k53xoePM2Tg5ypgaAi8pEALw_wcB\" target=\"_blank\" rel=\"noreferrer noopener\"><mark style=\"background-color:rgba(0, 0, 0, 0)\" class=\"has-inline-color has-vivid-cyan-blue-color\"><span style=\"text-decoration: underline;\">5 x Dayton Audio BST-1 Bass Shaker<\/span><\/mark><\/a> (<a href=\"https:\/\/www.slip-angle.com\/\" target=\"_blank\" rel=\"noreferrer noopener\"><mark style=\"background-color:rgba(0, 0, 0, 0)\" class=\"has-inline-color has-vivid-cyan-blue-color\"><span style=\"text-decoration: underline;\">Slip-Angle<\/span><\/mark><\/a>)<\/li>\n\n\n\n<li>Tuulisimulaattori: Arduino + tuulettimet<\/li>\n<\/ul>\n\n\n\n<p>Tietokone: Custom made by <a rel=\"noreferrer noopener\" href=\"http:\/\/www.itexpert.fi\" target=\"_blank\"><mark style=\"background-color:rgba(0, 0, 0, 0)\" class=\"has-inline-color has-vivid-cyan-blue-color\"><span style=\"text-decoration: underline;\">ITeXpert Finland Oy<\/span><\/mark><\/a><\/p>\n\n\n\n<ul class=\"wp-block-list\">\n<li>Kotelo: <a rel=\"noreferrer noopener\" href=\"https:\/\/lian-li.com\/product\/lancool-iii\/\" target=\"_blank\"><mark style=\"background-color:rgba(0, 0, 0, 0)\" class=\"has-inline-color has-vivid-cyan-blue-color\"><span style=\"text-decoration: underline;\">Lian Li LANCOOL III RGB<\/span><\/mark><\/a><\/li>\n\n\n\n<li>Virtal\u00e4hde: <a rel=\"noreferrer noopener\" href=\"https:\/\/www.corsair.com\/us\/en\/Categories\/Products\/Power-Supply-Units\/hxi-series-2017-config\/p\/CP-9020140-NA\" target=\"_blank\"><mark style=\"background-color:rgba(0, 0, 0, 0)\" class=\"has-inline-color has-vivid-cyan-blue-color\"><span style=\"text-decoration: underline;\">Corsair 1200W HX1200 t\u00e4ysmodulaarinen ATX-virtal\u00e4hde<\/span><\/mark><\/a><\/li>\n\n\n\n<li>Emolevy: <a rel=\"noreferrer noopener\" href=\"https:\/\/rog.asus.com\/motherboards\/rog-strix\/rog-strix-z790-e-gaming-wifi-model\/\" target=\"_blank\"><mark style=\"background-color:rgba(0, 0, 0, 0)\" class=\"has-inline-color has-vivid-cyan-blue-color\"><span style=\"text-decoration: underline;\">Asus ROG STRIX Z790-E GAMING WIFI ATX<\/span><\/mark><\/a><\/li>\n\n\n\n<li>Prosessori: <a rel=\"noreferrer noopener\" href=\"https:\/\/www.intel.com\/content\/www\/us\/en\/products\/sku\/230496\/intel-core-i913900k-processor-36m-cache-up-to-5-80-ghz\/specifications.html\" target=\"_blank\"><mark style=\"background-color:rgba(0, 0, 0, 0)\" class=\"has-inline-color has-vivid-cyan-blue-color\"><span style=\"text-decoration: underline;\">Intel Core i9-13900K, LGA1700, 3.00 GHz, 36MB, Boxed<\/span><\/mark><\/a><\/li>\n\n\n\n<li>Prosessorin vesij\u00e4\u00e4hdytys: <a rel=\"noreferrer noopener\" href=\"https:\/\/rog.asus.com\/cooling\/cpu-liquid-coolers\/rog-ryujin\/rog-ryujin-ii-360-argb-model\/\" target=\"_blank\"><mark style=\"background-color:rgba(0, 0, 0, 0)\" class=\"has-inline-color has-vivid-cyan-blue-color\"><span style=\"text-decoration: underline;\">Asus ROG RYUJIN II 360 ARGB, AIO-vesij\u00e4\u00e4hdytysj\u00e4rjestelm\u00e4<\/span><\/mark><\/a><\/li>\n\n\n\n<li>Kovalevy: <a rel=\"noreferrer noopener\" href=\"https:\/\/www.kingston.com\/en\/ssd\/gaming\/kingston-fury-renegade-nvme-m2-ssd\" target=\"_blank\"><mark style=\"background-color:rgba(0, 0, 0, 0)\" class=\"has-inline-color has-vivid-cyan-blue-color\"><span style=\"text-decoration: underline;\">Kingston 2TB FURY Renegade SSD-levy, M.2 2280, PCIe 4.0 NVMe, 3D TLC, 7300\/7000 MB\/s<\/span><\/mark><\/a><\/li>\n\n\n\n<li>Muisti: <a rel=\"noreferrer noopener\" href=\"https:\/\/www.kingston.com\/en\/memory\/gaming\/fury-renegade-ddr5\" target=\"_blank\"><mark style=\"background-color:rgba(0, 0, 0, 0)\" class=\"has-inline-color has-vivid-cyan-blue-color\"><span style=\"text-decoration: underline;\">Kingston 32GB (2 x 16GB) FURY Renegade Silver, DDR5 6000MHz, CL32, 1.35V<\/span><\/mark><\/a><\/li>\n\n\n\n<li>N\u00e4yt\u00f6nohjain: <a rel=\"noreferrer noopener\" href=\"https:\/\/www.amd.com\/en\/products\/graphics\/amd-radeon-rx-7900xtx\" target=\"_blank\"><mark style=\"background-color:rgba(0, 0, 0, 0)\" class=\"has-inline-color has-vivid-cyan-blue-color\"><span style=\"text-decoration: underline;\">AMD Radeon\u2122 RX 7900 XTX<\/span><\/mark><\/a><\/li>\n\n\n\n<li>Kaiuttimet: <a rel=\"noreferrer noopener\" href=\"https:\/\/www.logitech.com\/fi-fi\/products\/speakers\/z623-speaker-system-thx.980-000403.html\" target=\"_blank\"><mark style=\"background-color:rgba(0, 0, 0, 0)\" class=\"has-inline-color has-vivid-cyan-blue-color\"><span style=\"text-decoration: underline;\">Logitech Z623 &#8211; 2.1<\/span><\/mark><\/a><\/li>\n\n\n\n<li>Kuulokkeet: <a rel=\"noreferrer noopener\" href=\"https:\/\/fi.steelseries.com\/gaming-headsets\/arctis-nova-pro-wireless-xbox\" target=\"_blank\"><mark style=\"background-color:rgba(0, 0, 0, 0)\" class=\"has-inline-color has-vivid-cyan-blue-color\"><span style=\"text-decoration: underline;\">SteelSeries Arctis Nova Pro X Wireless<\/span><\/mark><\/a><\/li>\n\n\n\n<li>N\u00e4ppis ja hiiri: <a rel=\"noreferrer noopener\" href=\"https:\/\/row.hyperx.com\/collections\/gaming-keyboards\/products\/hyperx-alloy-origins-65?variant=40911975645389\" target=\"_blank\"><mark style=\"background-color:rgba(0, 0, 0, 0)\" class=\"has-inline-color has-vivid-cyan-blue-color\"><span style=\"text-decoration: underline;\">HyperX Alloy Origins 65 &#8211; Red<\/span><\/mark><\/a> ja <a rel=\"noreferrer noopener\" href=\"https:\/\/www.razer.com\/eu-en\/gaming-mice\/razer-viper-mini\" target=\"_blank\"><mark style=\"background-color:rgba(0, 0, 0, 0)\" class=\"has-inline-color has-vivid-cyan-blue-color\"><span style=\"text-decoration: underline;\">Razer Viper Mini<\/span><\/mark><\/a><\/li>\n\n\n\n<li>K\u00e4ytt\u00f6j\u00e4rjestelm\u00e4: <a rel=\"noreferrer noopener\" href=\"https:\/\/www.microsoft.com\/en-us\/windows\/windows-11-specifications\" target=\"_blank\"><mark style=\"background-color:rgba(0, 0, 0, 0)\" class=\"has-inline-color has-vivid-cyan-blue-color\"><span style=\"text-decoration: underline;\">Windows 11 Pro<\/span><\/mark><\/a><\/li>\n<\/ul>\n\n\n\n<p>Playstation:<\/p>\n\n\n\n<ul class=\"wp-block-list\">\n<li><a rel=\"noreferrer noopener\" href=\"https:\/\/www.playstation.com\/fi-fi\/ps5\/?smcid=pdc%3Afi-fi%3Aaccessories-dualsense-wireless-controller%3Aprimary%20nav%3Amsg-hardware%3Aps5\" target=\"_blank\"><mark style=\"background-color:rgba(0, 0, 0, 0)\" class=\"has-inline-color has-vivid-cyan-blue-color\"><span style=\"text-decoration: underline;\">Playstation 5<\/span><\/mark><\/a><\/li>\n\n\n\n<li><a rel=\"noreferrer noopener\" href=\"https:\/\/www.playstation.com\/fi-fi\/accessories\/dualsense-wireless-controller\/\" target=\"_blank\"><mark style=\"background-color:rgba(0, 0, 0, 0)\" class=\"has-inline-color has-vivid-cyan-blue-color\"><span style=\"text-decoration: underline;\">2 x Playstation 5 Dual Sense ohjaimia<\/span><\/mark><\/a><\/li>\n\n\n\n<li><a rel=\"noreferrer noopener\" href=\"https:\/\/www.playstation.com\/fi-fi\/accessories\/dualsense-wireless-controller\/#charging-station\" target=\"_blank\"><mark style=\"background-color:rgba(0, 0, 0, 0)\" class=\"has-inline-color has-vivid-cyan-blue-color\"><span style=\"text-decoration: underline;\">Playstation 5 DualSense-latausalusta<\/span><\/mark><\/a><\/li>\n\n\n\n<li><a rel=\"noreferrer noopener\" href=\"https:\/\/www.playstation.com\/fi-fi\/accessories\/hd-camera\/\" target=\"_blank\"><mark style=\"background-color:rgba(0, 0, 0, 0)\" class=\"has-inline-color has-vivid-cyan-blue-color\"><span style=\"text-decoration: underline;\">Playstation 5 HD-kamera<\/span><\/mark><\/a><\/li>\n<\/ul>\n\n\n\n<p>Muuta osat:<\/p>\n\n\n\n<ul class=\"wp-block-list\">\n<li>N\u00e4yt\u00f6t: <a rel=\"noreferrer noopener\" href=\"https:\/\/www.samsung.com\/fi\/monitors\/gaming\/odyssey-g7-32-inch-240hz-1ms-curved-lc32g75tqsrxen\/\" target=\"_blank\"><mark style=\"background-color:rgba(0, 0, 0, 0)\" class=\"has-inline-color has-vivid-cyan-blue-color\"><span style=\"text-decoration: underline;\">3 x Samsung 31,5&#8243; Odyssey G7, 240Hz kaareva WQHD-pelimonitori<\/span><\/mark><\/a><\/li>\n\n\n\n<li>4s lis\u00e4n\u00e4ytt\u00f6: <a rel=\"noreferrer noopener\" href=\"https:\/\/www1.la.dell.com\/kn\/en\/corp\/peripherals\/dell-up2414q\/pd.aspx?refid=dell-up2414q&amp;s=corp\" target=\"_blank\"><mark style=\"background-color:rgba(0, 0, 0, 0)\" class=\"has-inline-color has-vivid-cyan-blue-color\"><span style=\"text-decoration: underline;\">Dell UltraSharp 24 Ultra HD 4K<\/span><\/mark><\/a> + <a rel=\"noreferrer noopener\" href=\"https:\/\/www.raspberrypi.com\/products\/raspberry-pi-4-model-b\/\" target=\"_blank\"><mark style=\"background-color:rgba(0, 0, 0, 0)\" class=\"has-inline-color has-vivid-cyan-blue-color\"><span style=\"text-decoration: underline;\">Raspberry Pi 4<\/span><\/mark><\/a><\/li>\n\n\n\n<li>Dashboard: <a rel=\"noreferrer noopener\" href=\"https:\/\/support.apple.com\/kb\/SP661?locale=fi_FI\" target=\"_blank\"><mark style=\"background-color:rgba(0, 0, 0, 0)\" class=\"has-inline-color has-vivid-cyan-blue-color\"><span style=\"text-decoration: underline;\">iPad mini<\/span><\/mark><\/a> &#8211; <a rel=\"noreferrer noopener\" href=\"https:\/\/www.verkkokauppa.com\/fi\/product\/323114\/Mozi-PAD18-02-universaali-varsiteline-7-10-tabletille\" target=\"_blank\"><mark style=\"background-color:rgba(0, 0, 0, 0)\" class=\"has-inline-color has-vivid-cyan-blue-color\"><span style=\"text-decoration: underline;\">Mozi PAD18-02 -universaali varsiteline 7-10&#8243; tabletille<\/span><\/mark><\/a><\/li>\n\n\n\n<li><a rel=\"noreferrer noopener\" href=\"https:\/\/www.elgato.com\/en\/stream-deck-xl\" target=\"_blank\"><mark style=\"background-color:rgba(0, 0, 0, 0)\" class=\"has-inline-color has-vivid-cyan-blue-color\"><span style=\"text-decoration: underline;\">Elgato Stream Deck XL<\/span><\/mark><\/a><\/li>\n\n\n\n<li>Button Box &#8211; tulossa&#8230;<\/li>\n\n\n\n<li>HD Webcam &#8211; Microsoft WebCam<\/li>\n\n\n\n<li><a rel=\"noreferrer noopener\" href=\"https:\/\/www.eplabsimracing.com\/simflagpro\" target=\"_blank\"><mark style=\"background-color:rgba(0, 0, 0, 0)\" class=\"has-inline-color has-vivid-cyan-blue-color\"><span style=\"text-decoration: underline;\">EPLap &#8211; SimFlag Pro<\/span><\/mark><\/a><\/li>\n\n\n\n<li><a rel=\"noreferrer noopener\" href=\"https:\/\/www.elgato.com\/en\/wave-mic-arm\" target=\"_blank\"><mark style=\"background-color:rgba(0, 0, 0, 0)\" class=\"has-inline-color has-vivid-cyan-blue-color\"><span style=\"text-decoration: underline;\">Elgato Wave Mic Arm<\/span><\/mark><\/a><\/li>\n\n\n\n<li><a rel=\"noreferrer noopener\" href=\"https:\/\/row.hyperx.com\/collections\/microphones\/products\/hyperx-quadcast-s-usb-microphone?variant=40910061043917\" target=\"_blank\"><mark style=\"background-color:rgba(0, 0, 0, 0)\" class=\"has-inline-color has-vivid-cyan-blue-color\"><span style=\"text-decoration: underline;\">HyperX QuadCast S<\/span><\/mark><\/a><\/li>\n\n\n\n<li><a rel=\"noreferrer noopener\" href=\"https:\/\/gopro.com\/en\/fi\/shop\/cameras\/hero9-black\/CHDHX-901-master.html\" target=\"_blank\"><mark style=\"background-color:rgba(0, 0, 0, 0)\" class=\"has-inline-color has-vivid-cyan-blue-color\"><span style=\"text-decoration: underline;\">GoPro Hero 12 Black<\/span><\/mark><\/a><\/li>\n\n\n\n<li><a rel=\"noreferrer noopener\" href=\"https:\/\/jesseracing.com\/wp-content\/uploads\/2025\/10\/GoPro-MAX2-True-8K-360-Action-Camera.pdf\" target=\"_blank\"><mark style=\"background-color:rgba(0, 0, 0, 0)\" class=\"has-inline-color has-vivid-cyan-blue-color\"><span style=\"text-decoration: underline;\">GoPro HERO MAX 2<\/span><\/mark><\/a><\/li>\n\n\n\n<p><\/p>\n","protected":false},"excerpt":{"rendered":"<p>Ajosimulaattori Vuonna 2023 rakennettiin ajosimulaattori talviharjoitteluun joka p\u00e4ivitettiin 2024. P\u00e4ivitys jatkui yll\u00e4tt\u00e4en vuonna 2025 :). Klikkaamalla kuva aukeaa isompana. T\u00e4ll\u00e4 osallistutaan useihin simulaattori kilpailuihin! Ohessa tietoa simulaattorista: Tietokone: Custom made by ITeXpert Finland Oy Playstation: Muuta osat:<\/p>\n","protected":false},"author":1,"featured_media":0,"parent":0,"menu_order":0,"comment_status":"closed","ping_status":"closed","template":"","meta":{"footnotes":""},"class_list":["post-5946","page","type-page","status-publish","hentry","small-justify-block","no-thumb"],"_links":{"self":[{"href":"https:\/\/jesseracing.com\/index.php?rest_route=\/wp\/v2\/pages\/5946","targetHints":{"allow":["GET"]}}],"collection":[{"href":"https:\/\/jesseracing.com\/index.php?rest_route=\/wp\/v2\/pages"}],"about":[{"href":"https:\/\/jesseracing.com\/index.php?rest_route=\/wp\/v2\/types\/page"}],"author":[{"embeddable":true,"href":"https:\/\/jesseracing.com\/index.php?rest_route=\/wp\/v2\/users\/1"}],"replies":[{"embeddable":true,"href":"https:\/\/jesseracing.com\/index.php?rest_route=%2Fwp%2Fv2%2Fcomments&post=5946"}],"version-history":[{"count":65,"href":"https:\/\/jesseracing.com\/index.php?rest_route=\/wp\/v2\/pages\/5946\/revisions"}],"predecessor-version":[{"id":9433,"href":"https:\/\/jesseracing.com\/index.php?rest_route=\/wp\/v2\/pages\/5946\/revisions\/9433"}],"wp:attachment":[{"href":"https:\/\/jesseracing.com\/index.php?rest_route=%2Fwp%2Fv2%2Fmedia&parent=5946"}],"curies":[{"name":"wp","href":"https:\/\/api.w.org\/{rel}","templated":true}]}}