{"id":5911,"date":"2023-01-05T16:14:25","date_gmt":"2023-01-05T13:14:25","guid":{"rendered":"https:\/\/jesseracing.com\/?page_id=5911"},"modified":"2023-02-23T14:31:35","modified_gmt":"2023-02-23T11:31:35","slug":"kilpailukalenteri-2023","status":"publish","type":"page","link":"https:\/\/jesseracing.com\/?page_id=5911","title":{"rendered":"Kilpailukalenteri 2023"},"content":{"rendered":"\n<figure class=\"wp-block-image size-large\"><img loading=\"lazy\" decoding=\"async\" width=\"548\" height=\"88\" src=\"https:\/\/jesseracing.com\/wp-content\/uploads\/2022\/03\/kartingsm548x88.jpg\" alt=\"\" class=\"wp-image-5165\" srcset=\"https:\/\/jesseracing.com\/wp-content\/uploads\/2022\/03\/kartingsm548x88.jpg 548w, https:\/\/jesseracing.com\/wp-content\/uploads\/2022\/03\/kartingsm548x88-300x48.jpg 300w\" sizes=\"auto, (max-width: 548px) 100vw, 548px\" \/><figcaption class=\"wp-element-caption\">Lis\u00e4tieto: <a href=\"http:\/\/www.kartingsm.fi\/\" data-type=\"URL\" data-id=\"http:\/\/www.kartingsm.fi\/\" target=\"_blank\" rel=\"noreferrer noopener\"><span class=\"has-inline-color has-vivid-cyan-blue-color\">KartingSM<\/span><\/a><\/figcaption><\/figure>\n\n\n\n<figure class=\"wp-block-image size-large\"><img loading=\"lazy\" decoding=\"async\" width=\"548\" height=\"118\" src=\"https:\/\/jesseracing.com\/wp-content\/uploads\/2020\/05\/IAMESeriesFinland.jpg\" alt=\"\" class=\"wp-image-2888\" srcset=\"https:\/\/jesseracing.com\/wp-content\/uploads\/2020\/05\/IAMESeriesFinland.jpg 548w, https:\/\/jesseracing.com\/wp-content\/uploads\/2020\/05\/IAMESeriesFinland-300x65.jpg 300w\" sizes=\"auto, (max-width: 548px) 100vw, 548px\" \/><figcaption class=\"wp-element-caption\">Lis\u00e4tietoa: <a rel=\"noreferrer noopener\" href=\"https:\/\/racekernel.com\/index.php?page=series&amp;data=iameseriesfinland2021\" target=\"_blank\"><span class=\"has-inline-color has-vivid-cyan-blue-color\">IAME Series Finland<\/span><\/a><\/figcaption><\/figure>\n\n\n\n<p>&nbsp;<\/p>\n\n\n\n<h4 class=\"wp-block-heading\"><strong><em>KILPAILUKALENTERI<\/em><\/strong> &#8211; <strong><span class=\"has-inline-color has-vivid-red-color\">Karting SM<\/span><\/strong> ja <strong><span class=\"has-inline-color has-vivid-red-color\">IAME X30 Junior<\/span><\/strong><\/h4>\n\n\n\n<p><\/p>\n\n\n\n<ol class=\"wp-block-list\">\n<li>27.5.2023\u2013 IAME SERIES <a rel=\"noreferrer noopener\" href=\"http:\/\/mikrorata.fi\/yhteystiedot\/\" target=\"_blank\"><mark style=\"background-color:rgba(0, 0, 0, 0)\" class=\"has-inline-color has-vivid-cyan-blue-color\">Ruuhim\u00e4ki<\/mark><\/a><\/li>\n\n\n\n<li>28.5.2023 \u2013 IAME SERIES <a rel=\"noreferrer noopener\" href=\"http:\/\/mikrorata.fi\/yhteystiedot\/\" target=\"_blank\"><mark style=\"background-color:rgba(0, 0, 0, 0)\" class=\"has-inline-color has-vivid-cyan-blue-color\">Ruuhim\u00e4ki<\/mark><\/a><\/li>\n\n\n\n<li>10.6.2023 \u2013 Karting SM <a rel=\"noreferrer noopener\" href=\"http:\/\/mikrorata.fi\/yhteystiedot\/\" target=\"_blank\"><mark style=\"background-color:rgba(0, 0, 0, 0)\" class=\"has-inline-color has-vivid-cyan-blue-color\">Ruuhim\u00e4ki<\/mark><\/a><\/li>\n\n\n\n<li>11.6.2023 \u2013 Karting SM <a rel=\"noreferrer noopener\" href=\"http:\/\/mikrorata.fi\/yhteystiedot\/\" target=\"_blank\"><mark style=\"background-color:rgba(0, 0, 0, 0)\" class=\"has-inline-color has-vivid-cyan-blue-color\">Ruuhim\u00e4ki<\/mark><\/a><\/li>\n\n\n\n<li>17.6.2023 \u2013 IAME SERIES <a rel=\"noreferrer noopener\" href=\"http:\/\/www.porinfkkerho.fi\/fi\/etusivu.html\" target=\"_blank\"><mark style=\"background-color:rgba(0, 0, 0, 0)\" class=\"has-inline-color has-vivid-cyan-blue-color\">Pori<\/mark><\/a><\/li>\n\n\n\n<li>18.6.2023 \u2013 IAME SERIES <a rel=\"noreferrer noopener\" href=\"http:\/\/www.porinfkkerho.fi\/fi\/etusivu.html\" target=\"_blank\"><mark style=\"background-color:rgba(0, 0, 0, 0)\" class=\"has-inline-color has-vivid-cyan-blue-color\">Pori<\/mark><\/a><\/li>\n\n\n\n<li>1.7.2023 \u2013 Karting SM <a rel=\"noreferrer noopener\" href=\"http:\/\/www.kouvolakarting.fi\/rata\/\" target=\"_blank\"><mark style=\"background-color:rgba(0, 0, 0, 0)\" class=\"has-inline-color has-vivid-cyan-blue-color\">Kouvola<\/mark><\/a><\/li>\n\n\n\n<li>2.7.2023 \u2013 Karting SM <a rel=\"noreferrer noopener\" href=\"http:\/\/www.kouvolakarting.fi\/rata\/\" target=\"_blank\"><mark style=\"background-color:rgba(0, 0, 0, 0)\" class=\"has-inline-color has-vivid-cyan-blue-color\">Kouvola<\/mark><\/a><\/li>\n\n\n\n<li>8.7.2023 \u2013 IAME SERIES <a href=\"https:\/\/www.pesamaki.fi\/esittely.php\" target=\"_blank\" rel=\"noreferrer noopener\"><mark style=\"background-color:rgba(0, 0, 0, 0)\" class=\"has-inline-color has-vivid-cyan-blue-color\">Honkajoki<\/mark><\/a><\/li>\n\n\n\n<li>9.7.2023 \u2013 IAME SERIES <a rel=\"noreferrer noopener\" href=\"https:\/\/www.pesamaki.fi\/esittely.php\" target=\"_blank\"><mark style=\"background-color:rgba(0, 0, 0, 0)\" class=\"has-inline-color has-vivid-cyan-blue-color\">Honkajoki<\/mark><\/a><\/li>\n\n\n\n<li>22.7.2023 \u2013 Karting SM <a rel=\"noreferrer noopener\" href=\"https:\/\/www.pirka.fi\" data-type=\"URL\" data-id=\"https:\/\/www.pirka.fi\" target=\"_blank\"><mark style=\"background-color:rgba(0, 0, 0, 0)\" class=\"has-inline-color has-vivid-cyan-blue-color\">Kangasala<\/mark><\/a><\/li>\n\n\n\n<li>23.7.2023 \u2013 Karting SM <a rel=\"noreferrer noopener\" href=\"https:\/\/www.pirka.fi\" data-type=\"URL\" data-id=\"https:\/\/www.pirka.fi\" target=\"_blank\"><mark style=\"background-color:rgba(0, 0, 0, 0)\" class=\"has-inline-color has-vivid-cyan-blue-color\">Kangasala<\/mark><\/a><\/li>\n\n\n\n<li>12.8.2023 \u2013 Karting SM <a rel=\"noreferrer noopener\" href=\"https:\/\/www.lprua.fi\/karting\/\" target=\"_blank\"><mark style=\"background-color:rgba(0, 0, 0, 0)\" class=\"has-inline-color has-vivid-cyan-blue-color\">Lappeenranta<\/mark><\/a><\/li>\n\n\n\n<li>13.8.2023 \u2013 Karting SM <a rel=\"noreferrer noopener\" href=\"https:\/\/www.lprua.fi\/karting\/\" target=\"_blank\"><mark style=\"background-color:rgba(0, 0, 0, 0)\" class=\"has-inline-color has-vivid-cyan-blue-color\">Lappeenranta<\/mark><\/a><\/li>\n\n\n\n<li>19.8.2023 \u2013 IAME SERIES <a rel=\"noreferrer noopener\" href=\"http:\/\/www.lahdenfk.fi\/fi\/etusivu\" target=\"_blank\"><mark style=\"background-color:rgba(0, 0, 0, 0)\" class=\"has-inline-color has-vivid-cyan-blue-color\">Lahti<\/mark><\/a><\/li>\n\n\n\n<li>20.8.2023 \u2013 IAME SERIES <a rel=\"noreferrer noopener\" href=\"http:\/\/www.lahdenfk.fi\/fi\/etusivu\" target=\"_blank\"><mark style=\"background-color:rgba(0, 0, 0, 0)\" class=\"has-inline-color has-vivid-cyan-blue-color\">Lahti<\/mark><\/a><\/li>\n\n\n\n<li>26.8.2023 \u2013 Karting SM <a rel=\"noreferrer noopener\" href=\"http:\/\/www.porinfkkerho.fi\/fi\/etusivu.html\" target=\"_blank\"><mark style=\"background-color:rgba(0, 0, 0, 0)\" class=\"has-inline-color has-vivid-cyan-blue-color\">Pori<\/mark><\/a><\/li>\n\n\n\n<li>27.8.2023 \u2013 Karting SM <a rel=\"noreferrer noopener\" href=\"http:\/\/www.porinfkkerho.fi\/fi\/etusivu.html\" target=\"_blank\"><mark style=\"background-color:rgba(0, 0, 0, 0)\" class=\"has-inline-color has-vivid-cyan-blue-color\">Pori<\/mark><\/a><\/li>\n\n\n\n<li>9.9.2023 \u2013 IAME SERIES <a rel=\"noreferrer noopener\" href=\"https:\/\/vihua.fi\" target=\"_blank\"><mark style=\"background-color:rgba(0, 0, 0, 0)\" class=\"has-inline-color has-vivid-cyan-blue-color\">Vihti<\/mark><\/a><\/li>\n\n\n\n<li>10.9.2023 \u2013 IAME SERIES <a rel=\"noreferrer noopener\" href=\"https:\/\/vihua.fi\" target=\"_blank\"><mark style=\"background-color:rgba(0, 0, 0, 0)\" class=\"has-inline-color has-vivid-cyan-blue-color\">Vihti<\/mark><\/a><\/li>\n<\/ol>\n\n\n\n<p>Kilpailuviikonloppu sis\u00e4lt\u00e4\u00e4 aina kaksi erillist\u00e4 kilpailua lauantaina ja sunnuntaina. Harjoittelup\u00e4iv\u00e4t kyseiseen viikonloppuun tapahtuu aina kisaviikonlopun torstaina ja perjantaina.<\/p>\n\n\n\n<p>Kaikista kilpailuista tullaan l\u00e4hett\u00e4m\u00e4\u00e4n j\u00e4rjest\u00e4j\u00e4n toimesta Livestream Youtuben kautta.<\/p>\n\n\n\n<p>KartingSM &#8211; <a href=\"https:\/\/www.youtube.com\/c\/Moottoriurheilutv\" target=\"_blank\" rel=\"noreferrer noopener\"><span class=\"has-inline-color has-vivid-cyan-blue-color\">https:\/\/www.youtube.com\/c\/Moottoriurheilutv<\/span><\/a><\/p>\n\n\n\n<p>IAME Series Finland &#8211; <a href=\"https:\/\/www.youtube.com\/c\/XPromotions\" target=\"_blank\" rel=\"noreferrer noopener\"><span class=\"has-inline-color has-vivid-cyan-blue-color\">https:\/\/www.youtube.com\/c\/XPromotions<\/span><\/a><\/p>\n\n\n\n<p><a rel=\"noreferrer noopener\" href=\"https:\/\/racekernel.com\/index.php?page=series&amp;data=iameseriesfinland2021\" target=\"_blank\"><span class=\"has-inline-color has-vivid-cyan-blue-color\">Racekernel<\/span><\/a> kilpailusivusto, josta l\u00f6yt\u00e4\u00e4 tarkemmat tiedot kilpailuista ja muista sarjan asioista.<\/p>\n\n\n\n<p><a rel=\"noreferrer noopener\" href=\"http:\/\/www.kartingsm.fi\/content\/fi\/1\/10090\/SM-sarja.html\" target=\"_blank\"><span class=\"has-inline-color has-vivid-cyan-blue-color\">Karting SM<\/span><\/a><\/p>\n\n\n\n<p><a href=\"https:\/\/www.facebook.com\/karting.sm\" target=\"_blank\" rel=\"noreferrer noopener\"><span class=\"has-inline-color has-vivid-cyan-blue-color\">Karting SM facebook sivut<\/span><\/a><\/p>\n\n\n\n<p><a href=\"https:\/\/www.iameseriesnortherneurope.com\/finland\/\" target=\"_blank\" rel=\"noreferrer noopener\"><span class=\"has-inline-color has-vivid-cyan-blue-color\">IAME Series Finland kotisivut<\/span><\/a><\/p>\n\n\n\n<p><a rel=\"noreferrer noopener\" href=\"https:\/\/www.facebook.com\/iamefinland\" target=\"_blank\"><span class=\"has-inline-color has-vivid-cyan-blue-color\">IAME Series Finland Facebook sivut<\/span><\/a><\/p>\n\n\n\n<p><\/p>\n","protected":false},"excerpt":{"rendered":"<p>&nbsp; KILPAILUKALENTERI &#8211; Karting SM ja IAME X30 Junior Kilpailuviikonloppu sis\u00e4lt\u00e4\u00e4 aina kaksi erillist\u00e4 kilpailua lauantaina ja sunnuntaina. Harjoittelup\u00e4iv\u00e4t kyseiseen viikonloppuun tapahtuu aina kisaviikonlopun torstaina ja perjantaina. Kaikista kilpailuista tullaan l\u00e4hett\u00e4m\u00e4\u00e4n j\u00e4rjest\u00e4j\u00e4n toimesta Livestream Youtuben kautta. KartingSM &#8211; https:\/\/www.youtube.com\/c\/Moottoriurheilutv IAME Series Finland &#8211; https:\/\/www.youtube.com\/c\/XPromotions Racekernel kilpailusivusto, josta l\u00f6yt\u00e4\u00e4 tarkemmat tiedot kilpailuista ja muista sarjan asioista. [&hellip;]<\/p>\n","protected":false},"author":1,"featured_media":0,"parent":0,"menu_order":0,"comment_status":"closed","ping_status":"closed","template":"","meta":{"footnotes":""},"class_list":["post-5911","page","type-page","status-publish","hentry","small-justify-block","no-thumb"],"_links":{"self":[{"href":"https:\/\/jesseracing.com\/index.php?rest_route=\/wp\/v2\/pages\/5911","targetHints":{"allow":["GET"]}}],"collection":[{"href":"https:\/\/jesseracing.com\/index.php?rest_route=\/wp\/v2\/pages"}],"about":[{"href":"https:\/\/jesseracing.com\/index.php?rest_route=\/wp\/v2\/types\/page"}],"author":[{"embeddable":true,"href":"https:\/\/jesseracing.com\/index.php?rest_route=\/wp\/v2\/users\/1"}],"replies":[{"embeddable":true,"href":"https:\/\/jesseracing.com\/index.php?rest_route=%2Fwp%2Fv2%2Fcomments&post=5911"}],"version-history":[{"count":6,"href":"https:\/\/jesseracing.com\/index.php?rest_route=\/wp\/v2\/pages\/5911\/revisions"}],"predecessor-version":[{"id":6050,"href":"https:\/\/jesseracing.com\/index.php?rest_route=\/wp\/v2\/pages\/5911\/revisions\/6050"}],"wp:attachment":[{"href":"https:\/\/jesseracing.com\/index.php?rest_route=%2Fwp%2Fv2%2Fmedia&parent=5911"}],"curies":[{"name":"wp","href":"https:\/\/api.w.org\/{rel}","templated":true}]}}