{"id":5044,"date":"2022-01-03T17:43:02","date_gmt":"2022-01-03T14:43:02","guid":{"rendered":"https:\/\/jesseracing.com\/?page_id=5044"},"modified":"2023-12-13T10:58:46","modified_gmt":"2023-12-13T07:58:46","slug":"karting-auto-ok-junior","status":"publish","type":"page","link":"https:\/\/jesseracing.com\/?page_id=5044","title":{"rendered":"Karting auto &#8211; OK Junior 2022-23"},"content":{"rendered":"\n<p><\/p>\n\n\n\n<figure class=\"wp-block-table\"><table><tbody><tr><td><img decoding=\"async\" src=\"https:\/\/jesseracing.com\/wp-content\/uploads\/2022\/03\/koskiauto500.jpg\" alt=\"\" class=\"wp-image-3753\"><br>Kuvassa vastaava auto.<\/td><td><img decoding=\"async\" src=\"https:\/\/jesseracing.com\/wp-content\/uploads\/2022\/03\/koskimotorsport250x250.jpg\" class=\"wp-image-3753\" style=\"width: 350px;\" alt=\"\"><\/td><\/tr><\/tbody><\/table><\/figure>\n\n\n\n<p>Tiimi: <a rel=\"noreferrer noopener\" href=\"https:\/\/fi.koskimotorsport.com\/\" target=\"_blank\"><span class=\"has-inline-color has-vivid-cyan-blue-color\"><u>Koski Motorsport<\/u><\/span><\/a> Koski Motorsport on kartingissa toimiva ammattilaistiimi.<\/p>\n\n\n\n<ul class=\"wp-block-list\">\n<li><em><strong>Runko:<\/strong> <\/em>Tony Kart<\/li>\n\n\n\n<li><em><strong>Moottori:<\/strong> <\/em>OK junior<\/li>\n\n\n\n<li><em><strong>Iskutilavuus:<\/strong> 125cc<\/em><\/li>\n\n\n\n<li><em><strong>Teho:<\/strong> n. 30hv<\/em><\/li>\n\n\n\n<li><strong>V\u00e4\u00e4nt\u00f6:<\/strong> Na<\/li>\n\n\n\n<li><em><strong>Maksimi nopeus:<\/strong> n.100-125km\/h (riippuen radasta ja siihen sopivista v\u00e4lityksist\u00e4)<\/em><\/li>\n\n\n\n<li><em><strong>Kaasutin:<\/strong> IBEA F1-F6<\/em><\/li>\n\n\n\n<li><em><strong>Polttoaine<\/strong>: 98E<\/em> + (synteettinen \u00f6ljy esim. ELF HTX-909)<\/li>\n\n\n\n<li><strong>J\u00e4\u00e4hdytys:<\/strong> Vesij\u00e4\u00e4hdytys<\/li>\n\n\n\n<li><em><strong>Max. kierrosluku<\/strong>: n.14000 r\/min<\/em><\/li>\n\n\n\n<li><em><strong>K\u00e4ynnistys:<\/strong> Ty\u00f6nt\u00e4m\u00e4ll\u00e4 -&gt; suoravetoinen<\/em><\/li>\n\n\n\n<li><em><strong>Sytytystulppa:<\/strong> NGK BR9\/10EIX Iridium<\/em> tai NGK R7282-9\/10<\/li>\n\n\n\n<li><em><strong>Paino:<\/strong> Minimipaino kilpailuissa kuljettajan kanssa 140kg<\/em><\/li>\n\n\n\n<li><em><strong>Renkaat:<\/strong> Lecont SVB (option) (sliksit) \/ Lecont SV1 (sadekeli)&nbsp;<\/em><\/li>\n\n\n\n<li><em><strong>Rungon pituus:<\/strong> 1030mm (akselin v\u00e4li)<\/em>, 1950mm<\/li>\n\n\n\n<li><strong>Rungon leveys:<\/strong> 1350 &#8211; 1400mm<\/li>\n\n\n\n<li><em><strong>Jarrut:<\/strong> <em>BSD TONYKART (TAKANA)<\/em><\/em><\/li>\n\n\n\n<li><em><strong>Mittaristo:<\/strong> Unigo 7006<\/em>\n<ul class=\"wp-block-list\">\n<li><strong><u>N\u00e4ytt\u00e4\u00e4 moottorin:<\/u><\/strong><\/li>\n\n\n\n<li><em>max\/min kierrosluvut<\/em><\/li>\n\n\n\n<li><em>kierros ajan<\/em><\/li>\n\n\n\n<li><em>moottorin max\/min pakol\u00e4mp\u00f6tilan<\/em><\/li>\n\n\n\n<li><em>Veden l\u00e4mp\u00f6tilan<\/em><\/li>\n\n\n\n<li><em>Ajonopeuden<\/em><\/li>\n\n\n\n<li>ym.<\/li>\n<\/ul>\n<\/li>\n\n\n\n<li><strong>Kamera:<\/strong> GoPro 9 Hero Black <em>(4K &#8211; 60fps &#8211; HyperSmooth)<\/em><\/li>\n<\/ul>\n","protected":false},"excerpt":{"rendered":"<p>Kuvassa vastaava auto. Tiimi: Koski Motorsport Koski Motorsport on kartingissa toimiva ammattilaistiimi.<\/p>\n","protected":false},"author":1,"featured_media":0,"parent":0,"menu_order":0,"comment_status":"closed","ping_status":"closed","template":"","meta":{"footnotes":""},"class_list":["post-5044","page","type-page","status-publish","hentry","small-justify-block","no-thumb"],"_links":{"self":[{"href":"https:\/\/jesseracing.com\/index.php?rest_route=\/wp\/v2\/pages\/5044","targetHints":{"allow":["GET"]}}],"collection":[{"href":"https:\/\/jesseracing.com\/index.php?rest_route=\/wp\/v2\/pages"}],"about":[{"href":"https:\/\/jesseracing.com\/index.php?rest_route=\/wp\/v2\/types\/page"}],"author":[{"embeddable":true,"href":"https:\/\/jesseracing.com\/index.php?rest_route=\/wp\/v2\/users\/1"}],"replies":[{"embeddable":true,"href":"https:\/\/jesseracing.com\/index.php?rest_route=%2Fwp%2Fv2%2Fcomments&post=5044"}],"version-history":[{"count":21,"href":"https:\/\/jesseracing.com\/index.php?rest_route=\/wp\/v2\/pages\/5044\/revisions"}],"predecessor-version":[{"id":6871,"href":"https:\/\/jesseracing.com\/index.php?rest_route=\/wp\/v2\/pages\/5044\/revisions\/6871"}],"wp:attachment":[{"href":"https:\/\/jesseracing.com\/index.php?rest_route=%2Fwp%2Fv2%2Fmedia&parent=5044"}],"curies":[{"name":"wp","href":"https:\/\/api.w.org\/{rel}","templated":true}]}}