{"id":4975,"date":"2021-12-29T10:25:08","date_gmt":"2021-12-29T07:25:08","guid":{"rendered":"https:\/\/jesseracing.com\/?page_id=4975"},"modified":"2022-03-04T09:36:48","modified_gmt":"2022-03-04T06:36:48","slug":"kilpailukalenteri-2022","status":"publish","type":"page","link":"https:\/\/jesseracing.com\/?page_id=4975","title":{"rendered":"Kilpailukalenteri 2022"},"content":{"rendered":"\n<figure class=\"wp-block-image size-large\"><img loading=\"lazy\" decoding=\"async\" width=\"548\" height=\"88\" src=\"https:\/\/jesseracing.com\/wp-content\/uploads\/2022\/03\/kartingsm548x88.jpg\" alt=\"\" class=\"wp-image-5165\" srcset=\"https:\/\/jesseracing.com\/wp-content\/uploads\/2022\/03\/kartingsm548x88.jpg 548w, https:\/\/jesseracing.com\/wp-content\/uploads\/2022\/03\/kartingsm548x88-300x48.jpg 300w\" sizes=\"auto, (max-width: 548px) 100vw, 548px\" \/><figcaption>Lis\u00e4tieto: <a href=\"http:\/\/www.kartingsm.fi\/\" data-type=\"URL\" data-id=\"http:\/\/www.kartingsm.fi\/\" target=\"_blank\" rel=\"noreferrer noopener\"><span class=\"has-inline-color has-vivid-cyan-blue-color\">KartingSM<\/span><\/a><\/figcaption><\/figure>\n\n\n\n<figure class=\"wp-block-image size-large\"><img loading=\"lazy\" decoding=\"async\" width=\"548\" height=\"118\" src=\"https:\/\/jesseracing.com\/wp-content\/uploads\/2020\/05\/IAMESeriesFinland.jpg\" alt=\"\" class=\"wp-image-2888\" srcset=\"https:\/\/jesseracing.com\/wp-content\/uploads\/2020\/05\/IAMESeriesFinland.jpg 548w, https:\/\/jesseracing.com\/wp-content\/uploads\/2020\/05\/IAMESeriesFinland-300x65.jpg 300w\" sizes=\"auto, (max-width: 548px) 100vw, 548px\" \/><figcaption>Lis\u00e4tietoa: <a rel=\"noreferrer noopener\" href=\"https:\/\/racekernel.com\/index.php?page=series&amp;data=iameseriesfinland2021\" target=\"_blank\"><span class=\"has-inline-color has-vivid-cyan-blue-color\">IAME Series Finland<\/span><\/a><\/figcaption><\/figure>\n\n\n\n<p>&nbsp;<\/p>\n\n\n\n<h4 class=\"wp-block-heading\"><strong><em>KILPAILUKALENTERI<\/em><\/strong> &#8211; <strong><span class=\"has-inline-color has-vivid-red-color\">Karting SM<\/span><\/strong> ja <strong><span class=\"has-inline-color has-vivid-red-color\">IAME X30 Junior<\/span><\/strong><\/h4>\n\n\n\n<ol class=\"wp-block-list\"><li><strong>21<em>.5.202<\/em>2<\/strong> IAME Finland <a rel=\"noreferrer noopener\" href=\"https:\/\/www.kotkanfk.fi\" target=\"_blank\"><span class=\"has-inline-color has-vivid-cyan-blue-color\">Kotka<\/span><\/a><\/li><li><strong><em><strong>22<em>.5.<strong><em>202<\/em><\/strong>2 <\/em><\/strong><\/em><\/strong>IAME Finland<strong><em><strong><em> <\/em><\/strong><\/em><\/strong><a rel=\"noreferrer noopener\" href=\"https:\/\/www.kotkanfk.fi\/\" target=\"_blank\"><span class=\"has-inline-color has-vivid-cyan-blue-color\">Kotka<\/span><\/a><\/li><li><strong><em>28.5.202<\/em>2<\/strong> Karting SM<strong><em> <\/em><\/strong> <a rel=\"noreferrer noopener\" href=\"http:\/\/www.vantaacircuit.fi\" target=\"_blank\"><a rel=\"noreferrer noopener\" href=\"https:\/\/www.joeua.fi\/lajit\/karting\/\" target=\"_blank\"><span class=\"has-inline-color has-vivid-cyan-blue-color\">Joensuu<\/span><\/a><\/a><\/li><li><strong><em>29.5.202<\/em>2<\/strong> Karting SM  <a rel=\"noreferrer noopener\" href=\"http:\/\/www.vantaacircuit.fi\" target=\"_blank\"><span class=\"has-inline-color has-vivid-cyan-blue-color\"><\/span><\/a><a rel=\"noreferrer noopener\" href=\"https:\/\/www.joeua.fi\/lajit\/karting\/\" target=\"_blank\"><span class=\"has-inline-color has-vivid-cyan-blue-color\">Joensuu<\/span><\/a><\/li><li><strong><em>11.6.202<\/em>2<\/strong> Karting SM <a rel=\"noreferrer noopener\" href=\"http:\/\/www.kouvolakarting.fi\/rata\/\" target=\"_blank\"><a rel=\"noreferrer noopener\" href=\"https:\/\/www.ouluzone.fi\/karting.html\" target=\"_blank\"><span class=\"has-inline-color has-vivid-cyan-blue-color\">Oulu<\/span><\/a><\/a><\/li><li><strong><em>12.6.202<\/em>2<\/strong> Karting SM  <a rel=\"noreferrer noopener\" href=\"http:\/\/mikrorata.fi\/yhteystiedot\/\" target=\"_blank\"><span class=\"has-inline-color has-vivid-cyan-blue-color\"><\/span><\/a><a rel=\"noreferrer noopener\" href=\"https:\/\/www.ouluzone.fi\/karting.html\" data-type=\"URL\" data-id=\"https:\/\/www.ouluzone.fi\/karting.html\" target=\"_blank\"><span class=\"has-inline-color has-vivid-cyan-blue-color\">Oulu<\/span><\/a><\/li><li><strong><em>18.6.2022<\/em><\/strong> IAME Finland  <a rel=\"noreferrer noopener\" href=\"http:\/\/mikrorata.fi\/yhteystiedot\/\" target=\"_blank\"><span class=\"has-inline-color has-vivid-cyan-blue-color\">Ruuhim\u00e4ki<\/span><\/a><\/li><li><strong><em>19.6.202<\/em>2<\/strong> IAME Finland <a rel=\"noreferrer noopener\" href=\"http:\/\/mikrorata.fi\/yhteystiedot\/\" target=\"_blank\"><span class=\"has-inline-color has-vivid-cyan-blue-color\">Ruuhim\u00e4ki<\/span><\/a><\/li><li><strong><em>2.7.2022<\/em><\/strong> Karting SM  <a rel=\"noreferrer noopener\" href=\"http:\/\/www.kouvolakarting.fi\/rata\/\" target=\"_blank\"><span class=\"has-inline-color has-vivid-cyan-blue-color\">Kouvola<\/span><\/a><\/li><li><strong><em>3.7.202<\/em>2<\/strong> Karting SM  <a rel=\"noreferrer noopener\" href=\"http:\/\/www.kouvolakarting.fi\/rata\/\" target=\"_blank\"><span class=\"has-inline-color has-vivid-cyan-blue-color\">Kouvola<\/span><\/a><\/li><li><strong><em>9.7.2022<\/em><\/strong> IAME Finland <a rel=\"noreferrer noopener\" href=\"https:\/\/www.kotkanfk.fi\/\" target=\"_blank\"><span class=\"has-inline-color has-vivid-cyan-blue-color\"><\/span><\/a><a rel=\"noreferrer noopener\" href=\"https:\/\/www.pesamaki.fi\/yhteystiedot.php\" target=\"_blank\"><span class=\"has-inline-color has-vivid-cyan-blue-color\">Honkajoki<\/span><\/a><\/li><li><strong><em>10.7.2022<\/em><\/strong> IAME Finland  <a rel=\"noreferrer noopener\" href=\"https:\/\/www.pesamaki.fi\/yhteystiedot.php\" target=\"_blank\"><span class=\"has-inline-color has-vivid-cyan-blue-color\">Honkajoki<\/span><\/a><\/li><li><strong><em>30.7.202<\/em>2<\/strong> Karting SM  <a rel=\"noreferrer noopener\" href=\"https:\/\/www.pesamaki.fi\/yhteystiedot.php\" target=\"_blank\"><\/a><a rel=\"noreferrer noopener\" href=\"http:\/\/www.lahdenfk.fi\/fi\/etusivu\" target=\"_blank\"><span class=\"has-inline-color has-vivid-cyan-blue-color\">Lahti<\/span><\/a><\/li><li><strong>31.7.2022<\/strong> Karting SM <a rel=\"noreferrer noopener\" href=\"http:\/\/lahti piippo karting\" target=\"_blank\"><\/a><a rel=\"noreferrer noopener\" href=\"http:\/\/www.lahdenfk.fi\/fi\/etusivu\" target=\"_blank\"><span class=\"has-inline-color has-vivid-cyan-blue-color\">Lahti<\/span><\/a><\/li><li><strong><em>13.8.2022<\/em><\/strong> IAME Finland <a rel=\"noreferrer noopener\" href=\"http:\/\/www.porinfkkerho.fi\/fi\/etusivu.html\" target=\"_blank\"><span class=\"has-inline-color has-vivid-cyan-blue-color\">Pori<\/span><\/a><\/li><li><strong><em>14.8.2022<\/em><\/strong> IAME Finland <a rel=\"noreferrer noopener\" href=\"http:\/\/www.porinfkkerho.fi\/fi\/etusivu.html\" target=\"_blank\"><span class=\"has-inline-color has-vivid-cyan-blue-color\">Pori<\/span><\/a><\/li><li><strong>19.8.2022<\/strong> Karting SM <a rel=\"noreferrer noopener\" href=\"http:\/\/www.vantaacircuit.fi\" target=\"_blank\"><span class=\"has-inline-color has-vivid-cyan-blue-color\">Vantaa<\/span><\/a><\/li><li><strong>20.8.2022<\/strong> Karting SM <a rel=\"noreferrer noopener\" href=\"http:\/\/www.vantaacircuit.fi\" target=\"_blank\"><span class=\"has-inline-color has-vivid-cyan-blue-color\">Vantaa<\/span><\/a><\/li><li><strong><em>3.9.2022<\/em><\/strong> IAME Finland <a rel=\"noreferrer noopener\" href=\"http:\/\/www.lahdenfk.fi\/fi\/etusivu\" target=\"_blank\"><span class=\"has-inline-color has-vivid-cyan-blue-color\">Lahti<\/span><\/a><\/li><li><strong><em>4.9.<strong><em>2022<\/em><\/strong> <\/em><\/strong>IAME Finland<strong><em> <\/em><\/strong><a rel=\"noreferrer noopener\" href=\"http:\/\/www.lahdenfk.fi\/fi\/etusivu\" target=\"_blank\"><span class=\"has-inline-color has-vivid-cyan-blue-color\">Lahti<\/span><\/a><\/li><\/ol>\n\n\n\n<p>Kilpailuviikonloppu sis\u00e4lt\u00e4\u00e4 aina kaksi erillist\u00e4 kilpailua lauantaina ja sunnuntaina. Harjoittelup\u00e4iv\u00e4t kyseiseen viikonloppuun tapahtuu aina kisaviikonlopun torstaina ja perjantaina.<\/p>\n\n\n\n<p>Kaikista kilpailuista tullaan l\u00e4hett\u00e4m\u00e4\u00e4n j\u00e4rjest\u00e4j\u00e4n toimesta Livestream Youtuben kautta.<\/p>\n\n\n\n<p>KartingSM &#8211; <a href=\"https:\/\/www.youtube.com\/c\/Moottoriurheilutv\" target=\"_blank\" rel=\"noreferrer noopener\"><span class=\"has-inline-color has-vivid-cyan-blue-color\">https:\/\/www.youtube.com\/c\/Moottoriurheilutv<\/span><\/a><\/p>\n\n\n\n<p>IAME Series Finland &#8211; <a href=\"https:\/\/www.youtube.com\/c\/XPromotions\" target=\"_blank\" rel=\"noreferrer noopener\"><span class=\"has-inline-color has-vivid-cyan-blue-color\">https:\/\/www.youtube.com\/c\/XPromotions<\/span><\/a><\/p>\n\n\n\n<p><a rel=\"noreferrer noopener\" href=\"https:\/\/racekernel.com\/index.php?page=series&amp;data=iameseriesfinland2021\" target=\"_blank\"><span class=\"has-inline-color has-vivid-cyan-blue-color\">Racekernel<\/span><\/a> kilpailusivusto, josta l\u00f6yt\u00e4\u00e4 tarkemmat tiedot kilpailuista ja muista sarjan asioista.<\/p>\n\n\n\n<p><a rel=\"noreferrer noopener\" href=\"http:\/\/www.kartingsm.fi\/content\/fi\/1\/10090\/SM-sarja.html\" target=\"_blank\"><span class=\"has-inline-color has-vivid-cyan-blue-color\">Karting SM<\/span><\/a><\/p>\n\n\n\n<p><a href=\"https:\/\/www.facebook.com\/karting.sm\" target=\"_blank\" rel=\"noreferrer noopener\"><span class=\"has-inline-color has-vivid-cyan-blue-color\">Karting SM facebook sivut<\/span><\/a><\/p>\n\n\n\n<p><a href=\"https:\/\/www.iameseriesnortherneurope.com\/finland\/\" target=\"_blank\" rel=\"noreferrer noopener\"><span class=\"has-inline-color has-vivid-cyan-blue-color\">IAME Series Finland kotisivut<\/span><\/a><\/p>\n\n\n\n<p><a rel=\"noreferrer noopener\" href=\"https:\/\/www.facebook.com\/iamefinland\" target=\"_blank\"><span class=\"has-inline-color has-vivid-cyan-blue-color\">IAME Series Finland Facebook sivut<\/span><\/a><\/p>\n","protected":false},"excerpt":{"rendered":"<p>&nbsp; KILPAILUKALENTERI &#8211; Karting SM ja IAME X30 Junior 21.5.2022 IAME Finland Kotka 22.5.2022 IAME Finland Kotka 28.5.2022 Karting SM Joensuu 29.5.2022 Karting SM Joensuu 11.6.2022 Karting SM Oulu 12.6.2022 Karting SM Oulu 18.6.2022 IAME Finland Ruuhim\u00e4ki 19.6.2022 IAME Finland Ruuhim\u00e4ki 2.7.2022 Karting SM Kouvola 3.7.2022 Karting SM Kouvola 9.7.2022 IAME Finland Honkajoki 10.7.2022 IAME [&hellip;]<\/p>\n","protected":false},"author":1,"featured_media":0,"parent":0,"menu_order":0,"comment_status":"closed","ping_status":"closed","template":"","meta":{"footnotes":""},"class_list":["post-4975","page","type-page","status-publish","hentry","small-justify-block","no-thumb"],"_links":{"self":[{"href":"https:\/\/jesseracing.com\/index.php?rest_route=\/wp\/v2\/pages\/4975","targetHints":{"allow":["GET"]}}],"collection":[{"href":"https:\/\/jesseracing.com\/index.php?rest_route=\/wp\/v2\/pages"}],"about":[{"href":"https:\/\/jesseracing.com\/index.php?rest_route=\/wp\/v2\/types\/page"}],"author":[{"embeddable":true,"href":"https:\/\/jesseracing.com\/index.php?rest_route=\/wp\/v2\/users\/1"}],"replies":[{"embeddable":true,"href":"https:\/\/jesseracing.com\/index.php?rest_route=%2Fwp%2Fv2%2Fcomments&post=4975"}],"version-history":[{"count":18,"href":"https:\/\/jesseracing.com\/index.php?rest_route=\/wp\/v2\/pages\/4975\/revisions"}],"predecessor-version":[{"id":5168,"href":"https:\/\/jesseracing.com\/index.php?rest_route=\/wp\/v2\/pages\/4975\/revisions\/5168"}],"wp:attachment":[{"href":"https:\/\/jesseracing.com\/index.php?rest_route=%2Fwp%2Fv2%2Fmedia&parent=4975"}],"curies":[{"name":"wp","href":"https:\/\/api.w.org\/{rel}","templated":true}]}}