{"id":3749,"date":"2021-01-20T11:41:05","date_gmt":"2021-01-20T08:41:05","guid":{"rendered":"https:\/\/jesseracing.com\/?page_id=3749"},"modified":"2021-12-29T11:29:31","modified_gmt":"2021-12-29T08:29:31","slug":"karting-auto-2","status":"publish","type":"page","link":"https:\/\/jesseracing.com\/?page_id=3749","title":{"rendered":"Karting auto 2021"},"content":{"rendered":"\n<figure class=\"wp-block-table\"><table><tbody><tr><td><img loading=\"lazy\" decoding=\"async\" width=\"1024\" height=\"376\" src=\"https:\/\/jesseracing.com\/wp-content\/uploads\/2021\/01\/tonykart401R-1024x376.jpg\" alt=\"\" class=\"wp-image-3753\" srcset=\"https:\/\/jesseracing.com\/wp-content\/uploads\/2021\/01\/tonykart401R-1024x376.jpg 1024w, https:\/\/jesseracing.com\/wp-content\/uploads\/2021\/01\/tonykart401R-300x110.jpg 300w, https:\/\/jesseracing.com\/wp-content\/uploads\/2021\/01\/tonykart401R-768x282.jpg 768w, https:\/\/jesseracing.com\/wp-content\/uploads\/2021\/01\/tonykart401R.jpg 1464w\" sizes=\"auto, (max-width: 1024px) 100vw, 1024px\" \/><\/td><td><img decoding=\"async\" src=\"https:\/\/jesseracing.com\/wp-content\/uploads\/2021\/03\/x30moottori-1024x1024.jpg\" class=\"wp-image-3753\" style=\"width: 400px;\" alt=\"\"><br><a rel=\"noreferrer noopener\" href=\"https:\/\/jesseracing.com\/wp-content\/uploads\/2021\/03\/IAME-Factory-Engines-Tech-Sheet-V082016-X30-Junior-Spec.-EU.pdf\" target=\"_blank\"><strong><em><u><span class=\"has-inline-color has-vivid-cyan-blue-color\">Moottorin tekniset tiedot<\/span><\/u><\/em><\/strong><\/a><\/td><\/tr><\/tbody><\/table><figcaption><div id=\"grid-gallery-41-22722\" data-gg-id=\"41\" data-title=\"TonyKartRacer401R\" data-grid-type=\"0\" data-offset=\"5.3\" data-area-position=\"center\" data-icons=\"\" data-preloader=\"true\" data-width=\"215\" data-height=\"100\" data-padding=\"0\" data-quicksand=\"disabled\" data-quicksand-duration=\"none\" data-popup-theme=\"theme_6\" data-popup-type=\"pretty-photo\" data-popup-captions=\"hide\" data-popup-image-text=\"data-description\" data-popup-widthsize=\"auto\" data-popup-heightsize=\"auto\" data-popup-i18n-words=\"{&quot;close&quot;:&quot;close&quot;,&quot;next&quot;:&quot;next&quot;,&quot;previous&quot;:&quot;previous&quot;,&quot;start_slideshow&quot;:&quot;start slideshow&quot;,&quot;stop_slideshow&quot;:&quot;stop slideshow&quot;,&quot;image&quot;:&quot;image&quot;,&quot;of&quot;:&quot;of&quot;,&quot;prev&quot;:&quot;prev&quot;,&quot;cExpand&quot;:&quot;Expand&quot;,&quot;cPrevious&quot;:&quot;Previous&quot;,&quot;cNext&quot;:&quot;Next&quot;,&quot;cExpandStr&quot;:&quot;Expand the image&quot;,&quot;cRotate&quot;:&quot;Rotate&quot;,&quot;cDetails&quot;:&quot;Details&quot;}\" data-popup-slideshow=\"false\" data-popup-slideshow-speed=\"2500\" data-popup-hoverstop=\"true\" data-popup-slideshow-auto=\"false\" data-popup-background=\"\" data-popup-transparency=\"30\" data-popup-disable-history=\"\" data-popup-disable-changed-url=\"\" data-popup-border-type=\"solid\" data-popup-border-color=\"\" data-popup-border-width=\"\" data-popup-border-enable=\"\" data-fullscreen=\"false\" data-hide-tooltip=\"false\" data-caption-font-family=\"Default\" data-caption-text-size=\"140\" data-is-mobile=\"0\" data-caption-mobile=\"false\" data-hide-long-tltp-title=\"0\" data-caption-disabled-on-mobile=\"false\" data-popup-placement-type=\"0\" data-social-sharing=\"{&quot;enabled&quot;:&quot;&quot;,&quot;gallerySharing&quot;:{&quot;enabled&quot;:null,&quot;position&quot;:null},&quot;imageSharing&quot;:{&quot;enabled&quot;:null,&quot;wrapperClass&quot;:&quot; vertical &quot;},&quot;popupSharing&quot;:{&quot;enabled&quot;:null,&quot;wrapperClass&quot;:&quot; vertical &quot;}}\" class=\"grid-gallery grid-gallery-fixed \" style=\" width:100%; height:auto; margin-left:auto; margin-right:auto;position:relative;\"> <div class=\"gallery-loading\"> <div class=\"blocks\"> <div class=\"block\"><\/div> <div class=\"block\"><\/div> <div class=\"block\"><\/div> <div class=\"block\"><\/div> <\/div> <\/div> <div class=\"gallery-sharing-top\" style=\"display:none;\"> <\/div> <div id=\"photos-41\" class=\"grid-gallery-photos\"><FIGURE class=\"grid-gallery-caption\" data-grid-gallery-type=\"quarter-slide-up\" data-index=\"0\" style=\"display:none;border-radius:00;; margin:5.3px; width:2150;\" ><div class=\"crop\" style=\" width:2150; height:1000; overflow:hidden;\"><img decoding=\"async\" src=\"https:\/\/jesseracing.com\/wp-content\/uploads\/2021\/04\/tonykart401r-01-215x100.jpg\" class=\"ggImg\" alt=\"tonykart401r-01\" title=\"tonykart401r-01\" data-description=\"tonykart401r-01\" data-caption=\"tonykart401r-01\" data-title=\"tonykart401r-01\" style=\" width:215px; height:100px;\" \/><\/div><FIGCAPTION class=\"\" data-alpha=\"5\" style=\"color:#ffffff; background-color:#6f0000; font-size:140; text-align:left; font-family:Default;\" ><div class=\"grid-gallery-figcaption-wrap\" style=\"\"><\/div><\/FIGCAPTION><\/FIGURE><FIGURE class=\"grid-gallery-caption\" data-grid-gallery-type=\"quarter-slide-up\" data-index=\"1\" style=\"display:none;border-radius:00;; margin:5.3px; width:2150;\" ><div class=\"crop\" style=\" width:2150; height:1000; overflow:hidden;\"><img decoding=\"async\" src=\"https:\/\/jesseracing.com\/wp-content\/uploads\/2021\/04\/tonykart401r-02-215x100.jpg\" class=\"ggImg\" alt=\"tonykart401r-02\" title=\"tonykart401r-02\" data-description=\"tonykart401r-02\" data-caption=\"tonykart401r-02\" data-title=\"tonykart401r-02\" style=\" width:215px; height:100px;\" \/><\/div><FIGCAPTION class=\"\" data-alpha=\"5\" style=\"color:#ffffff; background-color:#6f0000; font-size:140; text-align:left; font-family:Default;\" ><div class=\"grid-gallery-figcaption-wrap\" style=\"\"><\/div><\/FIGCAPTION><\/FIGURE><FIGURE class=\"grid-gallery-caption\" data-grid-gallery-type=\"quarter-slide-up\" data-index=\"2\" style=\"display:none;border-radius:00;; margin:5.3px; width:2150;\" ><div class=\"crop\" style=\" width:2150; height:1000; overflow:hidden;\"><img decoding=\"async\" src=\"https:\/\/jesseracing.com\/wp-content\/uploads\/2021\/04\/tonykart401r-03-215x100.jpg\" class=\"ggImg\" alt=\"tonykart401r-03\" title=\"tonykart401r-03\" data-description=\"tonykart401r-03\" data-caption=\"tonykart401r-03\" data-title=\"tonykart401r-03\" style=\" width:215px; height:100px;\" \/><\/div><FIGCAPTION class=\"\" data-alpha=\"5\" style=\"color:#ffffff; background-color:#6f0000; font-size:140; text-align:left; font-family:Default;\" ><div class=\"grid-gallery-figcaption-wrap\" style=\"\"><\/div><\/FIGCAPTION><\/FIGURE><FIGURE class=\"grid-gallery-caption\" data-grid-gallery-type=\"quarter-slide-up\" data-index=\"3\" style=\"display:none;border-radius:00;; margin:5.3px; width:2150;\" ><div class=\"crop\" style=\" width:2150; height:1000; overflow:hidden;\"><img decoding=\"async\" src=\"https:\/\/jesseracing.com\/wp-content\/uploads\/2021\/04\/tonykart401r-04-215x100.jpg\" class=\"ggImg\" alt=\"tonykart401r-04\" title=\"tonykart401r-04\" data-description=\"tonykart401r-04\" data-caption=\"tonykart401r-04\" data-title=\"tonykart401r-04\" style=\" width:215px; height:100px;\" \/><\/div><FIGCAPTION class=\"\" data-alpha=\"5\" style=\"color:#ffffff; background-color:#6f0000; font-size:140; text-align:left; font-family:Default;\" ><div class=\"grid-gallery-figcaption-wrap\" style=\"\"><\/div><\/FIGCAPTION><\/FIGURE><FIGURE class=\"grid-gallery-caption\" data-grid-gallery-type=\"quarter-slide-up\" data-index=\"4\" style=\"display:none;border-radius:00;; margin:5.3px; width:2150;\" ><div class=\"crop\" style=\" width:2150; height:1000; overflow:hidden;\"><img decoding=\"async\" src=\"https:\/\/jesseracing.com\/wp-content\/uploads\/2021\/04\/tonykart401r-05-215x100.jpg\" class=\"ggImg\" alt=\"tonykart401r-05\" title=\"tonykart401r-05\" data-description=\"tonykart401r-05\" data-caption=\"tonykart401r-05\" data-title=\"tonykart401r-05\" style=\" width:215px; height:100px;\" \/><\/div><FIGCAPTION class=\"\" data-alpha=\"5\" style=\"color:#ffffff; background-color:#6f0000; font-size:140; text-align:left; font-family:Default;\" ><div class=\"grid-gallery-figcaption-wrap\" style=\"\"><\/div><\/FIGCAPTION><\/FIGURE> <div class=\"grid-gallery-clearfix\"><\/div> <\/div> <div class=\"gallery-sharing-bottom\" style=\"display:none;\"> <\/div> <div class=\"gallery-sharing-image\" style=\"display:none;\"> <\/div> <div class=\"gallery-sharing-popup\" style=\"display:none;\"> <\/div> <div class=\"grid-gallery-clearfix\"><\/div> <\/div> <!-- Gallery by Supsystic plugin1.15.23 --><a title=\"WordPress Photo Gallery Plugin\" style=\"display:none;\" href=\"https:\/\/supsystic.com\/plugins\/photo-gallery\/?utm_medium=love_link\" target=\"_blank\">WordPress Photo Gallery Plugin<\/a><\/figcaption><\/figure>\n\n\n\n<ul class=\"wp-block-list\"><li><em><strong>Runko:<\/strong> Tony Kart 401R vm. 202<\/em>1<\/li><li><em><strong>Moottori:<\/strong> <\/em>IAME X30 junior<\/li><li><em><strong>Iskutilavuus:<\/strong> 125cc<\/em><\/li><li><em><strong>Teho:<\/strong> n. 21hv<\/em><\/li><li><strong>V\u00e4\u00e4nt\u00f6:<\/strong> 11Nm<\/li><li><em><strong>Maksimi nopeus:<\/strong> n.100-125km\/h (riippuen radasta ja siihen sopivista v\u00e4lityksist\u00e4)<\/em><\/li><li><em><strong>Kaasutin:<\/strong> Tillotson HW-27A<\/em><\/li><li><em><strong>Polttoaine<\/strong>: 98E<\/em> + (Wladoil K 2T \u00f6ljy)<\/li><li><strong>J\u00e4\u00e4hdytys:<\/strong> Vesij\u00e4\u00e4hdytys<\/li><li><em><strong>Max. kierrosluku<\/strong>: n.16000 r\/min<\/em><\/li><li><em><strong>K\u00e4ynnistys:<\/strong> S\u00e4hk\u00f6startti<\/em><\/li><li><em><strong>Kytkin:<\/strong> Keskipakokuiva-kytkin<\/em><\/li><li><em><strong>Sytytystulppa:<\/strong> NGK BR9\/10EIX Iridium<\/em><\/li><li><em><strong>Paino:<\/strong> Minimipaino kilpailuissa kuljettajan kanssa 145kg<\/em><\/li><li><em><strong>Renkaat:<\/strong> Komet K2H (sliksit) \/ Komet K1W (sadekeli)&nbsp;<\/em><\/li><li><em><strong>Rungon pituus:<\/strong> 1030mm (akselin v\u00e4li)<\/em>, 1950mm<\/li><li><strong>Rungon leveys:<\/strong> 1350 &#8211; 1400mm<\/li><li><em><strong>Jarrut:<\/strong> BSD TonyKart (takana)<\/em><\/li><li><em><strong>Mittaristo:<\/strong> Mychron 5<\/em> 2T<ul><li><strong><u><span class=\"has-inline-color has-vivid-cyan-blue-color\">N\u00e4ytt\u00e4\u00e4 moottorin:<\/span><\/u><\/strong><\/li><li><em>max\/min kierrosluvut<\/em><\/li><li><em>kierros ajan<\/em><\/li><li><em>moottorin max\/min pakol\u00e4mp\u00f6tilan<\/em><\/li><li><em>Veden l\u00e4mp\u00f6tilan<\/em><\/li><li><em>Ajonopeuden<\/em><\/li><li>ym.<\/li><\/ul><\/li><li><strong>Kamera:<\/strong> GoPro 8 Hero Black <em>(4K &#8211; 60fps &#8211; HyperSmooth)<\/em><\/li><\/ul>\n\n\n\n<p><\/p>\n","protected":false},"excerpt":{"rendered":"<p>Moottorin tekniset tiedot Runko: Tony Kart 401R vm. 2021 Moottori: IAME X30 junior Iskutilavuus: 125cc Teho: n. 21hv V\u00e4\u00e4nt\u00f6: 11Nm Maksimi nopeus: n.100-125km\/h (riippuen radasta ja siihen sopivista v\u00e4lityksist\u00e4) Kaasutin: Tillotson HW-27A Polttoaine: 98E + (Wladoil K 2T \u00f6ljy) J\u00e4\u00e4hdytys: Vesij\u00e4\u00e4hdytys Max. kierrosluku: n.16000 r\/min K\u00e4ynnistys: S\u00e4hk\u00f6startti Kytkin: Keskipakokuiva-kytkin Sytytystulppa: NGK BR9\/10EIX Iridium Paino: Minimipaino [&hellip;]<\/p>\n","protected":false},"author":1,"featured_media":0,"parent":0,"menu_order":0,"comment_status":"closed","ping_status":"closed","template":"","meta":{"footnotes":""},"class_list":["post-3749","page","type-page","status-publish","hentry","small-justify-block","no-thumb"],"_links":{"self":[{"href":"https:\/\/jesseracing.com\/index.php?rest_route=\/wp\/v2\/pages\/3749","targetHints":{"allow":["GET"]}}],"collection":[{"href":"https:\/\/jesseracing.com\/index.php?rest_route=\/wp\/v2\/pages"}],"about":[{"href":"https:\/\/jesseracing.com\/index.php?rest_route=\/wp\/v2\/types\/page"}],"author":[{"embeddable":true,"href":"https:\/\/jesseracing.com\/index.php?rest_route=\/wp\/v2\/users\/1"}],"replies":[{"embeddable":true,"href":"https:\/\/jesseracing.com\/index.php?rest_route=%2Fwp%2Fv2%2Fcomments&post=3749"}],"version-history":[{"count":41,"href":"https:\/\/jesseracing.com\/index.php?rest_route=\/wp\/v2\/pages\/3749\/revisions"}],"predecessor-version":[{"id":4999,"href":"https:\/\/jesseracing.com\/index.php?rest_route=\/wp\/v2\/pages\/3749\/revisions\/4999"}],"wp:attachment":[{"href":"https:\/\/jesseracing.com\/index.php?rest_route=%2Fwp%2Fv2%2Fmedia&parent=3749"}],"curies":[{"name":"wp","href":"https:\/\/api.w.org\/{rel}","templated":true}]}}