{"id":3727,"date":"2021-01-20T11:11:37","date_gmt":"2021-01-20T08:11:37","guid":{"rendered":"https:\/\/jesseracing.com\/?page_id=3727"},"modified":"2021-12-29T10:33:00","modified_gmt":"2021-12-29T07:33:00","slug":"kilpailukalenteri-2021","status":"publish","type":"page","link":"https:\/\/jesseracing.com\/?page_id=3727","title":{"rendered":"Kilpailukalenteri 2021"},"content":{"rendered":"\n<figure class=\"wp-block-image size-large\"><img loading=\"lazy\" decoding=\"async\" width=\"548\" height=\"118\" src=\"https:\/\/jesseracing.com\/wp-content\/uploads\/2020\/05\/IAMESeriesFinland.jpg\" alt=\"\" class=\"wp-image-2888\" srcset=\"https:\/\/jesseracing.com\/wp-content\/uploads\/2020\/05\/IAMESeriesFinland.jpg 548w, https:\/\/jesseracing.com\/wp-content\/uploads\/2020\/05\/IAMESeriesFinland-300x65.jpg 300w\" sizes=\"auto, (max-width: 548px) 100vw, 548px\" \/><figcaption>Lis\u00e4tietoa: <a rel=\"noreferrer noopener\" href=\"https:\/\/racekernel.com\/index.php?page=series&amp;data=iameseriesfinland2021\" target=\"_blank\"><span class=\"has-inline-color has-vivid-cyan-blue-color\">IAME Series Finland<\/span><\/a><\/figcaption><\/figure>\n\n\n\n<p>&nbsp;<\/p>\n\n\n\n<h4 class=\"wp-block-heading\"><strong><em>KILPAILUKALENTERI<\/em><\/strong> &#8211; IAME X30 Junior<\/h4>\n\n\n\n<ol class=\"wp-block-list\"><li><strong>1<em>.5.2021<\/em><\/strong> IAME Finland <a rel=\"noreferrer noopener\" href=\"http:\/\/www.vantaacircuit.fi\/\" target=\"_blank\"><span class=\"has-inline-color has-vivid-cyan-blue-color\">Vantaa<\/span><\/a> (Virallinen testi viikonloppu)<\/li><li><strong><em>2.5.2021<\/em><\/strong> IAME Finland <a rel=\"noreferrer noopener\" href=\"http:\/\/www.vantaacircuit.fi\/\" target=\"_blank\"><span class=\"has-inline-color has-vivid-cyan-blue-color\">Vantaa<\/span><\/a> (Virallinen testi viikonloppu)<\/li><li><strong><em>15.5.2021<\/em><\/strong> IAME Finland<strong><em> <\/em><\/strong> <a rel=\"noreferrer noopener\" href=\"http:\/\/www.vantaacircuit.fi\" target=\"_blank\"><span class=\"has-inline-color has-vivid-cyan-blue-color\">Vantaa<\/span><\/a><\/li><li><strong><em>16.5.2021<\/em><\/strong> IAME Finland  <a rel=\"noreferrer noopener\" href=\"http:\/\/www.vantaacircuit.fi\" target=\"_blank\"><span class=\"has-inline-color has-vivid-cyan-blue-color\">Vantaa<\/span><\/a><\/li><li><strong><em>30.5.2021<\/em><\/strong> IAME Finland Baltic Cup <a rel=\"noreferrer noopener\" href=\"http:\/\/www.kouvolakarting.fi\/rata\/\" target=\"_blank\"><span class=\"has-inline-color has-vivid-cyan-blue-color\">Kouvola<\/span><\/a><\/li><li><strong><em>19.6.2021<\/em><\/strong> IAME Finland  <a rel=\"noreferrer noopener\" href=\"http:\/\/mikrorata.fi\/yhteystiedot\/\" target=\"_blank\"><span class=\"has-inline-color has-vivid-cyan-blue-color\">Ruuhim\u00e4ki<\/span><\/a><\/li><li><strong><em>20.6.2021<\/em><\/strong> IAME Finland  <a rel=\"noreferrer noopener\" href=\"http:\/\/mikrorata.fi\/yhteystiedot\/\" target=\"_blank\"><span class=\"has-inline-color has-vivid-cyan-blue-color\">Ruuhim\u00e4ki<\/span><\/a><\/li><li><strong><em>10.7.2021<\/em><\/strong> IAME Finland  <a rel=\"noreferrer noopener\" href=\"https:\/\/www.pirka.fi\/rata\/\" target=\"_blank\"><span class=\"has-inline-color has-vivid-cyan-blue-color\">Kangasala<\/span><\/a><\/li><li><strong><em>11.7.2021<\/em><\/strong> IAME Finland  <a rel=\"noreferrer noopener\" href=\"https:\/\/www.pirka.fi\/rata\/\" target=\"_blank\"><span class=\"has-inline-color has-vivid-cyan-blue-color\">Kangasala<\/span><\/a><\/li><li><strong><em>7.8.2021<\/em><\/strong> IAME Finland  <a rel=\"noreferrer noopener\" href=\"https:\/\/www.kotkanfk.fi\/\" target=\"_blank\"><span class=\"has-inline-color has-vivid-cyan-blue-color\">Kotka<\/span><\/a><\/li><li><strong><em>8.8.2021<\/em><\/strong> IAME Finland <a rel=\"noreferrer noopener\" href=\"https:\/\/www.kotkanfk.fi\/\" target=\"_blank\"><span class=\"has-inline-color has-vivid-cyan-blue-color\">Kotka<\/span><\/a><\/li><li><strong><em>4.9.2021<\/em><\/strong> IAME Finland  <a rel=\"noreferrer noopener\" href=\"https:\/\/www.pesamaki.fi\/yhteystiedot.php\" target=\"_blank\"><span class=\"has-inline-color has-vivid-cyan-blue-color\">Honkajoki<\/span><\/a><\/li><li><strong><em>5.9.2021<\/em><\/strong> IAME Finland  <a rel=\"noreferrer noopener\" href=\"https:\/\/www.pesamaki.fi\/yhteystiedot.php\" target=\"_blank\"><span class=\"has-inline-color has-vivid-cyan-blue-color\">Honkajoki<\/span><\/a><\/li><li><strong>10.9.2021<\/strong> Karting SM <a rel=\"noreferrer noopener\" href=\"http:\/\/lahti piippo karting\" target=\"_blank\"><span class=\"has-inline-color has-vivid-cyan-blue-color\">Lahti<\/span><\/a><\/li><li><strong>11.9.2021<\/strong> Karting SM <a rel=\"noreferrer noopener\" href=\"http:\/\/lahti%20piippo%20karting\/\" target=\"_blank\"><span class=\"has-inline-color has-vivid-cyan-blue-color\">Lahti<\/span><\/a><\/li><\/ol>\n\n\n\n<p>&nbsp;Kilpailuviikonloppu sis\u00e4lt\u00e4\u00e4 aina kaksi erillist\u00e4 kilpailua lauantaina ja sunnuntaina. Harjoittelup\u00e4iv\u00e4t kyseiseen viikonloppuun tapahtuu aina kisaviikonlopun torstaina ja perjantaina.<\/p>\n\n\n\n<p>Kaikista kilpailuista tullaan l\u00e4hett\u00e4m\u00e4\u00e4n j\u00e4rjest\u00e4j\u00e4n toimesta <a href=\"https:\/\/www.youtube.com\/channel\/UCzgkxM12wJlvcaYI8qvdmfg\" target=\"_blank\" rel=\"noreferrer noopener\"><span class=\"has-inline-color has-vivid-cyan-blue-color\"><strong><u>live stream video Youtubessa<\/u><\/strong><\/span><\/a>.<\/p>\n\n\n\n<p><a rel=\"noreferrer noopener\" href=\"https:\/\/racekernel.com\/index.php?page=series&amp;data=iameseriesfinland2021\" target=\"_blank\"><span class=\"has-inline-color has-vivid-cyan-blue-color\">Racekernel<\/span><\/a> kilpailusivusto, josta l\u00f6yt\u00e4\u00e4 tarkemmat tiedot kilpailuista ja muista sarjan asioista.<\/p>\n\n\n\n<p><a href=\"https:\/\/www.iameseriesnortherneurope.com\/finland\/\" target=\"_blank\" rel=\"noreferrer noopener\"><span class=\"has-inline-color has-vivid-cyan-blue-color\">IAME Series Finland kotisivut<\/span><\/a><\/p>\n\n\n\n<p><a rel=\"noreferrer noopener\" href=\"https:\/\/www.facebook.com\/iamefinland\" target=\"_blank\"><span class=\"has-inline-color has-vivid-cyan-blue-color\">IAME Series Finland Facebook sivut<\/span><\/a><\/p>\n\n\n\n<p><a href=\"http:\/\/www.kartingsm.fi\/content\/fi\/1\/10090\/SM-sarja.html\" target=\"_blank\" rel=\"noreferrer noopener\"><span class=\"has-inline-color has-vivid-cyan-blue-color\">Karting SM<\/span><\/a><\/p>\n","protected":false},"excerpt":{"rendered":"<p>&nbsp; KILPAILUKALENTERI &#8211; IAME X30 Junior 1.5.2021 IAME Finland Vantaa (Virallinen testi viikonloppu) 2.5.2021 IAME Finland Vantaa (Virallinen testi viikonloppu) 15.5.2021 IAME Finland Vantaa 16.5.2021 IAME Finland Vantaa 30.5.2021 IAME Finland Baltic Cup Kouvola 19.6.2021 IAME Finland Ruuhim\u00e4ki 20.6.2021 IAME Finland Ruuhim\u00e4ki 10.7.2021 IAME Finland Kangasala 11.7.2021 IAME Finland Kangasala 7.8.2021 IAME Finland Kotka 8.8.2021 [&hellip;]<\/p>\n","protected":false},"author":1,"featured_media":0,"parent":0,"menu_order":0,"comment_status":"closed","ping_status":"closed","template":"","meta":{"footnotes":""},"class_list":["post-3727","page","type-page","status-publish","hentry","small-justify-block","no-thumb"],"_links":{"self":[{"href":"https:\/\/jesseracing.com\/index.php?rest_route=\/wp\/v2\/pages\/3727","targetHints":{"allow":["GET"]}}],"collection":[{"href":"https:\/\/jesseracing.com\/index.php?rest_route=\/wp\/v2\/pages"}],"about":[{"href":"https:\/\/jesseracing.com\/index.php?rest_route=\/wp\/v2\/types\/page"}],"author":[{"embeddable":true,"href":"https:\/\/jesseracing.com\/index.php?rest_route=\/wp\/v2\/users\/1"}],"replies":[{"embeddable":true,"href":"https:\/\/jesseracing.com\/index.php?rest_route=%2Fwp%2Fv2%2Fcomments&post=3727"}],"version-history":[{"count":86,"href":"https:\/\/jesseracing.com\/index.php?rest_route=\/wp\/v2\/pages\/3727\/revisions"}],"predecessor-version":[{"id":4992,"href":"https:\/\/jesseracing.com\/index.php?rest_route=\/wp\/v2\/pages\/3727\/revisions\/4992"}],"wp:attachment":[{"href":"https:\/\/jesseracing.com\/index.php?rest_route=%2Fwp%2Fv2%2Fmedia&parent=3727"}],"curies":[{"name":"wp","href":"https:\/\/api.w.org\/{rel}","templated":true}]}}