{"id":366,"date":"2017-04-30T09:37:09","date_gmt":"2017-04-30T09:37:09","guid":{"rendered":"https:\/\/jesseracing.com\/?page_id=366"},"modified":"2026-01-19T15:58:36","modified_gmt":"2026-01-19T12:58:36","slug":"linkit","status":"publish","type":"page","link":"https:\/\/jesseracing.com\/?page_id=366","title":{"rendered":"Linkit"},"content":{"rendered":"<table border=\"1\" width=\"100%\">\n<tbody>\n<tr>\n<td><em><strong>Karting ratoja<\/strong><\/em>\n<ul>\n<li><span style=\"color: #3366ff;\"><a style=\"color: #3366ff;\" href=\"https:\/\/www.google.com\/maps\/d\/viewer?mid=1-kzQBgyWsVB09vvWrNotRChcivQ&amp;hl=en_US\" target=\"_blank\" rel=\"noopener noreferrer\"><em>Suomen karting ratoja<\/em><\/a><\/span><\/li>\n<li><span style=\"color: #3366ff;\"><a style=\"color: #3366ff;\" href=\"https:\/\/www.autourheilu.fi\/lajit\/karting\/suomen-kartingradat\" target=\"_blank\" rel=\"noopener noreferrer\"><em>Suomen karting ratoja &#8211; linkki AKK<\/em><\/a><\/span><\/li>\n<li><span style=\"color: #3366ff;\"><a style=\"color: #3366ff;\" href=\"http:\/\/asko.kapsi.fi\/karting\/index.php?display=indoor\" target=\"_blank\" rel=\"noopener noreferrer\"><em>Suomen karting sis\u00e4ratoja<\/em><\/a><\/span><\/li>\n<\/ul>\n<p><strong>Karting ratojen kotisivuja<\/strong><\/p>\n<ul>\n<li><span style=\"color: #3366ff;\"><a style=\"color: #3366ff;\" href=\"https:\/\/akaanvauhtipuisto.fi\" target=\"_blank\" rel=\"noopener\">Akaa<\/a><\/span><\/li>\n<li><a href=\"https:\/\/www.powerpark.fi\/huvitukset\/karting\/ulkokarting\" target=\"_blank\" rel=\"noopener\"><span style=\"color: #3366ff;\">Alah\u00e4rm\u00e4<\/span><\/a><\/li>\n<li><span style=\"color: #3366ff;\"><a style=\"color: #3366ff;\" href=\"https:\/\/www.emsc.fi\/html\/fi\/bembole-karting\/\" target=\"_blank\" rel=\"noopener\">Bemb\u00f6le<\/a><\/span><\/li>\n<li><span style=\"color: #3366ff;\"><a style=\"color: #3366ff;\" href=\"https:\/\/www.daytonacircuit.fi\/rata\" target=\"_blank\" rel=\"noopener\">Daytona<\/a><\/span><\/li>\n<li><span style=\"color: #3366ff;\"><a style=\"color: #3366ff;\" href=\"http:\/\/www.euranua.fi\/\" target=\"_blank\" rel=\"noopener\">Eura<\/a><\/span><\/li>\n<li><span style=\"color: #3366ff;\"><a style=\"color: #3366ff;\" href=\"http:\/\/www.forssanfk-k.net\/\" target=\"_blank\" rel=\"noopener\">Forssa<\/a><\/span><\/li>\n<li><a href=\"http:\/\/www.hanua.fi\" target=\"_blank\" rel=\"noopener\"><span style=\"color: #3366ff;\">Hanko<\/span><\/a><\/li>\n<li><span style=\"color: #3366ff;\"><a style=\"color: #3366ff;\" href=\"http:\/\/www.findglocal.com\/FI\/Hartola\/777468719086610\/Kalhon-FK-rata\" target=\"_blank\" rel=\"noopener\">Hartola<\/a><\/span><\/li>\n<li><a href=\"https:\/\/www.pesamaki.fi\/etusivu.php\" target=\"_blank\" rel=\"noopener\"><span style=\"color: #3366ff;\">Honkajoki<\/span><\/a><\/li>\n<li><span style=\"color: #3366ff;\"><a style=\"color: #3366ff;\" href=\"https:\/\/hyua.fi\/\" target=\"_blank\" rel=\"noopener\">Hyvink\u00e4\u00e4 <\/a><span style=\"color: #339966;\"><a style=\"color: #339966;\" href=\"https:\/\/www.facebook.com\/hyvinkaanua\" target=\"_blank\" rel=\"noopener\">Facebook<\/a><\/span><\/span><\/li>\n<li><span style=\"color: #3366ff;\"><a style=\"color: #3366ff;\" href=\"https:\/\/www.go-kart.fi\/\" target=\"_blank\" rel=\"noopener\">Imatra<\/a><\/span><\/li>\n<li><span style=\"color: #3366ff;\"><a style=\"color: #3366ff;\" href=\"https:\/\/www.joeua.fi\/lajit\/karting\/\" target=\"_blank\" rel=\"noopener\">Joensuu<\/a><\/span><\/li>\n<li><span style=\"color: #3366ff;\"><a style=\"color: #3366ff;\" href=\"https:\/\/www.aukjamsanaijat.fi\/\" target=\"_blank\" rel=\"noopener\">J\u00e4ms\u00e4<\/a><\/span><\/li>\n<li><span style=\"color: #3366ff;\"><a style=\"color: #3366ff;\" href=\"https:\/\/kaanaakarting.fi\" target=\"_blank\" rel=\"noopener\">Kaanaa<\/a><\/span><\/li>\n<li><span style=\"color: #3366ff;\"><a style=\"color: #3366ff;\" href=\"http:\/\/www.kauhajoenua.net\/\" target=\"_blank\" rel=\"noopener\">Kauhajoki<\/a><\/span><\/li>\n<li><span style=\"color: #3366ff;\"><a style=\"color: #3366ff;\" href=\"https:\/\/www.keskikarjalanua.fi\/karting\" target=\"_blank\" rel=\"noopener\">Kitee<\/a><\/span><\/li>\n<li><span style=\"color: #3366ff;\"><a style=\"color: #3366ff;\" href=\"https:\/\/www.kokefkk.fi\" target=\"_blank\" rel=\"noopener\">Kokem\u00e4ki<\/a><\/span><\/li>\n<li><span style=\"color: #3366ff;\"><a style=\"color: #3366ff;\" href=\"https:\/\/www.kotkanfk.fi\/\" target=\"_blank\" rel=\"noopener\">Kotka<\/a><\/span><\/li>\n<li><span style=\"color: #3366ff;\"><a style=\"color: #3366ff;\" href=\"http:\/\/www.kouvolakarting.fi\/\" target=\"_blank\" rel=\"noopener\">Kouvola<\/a><\/span><\/li>\n<li><span style=\"color: #3366ff;\"><a style=\"color: #3366ff;\" href=\"https:\/\/www.kuopio.fi\/kohteet\/neulamaen-karting-rata\/\" target=\"_blank\" rel=\"noopener\">Kuopio<\/a><\/span><\/li>\n<li><span style=\"color: #3366ff;\"><a style=\"color: #3366ff;\" href=\"http:\/\/www.lahdenfk.fi\/fi\/etusivu\" target=\"_blank\" rel=\"noopener\">Lahti<\/a><\/span><\/li>\n<li><span style=\"color: #3366ff;\"><a style=\"color: #3366ff;\" href=\"https:\/\/lapinlahden-au.webnode.fi\/karting-kerho\" target=\"_blank\" rel=\"noopener\">Lapinlahti<\/a><\/span><\/li>\n<li><span style=\"color: #3366ff;\"><a style=\"color: #3366ff;\" href=\"https:\/\/www.saikart.fi\/\" target=\"_blank\" rel=\"noopener\">Lappeenranta<\/a><\/span><\/li>\n<li><span style=\"color: #3366ff;\"><a style=\"color: #3366ff;\" href=\"https:\/\/www.lapuanua.fi\/lajit\/karting\/\" target=\"_blank\" rel=\"noopener\">Lapua<\/a><\/span><\/li>\n<li><span style=\"color: #3366ff;\"><a style=\"color: #3366ff;\" href=\"https:\/\/speedmaker.fi\/\" target=\"_blank\" rel=\"noopener\">Lavinto<\/a><\/span><span style=\"color: #339966;\"> <a style=\"color: #339966;\" href=\"https:\/\/www.facebook.com\/groups\/493303207495168\" target=\"_blank\" rel=\"noopener\">Facebook<\/a><\/span><\/li>\n<li><span style=\"color: #3366ff;\"><a style=\"color: #3366ff;\" href=\"https:\/\/www.pirka.fi\/\" target=\"_blank\" rel=\"noopener\">Lentola<\/a><\/span><span style=\"color: #339966;\"><a style=\"color: #339966;\" href=\"https:\/\/www.facebook.com\/pirkary\" target=\"_blank\" rel=\"noopener\"> Facebook<\/a><\/span><\/li>\n<li><span style=\"color: #3366ff;\"><a style=\"color: #3366ff;\" href=\"https:\/\/www.oumkua.com\" target=\"_blank\" rel=\"noopener\">Oulainen<\/a><\/span><\/li>\n<li><span style=\"color: #3366ff;\"><a style=\"color: #3366ff;\" href=\"https:\/\/www.ouluzone.fi\/\" target=\"_blank\" rel=\"noopener\">Oulu<\/a><\/span><\/li>\n<li><span style=\"color: #3366ff;\"><a style=\"color: #3366ff;\" href=\"https:\/\/www.oulunfk.net\/\" target=\"_blank\" rel=\"noopener\">Oulu &#8211; Iinatti<\/a><\/span><\/li>\n<li><span style=\"color: #3366ff;\"><a style=\"color: #3366ff;\" href=\"https:\/\/www.swkfinry.com\/\" target=\"_blank\" rel=\"noopener\">Paimio<\/a><\/span><\/li>\n<li><span style=\"color: #3366ff;\"><a style=\"color: #3366ff;\" href=\"http:\/\/www.porinfkkerho.fi\/fi\/etusivu.html\" target=\"_blank\" rel=\"noopener\">Pori<\/a><\/span><\/li>\n<li><span style=\"color: #3366ff;\"><a style=\"color: #3366ff;\" href=\"http:\/\/roiua.fi\" target=\"_blank\" rel=\"noopener\">Rovaniemi<\/a><\/span><\/li>\n<li><a href=\"http:\/\/mikrorata.fi\/\" target=\"_blank\" rel=\"noopener\"><span style=\"color: #3366ff;\">Ruuhim\u00e4ki<\/span><\/a><\/li>\n<li><span style=\"color: #3366ff;\"><a style=\"color: #3366ff;\" href=\"http:\/\/www.ruukinfk.com\/\" target=\"_blank\" rel=\"noopener\">Ruukki<\/a><\/span><\/li>\n<li><span style=\"color: #3366ff;\"><a style=\"color: #3366ff;\" href=\"http:\/\/monako.fi\/\" target=\"_blank\" rel=\"noopener\">Sastamala<\/a><\/span><\/li>\n<li><span style=\"color: #3366ff;\"><a style=\"color: #3366ff;\" href=\"http:\/\/www.savonlinnanua.net\/radat-ja-kerhotilat\/\" target=\"_blank\" rel=\"noopener\">Savonlinna<\/a><\/span><\/li>\n<li><span style=\"color: #3366ff;\"><a style=\"color: #3366ff;\" href=\"https:\/\/helsinginkartingrata.com\/\" target=\"_blank\" rel=\"noopener\">Tattarinsuo<\/a><\/span><\/li>\n<li><span style=\"color: #3366ff;\"><a style=\"color: #3366ff;\" href=\"https:\/\/www.suseka.fi\/\" target=\"_blank\" rel=\"noopener\">T\u00f6ys\u00e4<\/a><\/span><\/li>\n<li><span style=\"color: #3366ff;\"><a style=\"color: #3366ff;\" href=\"https:\/\/www.ulvilanfkkerho.net\/\" target=\"_blank\" rel=\"noopener\">Ulvila<\/a><\/span><\/li>\n<li><span style=\"color: #3366ff;\"><a style=\"color: #3366ff;\" href=\"https:\/\/www.vaasakarting.fi\" target=\"_blank\" rel=\"noopener\">Vaasa<\/a><\/span><\/li>\n<li><span style=\"color: #3366ff;\"><a style=\"color: #3366ff;\" href=\"https:\/\/www.kic.fi\/vantaa\/\" target=\"_blank\" rel=\"noopener\">Vantaa<\/a><\/span><span style=\"color: #339966;\"><a style=\"color: #339966;\" href=\"https:\/\/www.facebook.com\/kartinclubvantaa\" target=\"_blank\" rel=\"noopener\"> Facebook<\/a><\/span><\/li>\n<li><span style=\"color: #3366ff;\"><a style=\"color: #3366ff;\" href=\"http:\/\/www.vihua.fi\/\" target=\"_blank\" rel=\"noopener\">Vihti <\/a><\/span><span style=\"color: #339966;\"><a style=\"color: #339966;\" href=\"https:\/\/www.facebook.com\/autourheilijat\" target=\"_blank\" rel=\"noopener\">Facebook<\/a><\/span><\/li>\n<li><span style=\"color: #3366ff;\"><a style=\"color: #3366ff;\" href=\"https:\/\/www.ylivieskanua.fi\/lajit\/karting\/\" target=\"_blank\" rel=\"noopener\">Ylivieska<\/a><\/span><\/li>\n<\/ul>\n<p>Tulospalveluita<\/p>\n<ul>\n<li><span style=\"color: #3366ff;\"><a style=\"color: #3366ff;\" href=\"https:\/\/speedhive.mylaps.com\" target=\"_blank\" rel=\"noopener\">Speedhive<\/a><\/span><\/li>\n<li><span style=\"color: #3366ff;\"><a style=\"color: #3366ff;\" href=\"https:\/\/www.race-monitor.com\/Results\" target=\"_blank\" rel=\"noopener\">RaceMonitor<\/a><\/span><\/li>\n<li><span style=\"color: #3366ff;\"><a style=\"color: #3366ff;\" href=\"https:\/\/scorit.live\" target=\"_blank\" rel=\"noopener\">Scorit<\/a><\/span><\/li>\n<li><span style=\"color: #3366ff;\"><a style=\"color: #3366ff;\" href=\"https:\/\/racehero.io\" target=\"_blank\" rel=\"noopener\">Racehero<\/a><\/span><\/li>\n<li><span style=\"color: #3366ff;\"><a style=\"color: #3366ff;\" href=\"https:\/\/www.karttimer.fi\" target=\"_blank\" rel=\"noopener\">Karttimer<\/a><\/span><\/li>\n<li><span style=\"color: #3366ff;\"><a style=\"color: #3366ff;\" href=\"https:\/\/www.apex-timing.com\/goracing\/results_styles.php\" target=\"_blank\" rel=\"noopener\">ApexTiming<\/a><\/span><\/li>\n<li><span style=\"color: #3366ff;\"><a style=\"color: #3366ff;\" href=\"https:\/\/live.apex-timing.com\/akkmotorsportry\/\" target=\"_blank\" rel=\"noopener\">ApexTiming Live<\/a><\/span><\/li>\n<\/ul>\n<\/td>\n<td><em><strong>Laskurit<\/strong><\/em>\n<ul>\n<li><span style=\"color: #3366ff;\"><a style=\"color: #3366ff;\" href=\"https:\/\/jesseracing.com\/wp-content\/uploads\/2021\/04\/prosenttilaskurit.html\" target=\"_blank\" rel=\"noopener\">Bensan prosenttilaskurit<\/a><\/span><\/li>\n<li>\u2192<a style=\"color: #3366ff;\" href=\"https:\/\/jesseracing.com\/wp-content\/uploads\/2021\/04\/prosenttilaskurit-1.html\" target=\"popup\" rel=\"noopener\">Uuteen ikkunaan<\/a><\/li>\n<li><span style=\"color: #3366ff;\"><a style=\"color: #3366ff;\" href=\"https:\/\/jesseracing.com\/wp-content\/uploads\/2021\/04\/autontasapainolaskuri.html\" target=\"_blank\" rel=\"noopener\">Auton tasapainolaskuri<\/a><\/span><\/li>\n<\/ul>\n<p><em><strong>Kilpailut<\/strong><\/em><\/p>\n<ul>\n<li><span style=\"color: #3366ff;\"><a style=\"color: #3366ff;\" href=\"http:\/\/www.mikroauto.fi\/fi\/etusivu.html\" target=\"_blank\" rel=\"noopener noreferrer\">Linser CUP<\/a><\/span><\/li>\n<li><span style=\"color: #3366ff;\"><a style=\"color: #3366ff;\" href=\"http:\/\/www.seiskakarting.fi\/\" target=\"_blank\" rel=\"noopener noreferrer\">L\u00e4nsi-Suomi CUP<\/a><\/span><\/li>\n<li><span style=\"color: #3366ff;\"><a style=\"color: #3366ff;\" href=\"http:\/\/www.keimolafk.com\/keimola_cup.html\" target=\"_blank\" rel=\"noopener noreferrer\">Keimola CUP<\/a><\/span><\/li>\n<li><span style=\"color: #3366ff;\"><a style=\"color: #3366ff;\" href=\"http:\/\/www.kartingsm.fi\/\" target=\"_blank\" rel=\"noopener noreferrer\">KartingSM<\/a><\/span><\/li>\n<li><span style=\"color: #3366ff;\"><a style=\"color: #3366ff;\" href=\"https:\/\/akk.autourheilu.fi\/Public\/\" target=\"_blank\" rel=\"noopener noreferrer\">KITI \/ karting kilpailut<\/a><\/span><\/li>\n<li><span style=\"color: #3366ff;\"><a style=\"color: #3366ff;\" href=\"https:\/\/www.pirka.fi\/tapahtumat\/hhk\/\" target=\"_blank\" rel=\"noopener noreferrer\">H\u00e4meenharrastajakiertue<\/a><\/span><\/li>\n<li><span style=\"color: #3366ff;\"><a style=\"color: #3366ff;\" href=\"https:\/\/www.iameseriesnortherneurope.com\/finland\" target=\"_blank\" rel=\"noopener noreferrer\">IAME Series Finland<\/a><\/span><\/li>\n<li><span style=\"color: #3366ff;\"><a style=\"color: #3366ff;\" href=\"https:\/\/rmcfinland.mycashflow.fi\" target=\"_blank\" rel=\"noopener noreferrer\">RMC Finland<\/a><\/span><\/li>\n<\/ul>\n<p><em><strong>Karting kauppoja<\/strong><\/em><\/p>\n<ul>\n<li><span style=\"color: #3366ff;\"><a style=\"color: #3366ff;\" href=\"http:\/\/kartingkauppa.fi\/\" target=\"_blank\" rel=\"noopener noreferrer\"><em>Karting kauppa<\/em><\/a><\/span><\/li>\n<li><span style=\"color: #3366ff;\"><a style=\"color: #3366ff;\" href=\"https:\/\/shop.teamlaine.fi\/tuotteet\/karting\/10\/\" target=\"_blank\" rel=\"noopener noreferrer\"><em>Team Laine<\/em><\/a><\/span><\/li>\n<li><span style=\"color: #3366ff;\"><a style=\"color: #3366ff;\" href=\"http:\/\/prospeedfinland.com\/wp\/kauppa\/\" target=\"_blank\" rel=\"noopener noreferrer\"><em>Prospeed<\/em><\/a><\/span><\/li>\n<li><span style=\"color: #3366ff;\"><a style=\"color: #3366ff;\" href=\"http:\/\/www.kartingshop.fi\/\" target=\"_blank\" rel=\"noopener noreferrer\"><em>Karting shop<\/em><\/a><\/span><\/li>\n<li><span style=\"color: #3366ff;\"><a style=\"color: #3366ff;\" href=\"http:\/\/www.tkkarting.fi\/\" target=\"_blank\" rel=\"noopener noreferrer\"><em>TK Karting<\/em><\/a><\/span><\/li>\n<li><span style=\"color: #3366ff;\"><a style=\"color: #3366ff;\" href=\"http:\/\/www.kalikart.fi\/kalikart\/shop\/\" target=\"_blank\" rel=\"noopener noreferrer\"><em>Kali Kart<\/em><\/a><\/span><\/li>\n<li><span style=\"color: #3366ff;\"><a style=\"color: #3366ff;\" href=\"http:\/\/www.autoracing.fi\/karting\/karting-ajopuvut\" target=\"_blank\" rel=\"noopener noreferrer\"><em>Autoracing<\/em><\/a><\/span><\/li>\n<li><span style=\"color: #3366ff;\"><a style=\"color: #3366ff;\" href=\"http:\/\/topkart.fi\/\" target=\"_blank\" rel=\"noopener noreferrer\"><em>TopKart<\/em><\/a><\/span><\/li>\n<li><span style=\"color: #3366ff;\"><a style=\"color: #3366ff;\" href=\"http:\/\/janicolracing.fi\/\" target=\"_blank\" rel=\"noopener noreferrer\">JanicolRacing<\/a><\/span><\/li>\n<li><span style=\"color: #3366ff;\"><a style=\"color: #3366ff;\" href=\"https:\/\/www.karthouse.fi\" target=\"_blank\" rel=\"noopener noreferrer\">KartHouse<\/a><\/span><\/li>\n<li><span style=\"color: #3366ff;\"><a style=\"color: #3366ff;\" href=\"https:\/\/www.kartshop.fi\" target=\"_blank\" rel=\"noopener noreferrer\">KartShop<\/a><\/span><\/li>\n<li><span style=\"color: #3366ff;\"><a style=\"color: #3366ff;\" href=\"https:\/\/www.parolinfinland.fi\" target=\"_blank\" rel=\"noopener noreferrer\">Parolin Finland<\/a><\/span><\/li>\n<\/ul>\n<p><em><strong>Ulkomailla<\/strong><\/em><\/p>\n<ul>\n<li><span style=\"color: #3366ff;\"><a style=\"color: #3366ff;\" href=\"http:\/\/www.kartstore.it\/index.php?main_page=product_info&amp;cPath=559_479&amp;products_id=1368\" target=\"_blank\" rel=\"noopener noreferrer\">Kartstore.it (italia)<\/a><\/span><\/li>\n<li><span style=\"color: #3366ff;\"><a style=\"color: #3366ff;\" href=\"https:\/\/www.mondokart.com\" target=\"_blank\" rel=\"noopener noreferrer\">Mondokart (italia)<\/a><\/span><\/li>\n<li><a href=\"https:\/\/www.keep-racing.de\/\" target=\"_blank\" rel=\"noopener noreferrer\"><span style=\"color: #3366ff;\">Keep-Racing (saksa)<\/span><\/a><\/li>\n<\/ul>\n<p><em><strong>Lis\u00e4\u00e4 linkkej\u00e4<\/strong><\/em><\/p>\n<ul>\n<li><span style=\"color: #3366ff;\"><a style=\"color: #3366ff;\" href=\"http:\/\/www.kartingliitto.com\/\" target=\"_blank\" rel=\"noopener noreferrer\">Suomen karting liitto<\/a><\/span><\/li>\n<li><span style=\"color: #3366ff;\"><a style=\"color: #3366ff;\" href=\"http:\/\/www.autourheilu.fi\/lajit\/karting\/\" target=\"_blank\" rel=\"noopener noreferrer\">AKK karting<\/a><\/span><\/li>\n<li><span style=\"color: #3366ff;\"><a style=\"color: #3366ff;\" href=\"http:\/\/www.pirka.fi\/index.php\/toiminta\/ajokorttikoulutus\" target=\"_blank\" rel=\"noopener noreferrer\">Karting ajokorttikoulutus<\/a><\/span><\/li>\n<li><span style=\"color: #3366ff;\"><a style=\"color: #3366ff;\" href=\"http:\/\/www.kartingsm.fi\/\" target=\"_blank\" rel=\"noopener noreferrer\">Karting SM<\/a><\/span><\/li>\n<li><span style=\"color: #3366ff;\"><a style=\"color: #3366ff;\" href=\"https:\/\/www.iameseriesnortherneurope.com\/finland\/\" target=\"_blank\" rel=\"noopener noreferrer\">IAME Series Finland<\/a><\/span><\/li>\n<li><a href=\"http:\/\/www.aau.fi\/\" target=\"_blank\" rel=\"noopener noreferrer\"><span style=\"color: #3366ff;\">Ahveniston Autourheilijat ry<\/span><\/a><\/li>\n<li><a href=\"https:\/\/jesseracing.com\/?page_id=3894\" rel=\"noopener noreferrer\"><span style=\"color: #3366ff;\">Jesse Racing Yhteisty\u00f6<\/span><\/a><\/li>\n<\/ul>\n<\/td>\n<\/tr>\n<\/tbody>\n<\/table>\n\n\n<p><\/p>\n","protected":false},"excerpt":{"rendered":"<p>Karting ratoja Suomen karting ratoja Suomen karting ratoja &#8211; linkki AKK Suomen karting sis\u00e4ratoja Karting ratojen kotisivuja Akaa Alah\u00e4rm\u00e4 Bemb\u00f6le Daytona Eura Forssa Hanko Hartola Honkajoki Hyvink\u00e4\u00e4 Facebook Imatra Joensuu J\u00e4ms\u00e4 Kaanaa Kauhajoki Kitee Kokem\u00e4ki Kotka Kouvola Kuopio Lahti Lapinlahti Lappeenranta Lapua Lavinto Facebook Lentola Facebook Oulainen Oulu Oulu &#8211; Iinatti Paimio Pori Rovaniemi Ruuhim\u00e4ki [&hellip;]<\/p>\n","protected":false},"author":1,"featured_media":0,"parent":0,"menu_order":0,"comment_status":"closed","ping_status":"closed","template":"","meta":{"footnotes":""},"class_list":["post-366","page","type-page","status-publish","hentry","small-justify-block","no-thumb"],"_links":{"self":[{"href":"https:\/\/jesseracing.com\/index.php?rest_route=\/wp\/v2\/pages\/366","targetHints":{"allow":["GET"]}}],"collection":[{"href":"https:\/\/jesseracing.com\/index.php?rest_route=\/wp\/v2\/pages"}],"about":[{"href":"https:\/\/jesseracing.com\/index.php?rest_route=\/wp\/v2\/types\/page"}],"author":[{"embeddable":true,"href":"https:\/\/jesseracing.com\/index.php?rest_route=\/wp\/v2\/users\/1"}],"replies":[{"embeddable":true,"href":"https:\/\/jesseracing.com\/index.php?rest_route=%2Fwp%2Fv2%2Fcomments&post=366"}],"version-history":[{"count":156,"href":"https:\/\/jesseracing.com\/index.php?rest_route=\/wp\/v2\/pages\/366\/revisions"}],"predecessor-version":[{"id":9892,"href":"https:\/\/jesseracing.com\/index.php?rest_route=\/wp\/v2\/pages\/366\/revisions\/9892"}],"wp:attachment":[{"href":"https:\/\/jesseracing.com\/index.php?rest_route=%2Fwp%2Fv2%2Fmedia&parent=366"}],"curies":[{"name":"wp","href":"https:\/\/api.w.org\/{rel}","templated":true}]}}