{"id":362,"date":"2017-04-30T09:36:27","date_gmt":"2017-04-30T09:36:27","guid":{"rendered":"https:\/\/jesseracing.com\/?page_id=362"},"modified":"2017-05-09T04:40:04","modified_gmt":"2017-05-09T04:40:04","slug":"kilpailut","status":"publish","type":"page","link":"https:\/\/jesseracing.com\/?page_id=362","title":{"rendered":"Kilpailut 2016"},"content":{"rendered":"<p><em><strong>Lentolan\u00a0SM-kilpailu 18-19.6 (Kangasala)<\/strong><\/em><\/p>\n<ul>\n<li>Ensimm\u00e4inen kilpailu<\/li>\n<li>Ensimm\u00e4isen\u00e4 p\u00e4iv\u00e4n\u00e4 21, mukana 25 kuljettajaa<\/li>\n<li>Toinen p\u00e4iv\u00e4 19, mukana 25 kuljettajaa<\/li>\n<\/ul>\n<p><em><strong>H\u00e4meen harrastaja kiertue 22.6 (Forssa)<\/strong><\/em><\/p>\n<ul>\n<li>Sijoitus 4s ja mukana 13 kuljettajaa<\/li>\n<li>Harrastaja kiertueella ei ajeta aika-ajoja vaan l\u00e4hd\u00f6t sekoitetaan 3:ssa eri l\u00e4hd\u00f6ss\u00e4<\/li>\n<li>1 l\u00e4hd\u00f6n 4, 2 l\u00e4hd\u00f6n 4s ja viimeisen l\u00e4hd\u00f6n voittaja.<\/li>\n<li>Pisteiden mukaan oudosti 4s sija<\/li>\n<\/ul>\n<p><em><strong>Lavinto Karting Vauhtip\u00e4iv\u00e4t 2.7 (Hausj\u00e4rvi)<\/strong><\/em><\/p>\n<ul>\n<li>Sijoitus 4s ja mukana 15 kuljettajaa<\/li>\n<li>Aika-ajot meni huonosti mutta kilpailussa jahdattiin jo tosissaan podium paikkaa<\/li>\n<\/ul>\n<p><em><strong>Lavinto Karting Vauhtip\u00e4iv\u00e4t 3.7 (Hausj\u00e4rvi)<\/strong><\/em><\/p>\n<ul>\n<li>Sijoitus 2 ja mukana 15 kuljettajaa<\/li>\n<li>Aika-ajoissa 5 sija mutta kisoissa ajoi todella hyvin ja ensimm\u00e4inen palkintopalli sijoitus<\/li>\n<\/ul>\n<p><em><strong>H\u00e4meen\u00a0harrastaja kiertue 13.7 (Sastamala)<\/strong><\/em><\/p>\n<ul>\n<li>Sijoitus 3s ja mukana 15 kuljettajaa<\/li>\n<li>Taas arvottiin l\u00e4ht\u00f6ruudut 3 eri l\u00e4ht\u00f6\u00f6n, joiden perusteella sai pisteit\u00e4<\/li>\n<li>T\u00e4\u00e4ll\u00e4kin viel\u00e4 v\u00e4h\u00e4n hakemista ajossa ja s\u00e4\u00e4d\u00f6iss\u00e4<\/li>\n<\/ul>\n<p><em><strong>Linser Cup 23.7 (Forssa)<\/strong><\/em><\/p>\n<ul>\n<li>Sijoitus 5s ja mukana 9 kuljettajaa<\/li>\n<li>Aika-ajojen 2 ja molemmissa alkueriss\u00e4 3 mutta finaalissa alkoi satamaan ja auto s\u00e4\u00e4d\u00f6t olivat todella huonot ja tiputtiin 5:lle sijalle.<\/li>\n<\/ul>\n<p><em><strong>Kerhokisat 4.8 (Forssa)<\/strong><\/em><\/p>\n<ul>\n<li>Sijoitus 1 ja mukana 5 kuljettajaa<\/li>\n<li>N\u00e4iss\u00e4 kisoissa ensimm\u00e4inen voitto. Toki tasokin oli heikompi<\/li>\n<\/ul>\n<p><em><strong>Lavinto Endu GP 20.8 (Hausj\u00e4rvi)<\/strong><\/em><\/p>\n<ul>\n<li>Sijoitus 3s ja mukana 9 kuljettajaa<\/li>\n<li>Aika-ajojen 3s, j\u00e4i 8 tuhannesosaa 2 paikasta.<\/li>\n<li>Finaalissa nousi 2 paikalle mutta toiseksi viimeisell\u00e4 kierroksella tuli kierroksella ohitettava ja valitsi v\u00e4\u00e4r\u00e4n ohitus puolen ja j\u00e4i pussiin jolloin menetti 2 paikan.<\/li>\n<\/ul>\n<p><em><strong>Kerhokisat 1.9 (Forssa)<\/strong><\/em><\/p>\n<ul>\n<li>Sijoitus 1 ja mukana 3 kuljettajaa<\/li>\n<li>Taso ei ollut kummoinen mutta hyv\u00e4 harjoitus kilpailu<\/li>\n<\/ul>\n<p><em><strong>Aluemestaruus kilpailu 3.9 (Forssa)<\/strong><\/em><\/p>\n<ul>\n<li>Sijoitus 3s ja mukana 6 kuljettajaa<\/li>\n<li>Aika-ajojen 3s jonka j\u00e4lkeen alkoi satamaan. 1 alkuer\u00e4ss\u00e4 ty\u00f6nnettiin ulos radalta ja j\u00e4i pohjasta kiinni. Toisessa alkuer\u00e4ss\u00e4 sai kuitenkin sen verran pisteit\u00e4 ett\u00e4 p\u00e4\u00e4si 4 l\u00e4ht\u00f6ruutuun finaalissa. Finaalissa nousi hyvin 3 sijalle vaikka taas oli suuria ongelmia pidon kanssa sateella. Taso oli jo A-luokkaa.<\/li>\n<li>3 sijalla lunastettiin paikka 2 viikon p\u00e4\u00e4st\u00e4 ajettavaan Mestareiden kilpailuun<\/li>\n<\/ul>\n<p><em><strong>Mestareiden kilpailu 17-18.9 (T\u00f6ys\u00e4), T\u00e4m\u00e4 oli meille ep\u00e4onnen kisa<\/strong><\/em> &#x1f641;<\/p>\n<ul>\n<li>Sijoitus 21 ja mukana 22 kuljettajaa (1 0 sakkiin oltais p\u00e4\u00e4sty normaali ajolla)<\/li>\n<li>Aika-ajojen 10 sija ihan ok ajolla. 3 viimeist\u00e4 kierrosta meni m\u00f6nk\u00e4\u00e4n kun tuli hitaampi eteen ja parhaat ajat j\u00e4i pois kun ei p\u00e4\u00e4ssyt kuumimmilla renkailla ajamaan kierrosta.<\/li>\n<li>Ensimm\u00e4inen alkuer\u00e4ss\u00e4 kolari jossa jalka sattui ja alkuer\u00e4 j\u00e4i siihen. Onneksi ei sattunut hirveen pahasti. Nilkka v\u00e4h\u00e4n turpos ja pieni haava.<\/li>\n<li>2 alkuer\u00e4 viimeiselt\u00e4 paikalta l\u00e4hdettiin eik\u00e4 ehditty laittamaan autoa kuntoon. T\u00e4ss\u00e4 er\u00e4ss\u00e4 neulansilm\u00e4ss\u00e4 kaveri iski eteen ja siit\u00e4 spinnaus 15 sijalta.<\/li>\n<li>Finaaliin viimeist\u00e4 ruudusta ja 3ssa mutkassa edess\u00e4 2 kuski spinnasi, jolloin Jesse joutui v\u00e4ist\u00e4m\u00e4\u00e4n ulkokurvin puolelle ja ajautui nurmikolle jossa v\u00e4ist\u00e4m\u00e4t\u00f6n spinnaus kovasta vauhdista.<\/li>\n<li>Rata oli hieno ja komea ilma muuten tuli vain kokemusta &#x1f642;<\/li>\n<\/ul>\n","protected":false},"excerpt":{"rendered":"<p>Lentolan\u00a0SM-kilpailu 18-19.6 (Kangasala) Ensimm\u00e4inen kilpailu Ensimm\u00e4isen\u00e4 p\u00e4iv\u00e4n\u00e4 21, mukana 25 kuljettajaa Toinen p\u00e4iv\u00e4 19, mukana 25 kuljettajaa H\u00e4meen harrastaja kiertue 22.6 (Forssa) Sijoitus 4s ja mukana 13 kuljettajaa Harrastaja kiertueella ei ajeta aika-ajoja vaan l\u00e4hd\u00f6t sekoitetaan 3:ssa eri l\u00e4hd\u00f6ss\u00e4 1 l\u00e4hd\u00f6n 4, 2 l\u00e4hd\u00f6n 4s ja viimeisen l\u00e4hd\u00f6n voittaja. Pisteiden mukaan oudosti 4s sija Lavinto [&hellip;]<\/p>\n","protected":false},"author":1,"featured_media":0,"parent":0,"menu_order":0,"comment_status":"closed","ping_status":"closed","template":"","meta":{"footnotes":""},"class_list":["post-362","page","type-page","status-publish","hentry","small-justify-block","no-thumb"],"_links":{"self":[{"href":"https:\/\/jesseracing.com\/index.php?rest_route=\/wp\/v2\/pages\/362","targetHints":{"allow":["GET"]}}],"collection":[{"href":"https:\/\/jesseracing.com\/index.php?rest_route=\/wp\/v2\/pages"}],"about":[{"href":"https:\/\/jesseracing.com\/index.php?rest_route=\/wp\/v2\/types\/page"}],"author":[{"embeddable":true,"href":"https:\/\/jesseracing.com\/index.php?rest_route=\/wp\/v2\/users\/1"}],"replies":[{"embeddable":true,"href":"https:\/\/jesseracing.com\/index.php?rest_route=%2Fwp%2Fv2%2Fcomments&post=362"}],"version-history":[{"count":12,"href":"https:\/\/jesseracing.com\/index.php?rest_route=\/wp\/v2\/pages\/362\/revisions"}],"predecessor-version":[{"id":611,"href":"https:\/\/jesseracing.com\/index.php?rest_route=\/wp\/v2\/pages\/362\/revisions\/611"}],"wp:attachment":[{"href":"https:\/\/jesseracing.com\/index.php?rest_route=%2Fwp%2Fv2%2Fmedia&parent=362"}],"curies":[{"name":"wp","href":"https:\/\/api.w.org\/{rel}","templated":true}]}}