{"id":360,"date":"2017-04-30T09:35:47","date_gmt":"2017-04-30T09:35:47","guid":{"rendered":"https:\/\/jesseracing.com\/?page_id=360"},"modified":"2017-10-16T13:26:20","modified_gmt":"2017-10-16T10:26:20","slug":"karting-auto","status":"publish","type":"page","link":"https:\/\/jesseracing.com\/?page_id=360","title":{"rendered":"Karting auto 2016 &#8211; 2017"},"content":{"rendered":"<p><img loading=\"lazy\" decoding=\"async\" class=\"alignnone size-full wp-image-479\" src=\"https:\/\/jesseracing.com\/wp-content\/uploads\/2017\/05\/kartingauto.jpg\" alt=\"\" width=\"800\" height=\"380\" srcset=\"https:\/\/jesseracing.com\/wp-content\/uploads\/2017\/05\/kartingauto.jpg 800w, https:\/\/jesseracing.com\/wp-content\/uploads\/2017\/05\/kartingauto-300x143.jpg 300w, https:\/\/jesseracing.com\/wp-content\/uploads\/2017\/05\/kartingauto-768x365.jpg 768w\" sizes=\"auto, (max-width: 800px) 100vw, 800px\" \/><\/p>\n<ul>\n<li><em>Runko: Birel<\/em><\/li>\n<li><em>Moottori: Raket 60<\/em><\/li>\n<li><em>Iskutilavuus: 61,4 m3<\/em><\/li>\n<li><em>Teho: n. 6hv<\/em><\/li>\n<li><em>Maksimi nopeus: n. 60 km\/h (kilpailu v\u00e4lityksill\u00e4)<\/em><\/li>\n<li><em>Kaasutin: Tillotson HS-205<\/em><\/li>\n<li><em>Polttoaine: 98E<\/em><\/li>\n<li><em>Max. kierrosluku: 9800 r\/min\/max (rajoitettu puolalla)<\/em><\/li>\n<li><em>Vetonaru k\u00e4ynnistys<\/em><\/li>\n<li><em>Keskipakokytkin: 100% lukkiutuminen 5000 r\/min<\/em><\/li>\n<li><em>Sytytystulppa: BPM7-Y<\/em><\/li>\n<li><em>Minimipaino kilpailuissa kuljettajan kanssa 85kg<\/em><\/li>\n<li><em>Renkaat: Vega<\/em><\/li>\n<li><em>Rungon pituus: 950mm (akselin v\u00e4li)<\/em><\/li>\n<li><em>Jarrut: Freeline levyjarrut (takana)<\/em><\/li>\n<\/ul>\n<p>Jessen uusi auto vuodelle 2018:<\/p>\n<p>IntrePid Cub2<\/p>\n<p>T\u00e4ss\u00e4 video sis\u00e4\u00e4najon j\u00e4lkeisest\u00e4 herkistely ajosta:\u00a0<a href=\"https:\/\/youtu.be\/G1cHOSYZsaI\" target=\"_blank\" rel=\"noopener\">Katso<\/a><\/p>\n","protected":false},"excerpt":{"rendered":"<p>Runko: Birel Moottori: Raket 60 Iskutilavuus: 61,4 m3 Teho: n. 6hv Maksimi nopeus: n. 60 km\/h (kilpailu v\u00e4lityksill\u00e4) Kaasutin: Tillotson HS-205 Polttoaine: 98E Max. kierrosluku: 9800 r\/min\/max (rajoitettu puolalla) Vetonaru k\u00e4ynnistys Keskipakokytkin: 100% lukkiutuminen 5000 r\/min Sytytystulppa: BPM7-Y Minimipaino kilpailuissa kuljettajan kanssa 85kg Renkaat: Vega Rungon pituus: 950mm (akselin v\u00e4li) Jarrut: Freeline levyjarrut (takana) Jessen [&hellip;]<\/p>\n","protected":false},"author":1,"featured_media":0,"parent":0,"menu_order":0,"comment_status":"closed","ping_status":"closed","template":"","meta":{"footnotes":""},"class_list":["post-360","page","type-page","status-publish","hentry","small-justify-block","no-thumb"],"_links":{"self":[{"href":"https:\/\/jesseracing.com\/index.php?rest_route=\/wp\/v2\/pages\/360","targetHints":{"allow":["GET"]}}],"collection":[{"href":"https:\/\/jesseracing.com\/index.php?rest_route=\/wp\/v2\/pages"}],"about":[{"href":"https:\/\/jesseracing.com\/index.php?rest_route=\/wp\/v2\/types\/page"}],"author":[{"embeddable":true,"href":"https:\/\/jesseracing.com\/index.php?rest_route=\/wp\/v2\/users\/1"}],"replies":[{"embeddable":true,"href":"https:\/\/jesseracing.com\/index.php?rest_route=%2Fwp%2Fv2%2Fcomments&post=360"}],"version-history":[{"count":7,"href":"https:\/\/jesseracing.com\/index.php?rest_route=\/wp\/v2\/pages\/360\/revisions"}],"predecessor-version":[{"id":1345,"href":"https:\/\/jesseracing.com\/index.php?rest_route=\/wp\/v2\/pages\/360\/revisions\/1345"}],"wp:attachment":[{"href":"https:\/\/jesseracing.com\/index.php?rest_route=%2Fwp%2Fv2%2Fmedia&parent=360"}],"curies":[{"name":"wp","href":"https:\/\/api.w.org\/{rel}","templated":true}]}}