{"id":2779,"date":"2020-01-03T09:34:34","date_gmt":"2020-01-03T06:34:34","guid":{"rendered":"https:\/\/jesseracing.com\/?page_id=2779"},"modified":"2020-09-07T10:24:18","modified_gmt":"2020-09-07T07:24:18","slug":"kilpailukalenteri-2020","status":"publish","type":"page","link":"https:\/\/jesseracing.com\/?page_id=2779","title":{"rendered":"Kilpailukalenteri 2020"},"content":{"rendered":"\n<div class=\"wp-block-image\"><figure class=\"aligncenter\"><img decoding=\"async\" src=\"https:\/\/jesseracing.com\/wp-content\/uploads\/2019\/04\/KARTING-SJM.jpeg\" alt=\"T\u00e4m\u00e4n kuvan alt-attribuutti on tyhj\u00e4; Tiedoston nimi on KARTING-SJM.jpeg\"\/><figcaption>Lis\u00e4tietoa: <a rel=\"noreferrer noopener\" href=\"http:\/\/www.kartingsm.fi\/\" target=\"_blank\">Karting SJM\ufeff<\/a><\/figcaption><\/figure><\/div>\n\n\n\n<div class=\"wp-block-image\"><figure class=\"aligncenter\"><img decoding=\"async\" src=\"https:\/\/jesseracing.com\/wp-content\/uploads\/2020\/05\/IAMESeriesFinland.jpg\" alt=\"T\u00e4m\u00e4n kuvan alt-attribuutti on tyhj\u00e4; Tiedoston nimi on KARTING-SJM.jpeg\"\/><figcaption>Lis\u00e4tietoa: <a rel=\"noreferrer noopener\" href=\"https:\/\/racekernel.com\/index.php?page=series&amp;data=iameseriesfinland2020\" target=\"_blank\">IAME Series Finland<\/a><\/figcaption><\/figure><\/div>\n\n\n\n<figure class=\"wp-block-image\"><img decoding=\"async\" src=\"https:\/\/jesseracing.com\/wp-content\/uploads\/2019\/04\/etelacup-1024x517.jpg\" alt=\"T\u00e4m\u00e4n kuvan alt-attribuutti on tyhj\u00e4; Tiedoston nimi on etelacup-1024x517.jpg\"\/><figcaption>Lis\u00e4tietoa: <a rel=\"noreferrer noopener\" href=\"https:\/\/www.facebook.com\/groups\/476857382848913\/?ref=bookmarks\" target=\"_blank\">Etel\u00e4Cup<\/a><\/figcaption><\/figure>\n\n\n\n<hr class=\"wp-block-separator\"\/>\n\n\n\n<h4 class=\"wp-block-heading\"><strong><em>KILPAILUKALENTERI<\/em><\/strong> &#8211; muutokset viel\u00e4 mahdollisia<\/h4>\n\n\n\n<figure class=\"wp-block-table\"><table><tbody><tr><td>IAME Series Finland<\/td><td>6-7.6.2020<\/td><td><a href=\"https:\/\/www.pirka.fi\/rata\/\" target=\"_blank\" rel=\"noreferrer noopener\" aria-label=\"Kangasala (avautuu uudessa v\u00e4lilehdess\u00e4)\">Kangasala<\/a><\/td><\/tr><tr><td>AKK Kansallinen<\/td><td>12-13.6.2020<\/td><td><a href=\"http:\/\/nei pori fkk\" target=\"_blank\" rel=\"noreferrer noopener\" aria-label=\"Pori (avautuu uudessa v\u00e4lilehdess\u00e4)\">Pori<\/a><\/td><\/tr><tr><td>Etel\u00e4 Cup 1\/6<\/td><td>17.6.2020<\/td><td><a href=\"http:\/\/www.vihua.fi\/rata.html\" target=\"_blank\" rel=\"noreferrer noopener\" aria-label=\"Vihti (avautuu uudessa v\u00e4lilehdess\u00e4)\">Vihti<\/a><\/td><\/tr><tr><td>IAME Series Finland<\/td><td>27-28.6.2020<\/td><td><a href=\"http:\/\/www.kouvolakarting.fi\/rata\/\" target=\"_blank\" rel=\"noreferrer noopener\" aria-label=\"Kouvola (avautuu uudessa v\u00e4lilehdess\u00e4)\">Kouvola<\/a><\/td><\/tr><tr><td>Etel\u00e4 Cup 2\/6<\/td><td>1.7.2020<\/td><td><a href=\"https:\/\/helsinginkartingrata.com\" target=\"_blank\" rel=\"noreferrer noopener\" aria-label=\"Tattarinsuo (avautuu uudessa v\u00e4lilehdess\u00e4)\">Tattarinsuo<\/a><\/td><\/tr><tr><td>IAME Series Finland<\/td><td>11-12.7.2020<\/td><td><a href=\"http:\/\/mikrorata.fi\/yhteystiedot\/\" target=\"_blank\" rel=\"noreferrer noopener\" aria-label=\"Ruuhim\u00e4ki (avautuu uudessa v\u00e4lilehdess\u00e4)\">Ruuhim\u00e4ki<\/a><\/td><\/tr><tr><td>Etel\u00e4 Cup 3\/6<\/td><td>15.7.2020<\/td><td><a href=\"https:\/\/hyua.fi\/karting-rata\/\" target=\"_blank\" rel=\"noreferrer noopener\" aria-label=\"Hyvink\u00e4\u00e4  (avautuu uudessa v\u00e4lilehdess\u00e4)\">Hyvink\u00e4\u00e4 <\/a><\/td><\/tr><tr><td>AKK Kansallinen<\/td><td>18-19.7.2020<\/td><td><a rel=\"noreferrer noopener\" href=\"http:\/\/mikrorata.fi\/yhteystiedot\/\" target=\"_blank\">Ruuhim\u00e4ki<\/a><\/td><\/tr><tr><td>Etel\u00e4 Cup 4\/6<\/td><td>29.7.2020<\/td><td><a rel=\"noreferrer noopener\" aria-label=\"Hyvink\u00e4\u00e4 (avautuu uudessa v\u00e4lilehdess\u00e4)\" href=\"https:\/\/hyua.fi\/karting-rata\/\" target=\"_blank\">Hyvink\u00e4\u00e4<\/a><\/td><\/tr><tr><td>IAME Series Finland<\/td><td>1-2.8.2020<\/td><td><a href=\"https:\/\/www.pesamaki.fi\/yhteystiedot.php\" target=\"_blank\" rel=\"noreferrer noopener\" aria-label=\"Honkajoki (avautuu uudessa v\u00e4lilehdess\u00e4)\">Honkajoki<\/a><\/td><\/tr><tr><td><strong>SjM Vantaa<\/strong><\/td><td><strong>8-9.8.2020<\/strong><\/td><td><strong><a href=\"http:\/\/www.vantaacircuit.fi\" target=\"_blank\" rel=\"noreferrer noopener\" aria-label=\"Vantaa (avautuu uudessa v\u00e4lilehdess\u00e4)\">Vantaa<\/a><\/strong><\/td><\/tr><tr><td>Etel\u00e4 Cup 5\/6<\/td><td>12.8.2020<\/td><td><a rel=\"noreferrer noopener\" aria-label=\"Tattarinsuo (avautuu uudessa v\u00e4lilehdess\u00e4)\" href=\"https:\/\/helsinginkartingrata.com\" target=\"_blank\">Tattarinsuo<\/a><\/td><\/tr><tr><td><strong>Aluemestaruus<\/strong><\/td><td><strong>30.8.2020<\/strong> \ud83d\ude41<\/td><td><strong><a href=\"https:\/\/www.pirka.fi\/rata\/\" target=\"_blank\" rel=\"noreferrer noopener\" aria-label=\"Kangasala (avautuu uudessa v\u00e4lilehdess\u00e4)\">Kangasala<\/a><\/strong><\/td><\/tr><tr><td>Etel\u00e4 Cup 6\/6<\/td><td>26.8.2020<\/td><td><a href=\"http:\/\/www.vihua.fi\/rata.html\" target=\"_blank\" rel=\"noreferrer noopener\" aria-label=\"Vihti  (avautuu uudessa v\u00e4lilehdess\u00e4)\">Vihti <\/a><\/td><\/tr><tr><td><strong>SjM Oulu<\/strong><\/td><td><strong>29-30.8.2020<\/strong><\/td><td><strong><a href=\"https:\/\/www.ouluzone.fi\/karting\" target=\"_blank\" rel=\"noreferrer noopener\" aria-label=\"Oulu (avautuu uudessa v\u00e4lilehdess\u00e4)\">Oulu<\/a><\/strong><\/td><\/tr><tr><td>IAME Series Finland<\/td><td>29-30.8.2020 \ud83d\ude41<\/td><td><a href=\"https:\/\/www.powerpark.fi\/huvitukset\/karting\/ulkokarting\" target=\"_blank\" rel=\"noreferrer noopener\" aria-label=\"Alah\u00e4rm\u00e4 (avautuu uudessa v\u00e4lilehdess\u00e4)\">Alah\u00e4rm\u00e4<\/a><\/td><\/tr><tr><td><strong>SJM<\/strong> <strong>Kouvola<\/strong><\/td><td><strong>5-6.9.2020<\/strong><\/td><td><a rel=\"noreferrer noopener\" href=\"http:\/\/www.kouvolakarting.fi\/rata\/\" target=\"_blank\"><strong>Kouvola<\/strong><\/a><\/td><\/tr><tr><td><strong>Mestareiden kisa<\/strong> <\/td><td><strong>20.9.2020<\/strong> \ud83d\ude41<\/td><td><strong><a rel=\"noreferrer noopener\" href=\"https:\/\/www.kokefkk.com\/rata\" target=\"_blank\">Kokem\u00e4ki<\/a><\/strong><\/td><\/tr><tr><td><strong>SjM Pori<\/strong><\/td><td><strong>26-27.9.2020<\/strong><\/td><td><a rel=\"noreferrer noopener\" href=\"http:\/\/nei pori fkk\" target=\"_blank\"><strong>Pori<\/strong><\/a><\/td><\/tr><\/tbody><\/table><\/figure>\n","protected":false},"excerpt":{"rendered":"<p>KILPAILUKALENTERI &#8211; muutokset viel\u00e4 mahdollisia IAME Series Finland 6-7.6.2020 Kangasala AKK Kansallinen 12-13.6.2020 Pori Etel\u00e4 Cup 1\/6 17.6.2020 Vihti IAME Series Finland 27-28.6.2020 Kouvola Etel\u00e4 Cup 2\/6 1.7.2020 Tattarinsuo IAME Series Finland 11-12.7.2020 Ruuhim\u00e4ki Etel\u00e4 Cup 3\/6 15.7.2020 Hyvink\u00e4\u00e4 AKK Kansallinen 18-19.7.2020 Ruuhim\u00e4ki Etel\u00e4 Cup 4\/6 29.7.2020 Hyvink\u00e4\u00e4 IAME Series Finland 1-2.8.2020 Honkajoki SjM Vantaa [&hellip;]<\/p>\n","protected":false},"author":1,"featured_media":0,"parent":0,"menu_order":0,"comment_status":"closed","ping_status":"closed","template":"","meta":{"footnotes":""},"class_list":["post-2779","page","type-page","status-publish","hentry","small-justify-block","no-thumb"],"_links":{"self":[{"href":"https:\/\/jesseracing.com\/index.php?rest_route=\/wp\/v2\/pages\/2779","targetHints":{"allow":["GET"]}}],"collection":[{"href":"https:\/\/jesseracing.com\/index.php?rest_route=\/wp\/v2\/pages"}],"about":[{"href":"https:\/\/jesseracing.com\/index.php?rest_route=\/wp\/v2\/types\/page"}],"author":[{"embeddable":true,"href":"https:\/\/jesseracing.com\/index.php?rest_route=\/wp\/v2\/users\/1"}],"replies":[{"embeddable":true,"href":"https:\/\/jesseracing.com\/index.php?rest_route=%2Fwp%2Fv2%2Fcomments&post=2779"}],"version-history":[{"count":43,"href":"https:\/\/jesseracing.com\/index.php?rest_route=\/wp\/v2\/pages\/2779\/revisions"}],"predecessor-version":[{"id":3619,"href":"https:\/\/jesseracing.com\/index.php?rest_route=\/wp\/v2\/pages\/2779\/revisions\/3619"}],"wp:attachment":[{"href":"https:\/\/jesseracing.com\/index.php?rest_route=%2Fwp%2Fv2%2Fmedia&parent=2779"}],"curies":[{"name":"wp","href":"https:\/\/api.w.org\/{rel}","templated":true}]}}