{"id":2777,"date":"2020-01-03T09:33:39","date_gmt":"2020-01-03T06:33:39","guid":{"rendered":"https:\/\/jesseracing.com\/?page_id=2777"},"modified":"2020-09-28T10:07:06","modified_gmt":"2020-09-28T07:07:06","slug":"kilpailusijoitukset-2020","status":"publish","type":"page","link":"https:\/\/jesseracing.com\/?page_id=2777","title":{"rendered":"Kilpailusijoitukset 2020"},"content":{"rendered":"\n<h4 class=\"wp-block-heading\"><strong>Kilpailusijoitukset 2020<\/strong><\/h4>\n\n\n\n<ol class=\"wp-block-list\"><li>IAME Series Finland &#8211; Kangasala 6.6.2020 &#8211; <strong>finaali 7\/23<\/strong> &#8211; aika-ajo 5\/23<\/li><li>IAME Series Finland &#8211; Kangasala 7.6.2020 &#8211; <strong>finaali 4\/23<\/strong> &#8211; aika-ajo 2\/23<\/li><li>AKK Kansallinen  &#8211; Pori 12.6.2020 &#8211; <strong>finaali 6\/26<\/strong> &#8211; aika-ajo 3\/26<\/li><li>AKK Kansallinen &#8211; Pori 13.6.2020 &#8211; <strong>finaali 15\/26<\/strong> &#8211; aika-ajo 12\/26 (3:lta sijalta ajettiin takarenkaaseen tokavikalla kierroksella)<\/li><li>Etel\u00e4Cup &#8211; Vihti 17.6.2020 &#8211; <strong>finaali 1\/16<\/strong> &#8211; aika-ajo 2\/16<\/li><li>IAME Series &#8211; Kouvola 27.6.2020 &#8211; <strong>finaali 1\/29<\/strong> &#8211; aika-ajo 1\/29<\/li><li>IAME Series &#8211; Kouvola 28.6.2020 &#8211; <strong>finaali 2\/29<\/strong> &#8211; aika-ajo 1\/29<\/li><li>Etel\u00e4Cup &#8211; Tattarinsuo 1.7.2020 &#8211; <strong>finaali 2\/19<\/strong> &#8211; aika-ajo 3\/19<\/li><li>IAME Series &#8211; Ruuhim\u00e4ki 11.7.2020 &#8211; <strong>finaali 7\/29<\/strong> &#8211; aika-ajo 3\/29<\/li><li>IAME Series &#8211; Ruuhim\u00e4ki 12.7.2020 &#8211; <strong>finaali 26\/29<\/strong> &#8211; aika-ajo 29\/29 (ei saatu auto k\u00e4yntiin)<\/li><li>Etel\u00e4Cup &#8211; Hyvink\u00e4\u00e4 15.7.2020 &#8211; <strong>finaali 1\/17<\/strong> &#8211; aika-ajo 1\/17<\/li><li>AKK Kansallinen &#8211; Ruuhim\u00e4ki 18.7.2020 &#8211; <strong>finaali 5\/20<\/strong> &#8211; aika-ajo 6\/20<\/li><li>AKK Kansallinen &#8211; Ruuhim\u00e4ki 19.7.2020 &#8211; <strong>finaali 6\/19<\/strong> &#8211; aika-ajo 6\/19<\/li><li>Etel\u00e4Cup &#8211; Hyvink\u00e4\u00e4 29.7.2020 &#8211; <strong>finaali 1\/17<\/strong> &#8211; aika-ajo 1\/17<\/li><li>IAME Series Honkajoki 1.8.2020 &#8211;<strong> finaali 2\/18<\/strong> &#8211; aika-ajo 2\/18<\/li><li>IAME Series Honkajoki 2.8.2020 &#8211; <strong>finaali 3\/18<\/strong> &#8211; aika-ajo 4\/18<\/li><li>SM-Karting Vantaa 8.8.2020 &#8211; <strong>finaali 2\/39<\/strong> &#8211; aika-ajo 1\/39<\/li><li>SM-Karting Vantaa 9.8.2020 &#8211; <strong>finaali 9\/39<\/strong> &#8211; aika-ajo 5\/39<\/li><li>Etel\u00e4Cup &#8211; Tattarinsuo 12.8.2020 &#8211; <strong>finaali 1\/17<\/strong> &#8211; aika-ajo 2\/17<\/li><li>Etel\u00e4Cup &#8211; Vihti 26.8.2020 &#8211; <strong>finaali 1\/14<\/strong> &#8211; aika-ajo 1\/14<\/li><li>SM-Karting Oulu 29.8.2020 &#8211; <strong>finaali 10\/30<\/strong> &#8211; aika-ajo 13\/30<\/li><li>SM-Karting Oulu 30.8.2020 &#8211; <strong>finaali 28\/29<\/strong> &#8211; aika-ajo 20\/29<\/li><li>SM-Karting Kouvola 5.9.2020 &#8211; <strong>finaali 34\/34<\/strong> &#8211; aika-ajo 11\/36<\/li><li>SM-Karting Kouvola 6.9.2020 &#8211; <strong>finaali 3\/34<\/strong> &#8211; aika-ajo 11\/36<\/li><li>SM-Karting Pori 26.9.2020 &#8211; <strong>finaali 8\/35<\/strong> &#8211; aika-ajo 9\/35<\/li><li>SM-Karting Pori 27.9.2020 &#8211; <strong>finaali 5\/34<\/strong> &#8211; aika-ajo 4\/34<\/li><\/ol>\n","protected":false},"excerpt":{"rendered":"<p>Kilpailusijoitukset 2020 IAME Series Finland &#8211; Kangasala 6.6.2020 &#8211; finaali 7\/23 &#8211; aika-ajo 5\/23 IAME Series Finland &#8211; Kangasala 7.6.2020 &#8211; finaali 4\/23 &#8211; aika-ajo 2\/23 AKK Kansallinen &#8211; Pori 12.6.2020 &#8211; finaali 6\/26 &#8211; aika-ajo 3\/26 AKK Kansallinen &#8211; Pori 13.6.2020 &#8211; finaali 15\/26 &#8211; aika-ajo 12\/26 (3:lta sijalta ajettiin takarenkaaseen tokavikalla kierroksella) Etel\u00e4Cup [&hellip;]<\/p>\n","protected":false},"author":1,"featured_media":0,"parent":0,"menu_order":0,"comment_status":"closed","ping_status":"closed","template":"","meta":{"footnotes":""},"class_list":["post-2777","page","type-page","status-publish","hentry","small-justify-block","no-thumb"],"_links":{"self":[{"href":"https:\/\/jesseracing.com\/index.php?rest_route=\/wp\/v2\/pages\/2777","targetHints":{"allow":["GET"]}}],"collection":[{"href":"https:\/\/jesseracing.com\/index.php?rest_route=\/wp\/v2\/pages"}],"about":[{"href":"https:\/\/jesseracing.com\/index.php?rest_route=\/wp\/v2\/types\/page"}],"author":[{"embeddable":true,"href":"https:\/\/jesseracing.com\/index.php?rest_route=\/wp\/v2\/users\/1"}],"replies":[{"embeddable":true,"href":"https:\/\/jesseracing.com\/index.php?rest_route=%2Fwp%2Fv2%2Fcomments&post=2777"}],"version-history":[{"count":24,"href":"https:\/\/jesseracing.com\/index.php?rest_route=\/wp\/v2\/pages\/2777\/revisions"}],"predecessor-version":[{"id":3644,"href":"https:\/\/jesseracing.com\/index.php?rest_route=\/wp\/v2\/pages\/2777\/revisions\/3644"}],"wp:attachment":[{"href":"https:\/\/jesseracing.com\/index.php?rest_route=%2Fwp%2Fv2%2Fmedia&parent=2777"}],"curies":[{"name":"wp","href":"https:\/\/api.w.org\/{rel}","templated":true}]}}