{"id":2763,"date":"2019-10-15T08:41:57","date_gmt":"2019-10-15T05:41:57","guid":{"rendered":"https:\/\/jesseracing.com\/?page_id=2763"},"modified":"2019-10-15T08:48:08","modified_gmt":"2019-10-15T05:48:08","slug":"kilpailusijoitukset-2019","status":"publish","type":"page","link":"https:\/\/jesseracing.com\/?page_id=2763","title":{"rendered":"Kilpailusijoitukset 2019"},"content":{"rendered":"\n<h4 class=\"wp-block-heading\">Kilpailusijoitukset 2019<\/h4>\n\n\n\n<ol class=\"wp-block-list\"><li>Porin Kev\u00e4tp\u00e4r\u00e4ys &#8211; Finaali 9\/14 \u2013 Aika-ajo 11\/14<\/li><li>Etel\u00e4Cup Vihti &#8211; Finaali 3\/10 \u2013 Aika-ajo 8\/10<\/li><li>Tuplakisa Monako \u2013 Finaali 1\/3 \u2013 Aika-ajo 1\/3<\/li><li>Karting SJM Vihti &#8211; Finaali 30\/41 (keskeytys sijalta 10) \u2013 Aika-ajo 22\/41<\/li><li>Etel\u00e4Cup Hyvink\u00e4\u00e4 \u2013 Finaali 2\/11 \u2013 Aika-ajo 2\/11<\/li><li>Karting SJM Lentola \u2013 Finaali 17\/34 \u2013 Aika-ajo 14\/34<\/li><li>Etel\u00e4Cup Vantaa \u2013 Finaali 3\/11 \u2013 Aika-ajo 5\/11<\/li><li>Karting SJM Vantaa \u2013 Finaali 6\/34 \u2013 Aika-ajo 5\/34<\/li><li>Karting SJM Jyv\u00e4skyl\u00e4 \u2013 Finaali 9\/31 \u2013 Aika-ajo 5\/31<\/li><li>Etel\u00e4Cup Vihti &#8211; Finaali 2\/10 \u2013 Aika-ajo 4\/10<\/li><li>Karting SJM Kouvola \u2013 Finaali 2\/26 \u2013 Aika-ajo 11\/26<\/li><li>Etel\u00e4Cup Hyvink\u00e4\u00e4 \u2013 Finaali 2\/8 &#8211; Aika-ajo 2\/8<\/li><li>Aluemestaruuskilpailu Lentola &#8211; Finaali 2\/3 &#8211; Aika-ajo 3\/3<\/li><li>Mestareiden kilpailu Hyvink\u00e4\u00e4 &#8211; Finaali 4\/20 &#8211; Aika-ajo 5\/20<\/li><li>Etel\u00e4Cup Vantaa &#8211; Finaali 2\/9 &#8211; Aika-ajo 1\/9<\/li><\/ol>\n\n\n\n<p>Katsaus menneeseen vuoteen.<\/p>\n\n\n\n<p>Osallistuimme vuonna 2019 SJM-sarjaan ja Etel\u00e4Cup sarjaan.<\/p>\n\n\n\n<p>Alkukausi meni v\u00e4h\u00e4n penkin alle kun auton s\u00e4\u00e4d\u00f6t olivat hieman hukassa. S\u00e4\u00e4t\u00f6jen l\u00f6ydytty\u00e4 vauhti parani selv\u00e4sti ja onnistumisia tuli l\u00e4hes joka kilpailussa vaikka sijoitukset ei aina ollutkaan sit\u00e4 mit\u00e4 haettiin. Tavoitteisiin kuitenkin p\u00e4\u00e4stiin kun oltiin Mini60 SJM sarjassa 10 sijalla kun kuljettajia oli 45. T\u00e4m\u00e4 oli minimi tavoite joka saavutettiin vaikka ensimm\u00e4isest\u00e4 4 kilpailusta pistesaldo oli 0-pistett\u00e4. SJM kruununa oli toiseksi viimeinen osakilpailu Kouvolassa, jossa Jesse p\u00e4\u00e4si tuulettamaan 2 pallilla. Se oli hieno hetki is\u00e4lle ja pojalle!<br>Etel\u00e4Cupin tarkoitus oli saada kilpailukokemusta ja sen puolelta kaikki meni aika hienosti. Jesse oli lopulta sarjassa selke\u00e4ll\u00e4 2 sijalla.<br>Kaiken kukkuraksi ajoimme muutaman Kartingliiton kilpailun, jonka ansiosta yll\u00e4tyksen\u00e4 meille tuli ett\u00e4 Jesse voitti Mini60 luokan Kartingliiton mestaruuden.<\/p>\n\n\n\n<ul class=\"wp-block-list\"><li><b><a href=\"https:\/\/speedhive.mylaps.com\/Championships\/79128\" target=\"_blank\" rel=\"noreferrer noopener\" aria-label=\"Mini60 SJM - Sarjataulukko (avautuu uudessa v\u00e4lilehdess\u00e4)\">Mini60 SJM &#8211; Sarjataulukko<\/a><\/b><\/li><li><strong><a rel=\"noreferrer noopener\" aria-label=\"Etel\u00e4Cup - Sarjataulukko (avautuu uudessa v\u00e4lilehdess\u00e4)\" href=\"https:\/\/speedhive.mylaps.com\/Championships\/78073\" target=\"_blank\">Etel\u00e4Cup &#8211; Sarjataulukko<\/a><\/strong><\/li><\/ul>\n\n\n\n<p>Jesse kiitt\u00e4\u00e4 yhteisty\u00f6kumppaneita vuodesta 2019!<\/p>\n\n\n\n<ul class=\"wp-block-list\"><li><strong>Biorex Cinemas Oy<\/strong><\/li><li><strong>ITeXpert Finland Oy<\/strong><\/li><li><strong>Janakkalan Putkity\u00f6 Oy<\/strong><\/li><li><strong>Mainostalo Penexon Oy<\/strong><\/li><li><strong>Kiiteist\u00f6 J\u00e4rviset Oy<\/strong><\/li><li><strong>DoorOne Suomi Oy<\/strong><\/li><li><strong>H\u00e4t\u00e4l\u00e4 Oy<\/strong><\/li><li><strong>Hattula Golf<\/strong><\/li><li><strong>TK Body Balance<\/strong><\/li><li><strong>Hotelli Sveitsi<\/strong><\/li><\/ul>\n","protected":false},"excerpt":{"rendered":"<p>Kilpailusijoitukset 2019 Porin Kev\u00e4tp\u00e4r\u00e4ys &#8211; Finaali 9\/14 \u2013 Aika-ajo 11\/14 Etel\u00e4Cup Vihti &#8211; Finaali 3\/10 \u2013 Aika-ajo 8\/10 Tuplakisa Monako \u2013 Finaali 1\/3 \u2013 Aika-ajo 1\/3 Karting SJM Vihti &#8211; Finaali 30\/41 (keskeytys sijalta 10) \u2013 Aika-ajo 22\/41 Etel\u00e4Cup Hyvink\u00e4\u00e4 \u2013 Finaali 2\/11 \u2013 Aika-ajo 2\/11 Karting SJM Lentola \u2013 Finaali 17\/34 \u2013 Aika-ajo 14\/34 [&hellip;]<\/p>\n","protected":false},"author":1,"featured_media":0,"parent":0,"menu_order":0,"comment_status":"closed","ping_status":"closed","template":"","meta":{"footnotes":""},"class_list":["post-2763","page","type-page","status-publish","hentry","small-justify-block","no-thumb"],"_links":{"self":[{"href":"https:\/\/jesseracing.com\/index.php?rest_route=\/wp\/v2\/pages\/2763","targetHints":{"allow":["GET"]}}],"collection":[{"href":"https:\/\/jesseracing.com\/index.php?rest_route=\/wp\/v2\/pages"}],"about":[{"href":"https:\/\/jesseracing.com\/index.php?rest_route=\/wp\/v2\/types\/page"}],"author":[{"embeddable":true,"href":"https:\/\/jesseracing.com\/index.php?rest_route=\/wp\/v2\/users\/1"}],"replies":[{"embeddable":true,"href":"https:\/\/jesseracing.com\/index.php?rest_route=%2Fwp%2Fv2%2Fcomments&post=2763"}],"version-history":[{"count":9,"href":"https:\/\/jesseracing.com\/index.php?rest_route=\/wp\/v2\/pages\/2763\/revisions"}],"predecessor-version":[{"id":2953,"href":"https:\/\/jesseracing.com\/index.php?rest_route=\/wp\/v2\/pages\/2763\/revisions\/2953"}],"wp:attachment":[{"href":"https:\/\/jesseracing.com\/index.php?rest_route=%2Fwp%2Fv2%2Fmedia&parent=2763"}],"curies":[{"name":"wp","href":"https:\/\/api.w.org\/{rel}","templated":true}]}}