{"id":1371,"date":"2017-08-18T09:39:52","date_gmt":"2017-08-18T06:39:52","guid":{"rendered":"https:\/\/jesseracing.com\/?page_id=1371"},"modified":"2017-09-25T10:25:05","modified_gmt":"2017-09-25T07:25:05","slug":"sijoitukset","status":"publish","type":"page","link":"https:\/\/jesseracing.com\/?page_id=1371","title":{"rendered":"Kilpailusijoitukset 2017"},"content":{"rendered":"<h4><strong>Kilpailusijoitukset 2017<\/strong><\/h4>\n<table border=\"0\" width=\"670\" cellspacing=\"4\" cellpadding=\"4\">\n<tbody>\n<tr>\n<td>\n<ol>\n<li><strong>Vihti Karting<\/strong><\/li>\n<li><strong>Vihti Karting SM<\/strong><\/li>\n<li><strong>Monako Tuplakisa<\/strong><\/li>\n<li><strong>Monako Tuplakisa SM<\/strong><\/li>\n<li><strong>Waskart<\/strong><\/li>\n<li><strong>Waskart SM<\/strong><\/li>\n<li><strong>Kiviniitty Cup 1\/4<\/strong><\/li>\n<li><strong>Kiviniitty Cup 2\/4<\/strong><\/li>\n<li><strong>Cadet Karnevaali<\/strong><\/li>\n<li><strong>Cadet Karnevaali<\/strong><\/li>\n<li><strong>Kiviniitty Cup 3\/4<\/strong><\/li>\n<li><strong>Monako SM<\/strong><\/li>\n<li><strong>J\u00e4ms\u00e4 Karting<\/strong><\/li>\n<li><strong>J\u00e4ms\u00e4 Karting SM<\/strong><\/li>\n<li><strong>Kiviniitty Cup 4\/4<\/strong><\/li>\n<li><strong>Aluemestaruus Forssa<\/strong><\/li>\n<li><strong>Mestareiden kisa Lentola<\/strong><\/li>\n<\/ol>\n<\/td>\n<td>\n<ul>\n<li>1 sija &#8220;mutta hylk\u00e4ys katsastuksessa&#8221; &#8211; (Aika-ajo 1)<\/li>\n<li>4 sija &#8211; (Aika-ajo 1)<\/li>\n<li>3 sija &#8211; (Aika-ajo 2)<\/li>\n<li>5 sija &#8211; (Aika-ajo 6)<\/li>\n<li>4 sija &#8211; (Aika-ajo 6)<\/li>\n<li>2 sija &#8211; (Aika-ajo 1)<\/li>\n<li>2 sija &#8211; (Aika-ajo 1)<\/li>\n<li>1 sija &#8211; (Aika-ajo 1)<\/li>\n<li>1 sija &#8211; (Aika-ajo 3)<\/li>\n<li>2 sija &#8211; (Aika-ajo 3)<\/li>\n<li>1 sija &#8211; (Aika-ajo 3)<\/li>\n<li>2 sija &#8211; (Aika-ajo 2)<\/li>\n<li>3 sija &#8211; (Aika-ajo 2)<\/li>\n<li>5 sija &#8211; (Aika-ajo 6)<\/li>\n<li>1 sija &#8211; (Aika-ajo 1) &#8211; Mini60 luokka<\/li>\n<li>1 sija &#8211; (Aika-ajo 1) &#8211; Mini60 luokka<\/li>\n<li>11 sija &#8211; (Aika-ajo 8) &#8211; Mini60 luokka<\/li>\n<\/ul>\n<\/td>\n<\/tr>\n<\/tbody>\n<\/table>\n","protected":false},"excerpt":{"rendered":"<p>Kilpailusijoitukset 2017 Vihti Karting Vihti Karting SM Monako Tuplakisa Monako Tuplakisa SM Waskart Waskart SM Kiviniitty Cup 1\/4 Kiviniitty Cup 2\/4 Cadet Karnevaali Cadet Karnevaali Kiviniitty Cup 3\/4 Monako SM J\u00e4ms\u00e4 Karting J\u00e4ms\u00e4 Karting SM Kiviniitty Cup 4\/4 Aluemestaruus Forssa Mestareiden kisa Lentola 1 sija &#8220;mutta hylk\u00e4ys katsastuksessa&#8221; &#8211; (Aika-ajo 1) 4 sija &#8211; (Aika-ajo [&hellip;]<\/p>\n","protected":false},"author":1,"featured_media":0,"parent":0,"menu_order":0,"comment_status":"closed","ping_status":"closed","template":"","meta":{"footnotes":""},"class_list":["post-1371","page","type-page","status-publish","hentry","small-justify-block","no-thumb"],"_links":{"self":[{"href":"https:\/\/jesseracing.com\/index.php?rest_route=\/wp\/v2\/pages\/1371","targetHints":{"allow":["GET"]}}],"collection":[{"href":"https:\/\/jesseracing.com\/index.php?rest_route=\/wp\/v2\/pages"}],"about":[{"href":"https:\/\/jesseracing.com\/index.php?rest_route=\/wp\/v2\/types\/page"}],"author":[{"embeddable":true,"href":"https:\/\/jesseracing.com\/index.php?rest_route=\/wp\/v2\/users\/1"}],"replies":[{"embeddable":true,"href":"https:\/\/jesseracing.com\/index.php?rest_route=%2Fwp%2Fv2%2Fcomments&post=1371"}],"version-history":[{"count":32,"href":"https:\/\/jesseracing.com\/index.php?rest_route=\/wp\/v2\/pages\/1371\/revisions"}],"predecessor-version":[{"id":1466,"href":"https:\/\/jesseracing.com\/index.php?rest_route=\/wp\/v2\/pages\/1371\/revisions\/1466"}],"wp:attachment":[{"href":"https:\/\/jesseracing.com\/index.php?rest_route=%2Fwp%2Fv2%2Fmedia&parent=1371"}],"curies":[{"name":"wp","href":"https:\/\/api.w.org\/{rel}","templated":true}]}}