{"id":1333,"date":"2017-08-10T13:19:52","date_gmt":"2017-08-10T10:19:52","guid":{"rendered":"https:\/\/jesseracing.com\/?page_id=1333"},"modified":"2018-06-26T07:03:15","modified_gmt":"2018-06-26T04:03:15","slug":"kisakalenteri-2018","status":"publish","type":"page","link":"https:\/\/jesseracing.com\/?page_id=1333","title":{"rendered":"Kisakalenteri 2018"},"content":{"rendered":"<div class=\"page\" title=\"Page 1\">\n<h4><strong>IAME Series Finland<\/strong><\/h4>\n<p>Ensisijainen kilpailu ja luokkana Mini. Kilpailuja viikonloppuja on 7 ja pyrimme osallistumaan mahdollisimman moneen kilpailuviikonloppuun. Lis\u00e4tietoa IAME Series Finlandista:<\/p>\n<ul>\n<li>www-sivut:<strong> <a href=\"http:\/\/www.x30.fi\" target=\"_blank\" rel=\"noopener\">http:\/\/www.x30.fi<\/a><\/strong><\/li>\n<li>Sarjan luoma esite: <a href=\"https:\/\/jesseracing.com\/wp-content\/uploads\/2018\/03\/2017_sarjaesite.pdf\" target=\"_blank\" rel=\"noopener\"><strong>katso<\/strong><\/a><\/li>\n<li>Kilpailut voi katsoa live streamin kautta netist\u00e4 (<strong><a href=\"https:\/\/livestream.com\/xpromotions\" target=\"_blank\" rel=\"noopener\">linkki<\/a><\/strong>) tai AlfaTVst\u00e4 (ensiesityksell\u00e4 oli ollut 137 000 katsojaa).<\/li>\n<\/ul>\n<h4>Sarjataulukko:<\/h4>\n<p><a href=\"http:\/\/www.x30.fi\/index.php?page=7&amp;lang=fi\" target=\"_blank\" rel=\"noopener\">http:\/\/www.x30.fi\/index.php?page=7&amp;lang=fi<\/a><\/p>\n<h4><strong>Kartingliiton mestaruuskilpailut<\/strong><\/h4>\n<p>Kartingliiton mestaruuskilpailuissa k\u00e4yd\u00e4\u00e4n sen mukaan mihin p\u00e4\u00e4st\u00e4\u00e4n harjoittelemaan. Todenn\u00e4k\u00f6isesti kilpailut\u00a0Vihti, J\u00e4ms\u00e4 ja Monako. Luokkana Mini60 Junior.<\/p>\n<p>Lis\u00e4tietoa:\u00a0<em><a href=\"http:\/\/www.kartingliitto.com\/index.php?page=4&amp;lang=fi\" target=\"_blank\" rel=\"noopener\">www.kartingliitto.com<\/a><\/em><\/p>\n<\/div>\n<div class=\"page\" title=\"Page 1\">\n<h4><strong>Muita Kilpailuja<\/strong><\/h4>\n<p>Lis\u00e4ksi kes\u00e4n mittaa k\u00e4yd\u00e4\u00e4n joissain pienemmiss\u00e4 kisoissa aikataulun hyvin osuessa kohdalleen. Esim. <strong><a href=\"http:\/\/www.keimolafk.com\/keimola_cup.html\" target=\"_blank\" rel=\"noopener\">Keimola Cup\u00a0<\/a><\/strong><\/p>\n<p>Kokonaisuutena t\u00e4m\u00e4 kausi tulee olemaan opettavainen ja hyv\u00e4 harjoittelukausi uudessa luokassa.<\/p>\n<h4>Kisakalenteri 2018<\/h4>\n<table>\n<tbody>\n<tr class=\"alignnone\">\n<td><strong>SARJA<\/strong><\/td>\n<td><strong>J\u00e4rjest\u00e4j\u00e4<\/strong><\/td>\n<td><strong>Luokka<\/strong><\/td>\n<td><strong>Paikkakunta<\/strong><\/td>\n<td><strong>Maa<\/strong><\/td>\n<td><strong>Alkaa<\/strong><\/td>\n<td><strong>Loppuu<\/strong><\/td>\n<\/tr>\n<tr class=\"alignnone\">\n<td><a href=\"http:\/\/www.x30.fi\" target=\"_blank\" rel=\"noopener\"><img loading=\"lazy\" decoding=\"async\" class=\"alignnone\" src=\"https:\/\/jesseracing.com\/wp-content\/uploads\/2018\/03\/iameseries.jpg\" alt=\"\" width=\"100\" height=\"22\" \/><\/a><\/td>\n<td>Radalle UA<\/td>\n<td>National<\/td>\n<td><a href=\"http:\/\/www.lahdenfk.fi\/fi\/etusivu\" target=\"_blank\" rel=\"noopener\"><em>Lahti<\/em><\/a><\/td>\n<td>Finland<\/td>\n<td>5.5.2018<\/td>\n<td>6.5.2018<\/td>\n<\/tr>\n<tr>\n<td><a href=\"http:\/\/www.x30.fi\" target=\"_blank\" rel=\"noopener\"><img loading=\"lazy\" decoding=\"async\" class=\"alignnone\" src=\"https:\/\/jesseracing.com\/wp-content\/uploads\/2018\/03\/iameseries.jpg\" alt=\"\" width=\"100\" height=\"22\" \/><\/a><\/td>\n<td>Radalle UA<\/td>\n<td>National<\/td>\n<td><em><a href=\"http:\/\/www.kouvolakarting.fi\/\" target=\"_blank\" rel=\"noopener\">Kouvola<\/a><\/em><\/td>\n<td>Finland<\/td>\n<td>19.5.2018<\/td>\n<td>20.5.2018<\/td>\n<\/tr>\n<tr>\n<td><a href=\"http:\/\/www.x30.fi\" target=\"_blank\" rel=\"noopener\"><img loading=\"lazy\" decoding=\"async\" class=\"alignnone\" src=\"https:\/\/jesseracing.com\/wp-content\/uploads\/2018\/05\/AKK_logo.jpg\" alt=\"\" width=\"100\" height=\"22\" \/><\/a><\/td>\n<td>Kartingliitto<\/td>\n<td>KL Mestaruus<\/td>\n<td><em><a href=\"http:\/\/www.vihua.fi\" target=\"_blank\" rel=\"noopener\">Vihti<\/a><\/em><\/td>\n<td>Finland<\/td>\n<td>26.5.2018<\/td>\n<td>27.5.2018<\/td>\n<\/tr>\n<tr>\n<td><a href=\"http:\/\/www.x30.fi\" target=\"_blank\" rel=\"noopener\"><img loading=\"lazy\" decoding=\"async\" class=\"alignnone\" src=\"https:\/\/jesseracing.com\/wp-content\/uploads\/2018\/03\/iameseries.jpg\" alt=\"\" width=\"100\" height=\"22\" \/><\/a><\/td>\n<td>Radalle UA<\/td>\n<td>National<\/td>\n<td><a href=\"https:\/\/www.joeua.fi\/lajit\/karting\/\" target=\"_blank\" rel=\"noopener\"><em>Joensuu<\/em><\/a><\/td>\n<td>Finland<\/td>\n<td>9.6.2018<\/td>\n<td>10.6.2018<\/td>\n<\/tr>\n<tr>\n<td><a href=\"http:\/\/www.x30.fi\" target=\"_blank\" rel=\"noopener\"><img loading=\"lazy\" decoding=\"async\" class=\"alignnone\" src=\"https:\/\/jesseracing.com\/wp-content\/uploads\/2018\/03\/iameseries.jpg\" alt=\"\" width=\"100\" height=\"22\" \/><\/a><\/td>\n<td><del>Radalle UA<\/del><\/td>\n<td><del>National<\/del><\/td>\n<td><del><a href=\"http:\/\/www.karting-finland.com\/content\/fi\/40002\/31\/31.html\" target=\"_blank\" rel=\"noopener\"><em>Lievestuore<\/em><\/a><\/del><\/td>\n<td><del>Finland<\/del><\/td>\n<td><del>14.7.2018<\/del><\/td>\n<td><del>15.7.2018<\/del><\/td>\n<\/tr>\n<tr>\n<td><a href=\"http:\/\/www.kartingsm.fi\" target=\"_blank\" rel=\"noopener\"><img loading=\"lazy\" decoding=\"async\" class=\"alignnone\" src=\"https:\/\/jesseracing.com\/wp-content\/uploads\/2018\/05\/AKK_logo.jpg\" alt=\"\" width=\"100\" height=\"20\" \/><\/a><\/td>\n<td>Kartingliitto<\/td>\n<td>KL Mestaruus<\/td>\n<td><a href=\"https:\/\/www.aukjamsanaijat.fi\/\" target=\"_blank\" rel=\"noopener\"><em>J\u00e4ms\u00e4<\/em><\/a><\/td>\n<td>Finland<\/td>\n<td>21.7.2018<\/td>\n<td>21.7.2018<\/td>\n<\/tr>\n<tr>\n<td><a href=\"http:\/\/www.x30.fi\" target=\"_blank\" rel=\"noopener\"><img loading=\"lazy\" decoding=\"async\" class=\"alignnone\" src=\"https:\/\/jesseracing.com\/wp-content\/uploads\/2018\/03\/iameseries.jpg\" alt=\"\" width=\"100\" height=\"22\" \/><\/a><\/td>\n<td>Radalle UA<\/td>\n<td>National<\/td>\n<td><a href=\"http:\/\/www.swkfinry.com\/\" target=\"_blank\" rel=\"noopener\"><em>Paimio<\/em><\/a><\/td>\n<td>Finland<\/td>\n<td>4.8.2018<\/td>\n<td>5.8.2018<\/td>\n<\/tr>\n<tr>\n<td><a href=\"http:\/\/www.kartingsm.fi\" target=\"_blank\" rel=\"noopener\"><img loading=\"lazy\" decoding=\"async\" class=\"alignnone\" src=\"https:\/\/jesseracing.com\/wp-content\/uploads\/2018\/05\/AKK_logo.jpg\" alt=\"\" width=\"100\" height=\"20\" \/><\/a><\/td>\n<td>Monako FK<\/td>\n<td>KL Mestaruus<\/td>\n<td><a href=\"http:\/\/www.monako.fi\/\" target=\"_blank\" rel=\"noopener\"><em>Vammala<\/em><\/a><\/td>\n<td>Finland<\/td>\n<td>12.8.2018<\/td>\n<td>12.8.2018<\/td>\n<\/tr>\n<tr>\n<td><a href=\"http:\/\/www.x30.fi\" target=\"_blank\" rel=\"noopener\"><img loading=\"lazy\" decoding=\"async\" class=\"alignnone\" src=\"https:\/\/jesseracing.com\/wp-content\/uploads\/2018\/03\/iameseries.jpg\" alt=\"\" width=\"100\" height=\"22\" \/><\/a><\/td>\n<td>Radalle UA<\/td>\n<td>National<\/td>\n<td><a href=\"https:\/\/www.pesamaki.fi\/esittely.php\" target=\"_blank\" rel=\"noopener\"><em>Honkajoki<\/em><\/a><\/td>\n<td>Finland<\/td>\n<td>17.8.2018<\/td>\n<td>19.8.2018<\/td>\n<\/tr>\n<tr>\n<td><a href=\"http:\/\/www.x30.fi\" target=\"_blank\" rel=\"noopener\"><img loading=\"lazy\" decoding=\"async\" class=\"alignnone\" src=\"https:\/\/jesseracing.com\/wp-content\/uploads\/2018\/03\/iameseries.jpg\" alt=\"\" width=\"100\" height=\"22\" \/><\/a><\/td>\n<td>Radalle UA<\/td>\n<td>National<\/td>\n<td><a href=\"http:\/\/www.powerpark.fi\/huvitukset\/karting\/ulkokarting\" target=\"_blank\" rel=\"noopener\"><em>Alah\u00e4rm\u00e4<\/em><\/a><\/td>\n<td>Finland<\/td>\n<td>25.8.2018<\/td>\n<td>26.8.2018<\/td>\n<\/tr>\n<tr>\n<td>Aluemestaruus<\/td>\n<td>???<\/td>\n<td>AlueM<\/td>\n<td>???<\/td>\n<td>Finland<\/td>\n<td>8.9.2018<\/td>\n<td>9.9.2018<\/td>\n<\/tr>\n<\/tbody>\n<\/table>\n<\/div>\n","protected":false},"excerpt":{"rendered":"<p>IAME Series Finland Ensisijainen kilpailu ja luokkana Mini. Kilpailuja viikonloppuja on 7 ja pyrimme osallistumaan mahdollisimman moneen kilpailuviikonloppuun. Lis\u00e4tietoa IAME Series Finlandista: www-sivut: http:\/\/www.x30.fi Sarjan luoma esite: katso Kilpailut voi katsoa live streamin kautta netist\u00e4 (linkki) tai AlfaTVst\u00e4 (ensiesityksell\u00e4 oli ollut 137 000 katsojaa). Sarjataulukko: http:\/\/www.x30.fi\/index.php?page=7&amp;lang=fi Kartingliiton mestaruuskilpailut Kartingliiton mestaruuskilpailuissa k\u00e4yd\u00e4\u00e4n sen mukaan mihin p\u00e4\u00e4st\u00e4\u00e4n [&hellip;]<\/p>\n","protected":false},"author":1,"featured_media":0,"parent":0,"menu_order":0,"comment_status":"closed","ping_status":"closed","template":"","meta":{"footnotes":""},"class_list":["post-1333","page","type-page","status-publish","hentry","small-justify-block","no-thumb"],"_links":{"self":[{"href":"https:\/\/jesseracing.com\/index.php?rest_route=\/wp\/v2\/pages\/1333","targetHints":{"allow":["GET"]}}],"collection":[{"href":"https:\/\/jesseracing.com\/index.php?rest_route=\/wp\/v2\/pages"}],"about":[{"href":"https:\/\/jesseracing.com\/index.php?rest_route=\/wp\/v2\/types\/page"}],"author":[{"embeddable":true,"href":"https:\/\/jesseracing.com\/index.php?rest_route=\/wp\/v2\/users\/1"}],"replies":[{"embeddable":true,"href":"https:\/\/jesseracing.com\/index.php?rest_route=%2Fwp%2Fv2%2Fcomments&post=1333"}],"version-history":[{"count":70,"href":"https:\/\/jesseracing.com\/index.php?rest_route=\/wp\/v2\/pages\/1333\/revisions"}],"predecessor-version":[{"id":1814,"href":"https:\/\/jesseracing.com\/index.php?rest_route=\/wp\/v2\/pages\/1333\/revisions\/1814"}],"wp:attachment":[{"href":"https:\/\/jesseracing.com\/index.php?rest_route=%2Fwp%2Fv2%2Fmedia&parent=1333"}],"curies":[{"name":"wp","href":"https:\/\/api.w.org\/{rel}","templated":true}]}}