{"id":1328,"date":"2017-08-10T11:25:01","date_gmt":"2017-08-10T08:25:01","guid":{"rendered":"https:\/\/jesseracing.com\/?page_id=1328"},"modified":"2021-01-20T15:16:18","modified_gmt":"2021-01-20T12:16:18","slug":"karting-auto-2018","status":"publish","type":"page","link":"https:\/\/jesseracing.com\/?page_id=1328","title":{"rendered":"Karting auto 2020"},"content":{"rendered":"<p><img loading=\"lazy\" decoding=\"async\" class=\"alignnone size-full wp-image-2867\" src=\"https:\/\/jesseracing.com\/wp-content\/uploads\/2020\/05\/EnergyStorm_01.jpg\" alt=\"\" width=\"800\" height=\"389\" srcset=\"https:\/\/jesseracing.com\/wp-content\/uploads\/2020\/05\/EnergyStorm_01.jpg 800w, https:\/\/jesseracing.com\/wp-content\/uploads\/2020\/05\/EnergyStorm_01-300x146.jpg 300w, https:\/\/jesseracing.com\/wp-content\/uploads\/2020\/05\/EnergyStorm_01-768x373.jpg 768w\" sizes=\"auto, (max-width: 800px) 100vw, 800px\" \/><\/p>\n<ul>\n<li><em><strong>Runko:<\/strong> Energy Storm vm. 2020<\/em><\/li>\n<li><em><strong>Moottori:<\/strong> TM \/ TM2<\/em><\/li>\n<li><em><strong>Iskutilavuus:<\/strong> 60cc<\/em><\/li>\n<li><em><strong>Teho:<\/strong> n. 10hv<\/em><\/li>\n<li><em><strong>Maksimi nopeus:<\/strong> 70-100km\/h (riippuen radasta ja siihen sopivista v\u00e4lityksist\u00e4)<\/em><\/li>\n<li><em><strong>Kaasutin:<\/strong> Dellorto PHPG 18 BS<\/em><\/li>\n<li><em><strong>Polttoaine<\/strong>: 98E<\/em><\/li>\n<li><em><strong>Max. kierrosluku<\/strong>: n.14000 r\/min<\/em><\/li>\n<li><i><strong>K\u00e4ynnistys:<\/strong> S\u00e4hk\u00f6startti<\/i><\/li>\n<li><em><strong>Kytkin:<\/strong> Yksityyppikytkin<\/em><\/li>\n<li><em><strong>Sytytystulppa:<\/strong> NGK BR10EG tai NGK BR10EIX (Iridium tulppa) tmv.<\/em><\/li>\n<li><em><strong>Paino:<\/strong> Minimipaino kilpailuissa kuljettajan kanssa 112kg<\/em><\/li>\n<li><em><strong>Renkaat:<\/strong> Vega M1 (sliksit) \/ Vega WM1 (sadekeli)&nbsp;<\/em><\/li>\n<li><em><strong>Rungon pituus:<\/strong> 950mm (akselin v\u00e4li)<\/em><\/li>\n<li><em><strong>Jarrut:<\/strong> Energy (takana)<\/em><\/li>\n<li><em><strong>Mittaristo:<\/strong> Mychron 5 (N\u00e4ytt\u00e4\u00e4 moottorin max\/min kierrosluvut, kierros ajan, moottorin max\/min pakol\u00e4mp\u00f6tilan, Ajonopeuden)<\/em><\/li>\n<li><strong>Kamera:<\/strong> GoPro 8<\/li>\n<\/ul>\n<p><img loading=\"lazy\" decoding=\"async\" class=\"alignnone size-full wp-image-2866\" src=\"https:\/\/jesseracing.com\/wp-content\/uploads\/2020\/05\/EnergyStorm_02.jpg\" alt=\"\" width=\"800\" height=\"412\" srcset=\"https:\/\/jesseracing.com\/wp-content\/uploads\/2020\/05\/EnergyStorm_02.jpg 800w, https:\/\/jesseracing.com\/wp-content\/uploads\/2020\/05\/EnergyStorm_02-300x155.jpg 300w, https:\/\/jesseracing.com\/wp-content\/uploads\/2020\/05\/EnergyStorm_02-768x396.jpg 768w\" sizes=\"auto, (max-width: 800px) 100vw, 800px\" \/><\/p>\n","protected":false},"excerpt":{"rendered":"<p>Runko: Energy Storm vm. 2020 Moottori: TM \/ TM2 Iskutilavuus: 60cc Teho: n. 10hv Maksimi nopeus: 70-100km\/h (riippuen radasta ja siihen sopivista v\u00e4lityksist\u00e4) Kaasutin: Dellorto PHPG 18 BS Polttoaine: 98E Max. kierrosluku: n.14000 r\/min K\u00e4ynnistys: S\u00e4hk\u00f6startti Kytkin: Yksityyppikytkin Sytytystulppa: NGK BR10EG tai NGK BR10EIX (Iridium tulppa) tmv. Paino: Minimipaino kilpailuissa kuljettajan kanssa 112kg Renkaat: Vega [&hellip;]<\/p>\n","protected":false},"author":1,"featured_media":0,"parent":0,"menu_order":0,"comment_status":"closed","ping_status":"closed","template":"","meta":{"footnotes":""},"class_list":["post-1328","page","type-page","status-publish","hentry","small-justify-block","no-thumb"],"_links":{"self":[{"href":"https:\/\/jesseracing.com\/index.php?rest_route=\/wp\/v2\/pages\/1328","targetHints":{"allow":["GET"]}}],"collection":[{"href":"https:\/\/jesseracing.com\/index.php?rest_route=\/wp\/v2\/pages"}],"about":[{"href":"https:\/\/jesseracing.com\/index.php?rest_route=\/wp\/v2\/types\/page"}],"author":[{"embeddable":true,"href":"https:\/\/jesseracing.com\/index.php?rest_route=\/wp\/v2\/users\/1"}],"replies":[{"embeddable":true,"href":"https:\/\/jesseracing.com\/index.php?rest_route=%2Fwp%2Fv2%2Fcomments&post=1328"}],"version-history":[{"count":19,"href":"https:\/\/jesseracing.com\/index.php?rest_route=\/wp\/v2\/pages\/1328\/revisions"}],"predecessor-version":[{"id":3748,"href":"https:\/\/jesseracing.com\/index.php?rest_route=\/wp\/v2\/pages\/1328\/revisions\/3748"}],"wp:attachment":[{"href":"https:\/\/jesseracing.com\/index.php?rest_route=%2Fwp%2Fv2%2Fmedia&parent=1328"}],"curies":[{"name":"wp","href":"https:\/\/api.w.org\/{rel}","templated":true}]}}